{"id":15573,"date":"2025-09-16T13:24:58","date_gmt":"2025-09-16T11:24:58","guid":{"rendered":"https:\/\/boreait.com\/de\/?post_type=product&#038;p=15573"},"modified":"2025-09-16T13:26:31","modified_gmt":"2025-09-16T11:26:31","slug":"14-lcd-bildschirm-lenovo-t14-gen-1-p14s-t14s-matt-fhd-ips-edp-30pin-neu","status":"publish","type":"product","link":"https:\/\/boreait.com\/de\/produkt\/14-lcd-bildschirm-lenovo-t14-gen-1-p14s-t14s-matt-fhd-ips-edp-30pin-neu\/","title":{"rendered":"14&#8243; LCD-Bildschirm Lenovo T14 Gen 1 P14s T14s Matt FHD IPS eDP 30pin Neu"},"content":{"rendered":"<p><strong>Aktuelles LCD-Bildschirmmodell: MB140SC01-4 VER 1.3 oder N140HCA-EAC REV. C4 \u2013 VOLLST\u00c4NDIG KOMPATIBEL MIT LAPTOP-BILDSCHIRMEN F\u00dcR Lenovo ThinkPad T14 Gen 1 P14s Gen 1 T14s<\/strong><\/p>\n<p>Erweitern Sie Ihr Lenovo ThinkPad T14 Gen 1, P14s Gen 1 oder T14s mit diesem hochwertigen 14-Zoll-LCD-Bildschirm, der f\u00fcr au\u00dfergew\u00f6hnliche Klarheit und Leistung sorgt. Mit Full HD (1920 x 1080) liefert dieser Bildschirm scharfe, lebendige Bilder und macht Ihre t\u00e4glichen Aufgaben und Multimedia-Erlebnisse noch angenehmer. Die IPS-Technologie sorgt f\u00fcr eine konsistente Farbwiedergabe und gro\u00dfe Betrachtungswinkel, w\u00e4hrend die matte Oberfl\u00e4che Blendeffekte minimiert und so eine komfortable Nutzung in unterschiedlichen Lichtverh\u00e4ltnissen erm\u00f6glicht.<\/p>\n<p>Der Bildschirm wird \u00fcber eine eDP-30-Pin-Schnittstelle angeschlossen und gew\u00e4hrleistet so eine sichere und zuverl\u00e4ssige Verbindung mit Ihrem Ger\u00e4t. Doppelseitige Klebestreifen sind im Lieferumfang enthalten und erm\u00f6glichen eine einfache Installation, sodass Sie Ihren aktuellen Bildschirm ganz einfach und ohne zus\u00e4tzliches Werkzeug oder Zubeh\u00f6r austauschen k\u00f6nnen.<\/p>\n<p>Dieser LCD-Bildschirm ist neuwertig und wird ohne Ober- und Unterseite geliefert. Halterungen. Es ist die perfekte L\u00f6sung f\u00fcr alle, die das Display ihres Laptops restaurieren oder aufr\u00fcsten m\u00f6chten, und bietet sowohl Qualit\u00e4t als auch Haltbarkeit.<\/p>\n","protected":false},"excerpt":{"rendered":"<p>R\u00fcsten Sie Ihr Lenovo ThinkPad T14 Gen 1, P14s Gen 1 oder T14s mit einem matten 14-Zoll-LCD-Bildschirm auf. Mit FHD-IPS-Anzeigequalit\u00e4t, eDP-30-Pin-Anschluss und mitgelieferten doppelseitigen Klebestreifen f\u00fcr eine einfache Installation. Zustand: Neu.<\/p>\n","protected":false},"featured_media":15592,"template":"","meta":[],"product_brand":[],"product_cat":[98,95],"product_tag":[62],"class_list":{"0":"post-15573","1":"product","2":"type-product","3":"status-publish","4":"has-post-thumbnail","6":"product_cat-14-new-laptop-screens-lcd-panels","7":"product_cat-new-laptop-screens-lcd-panels","8":"product_tag-lenovo","10":"first","11":"instock","12":"taxable","13":"shipping-taxable","14":"purchasable","15":"product-type-simple"},"_links":{"self":[{"href":"https:\/\/boreait.com\/de\/wp-json\/wp\/v2\/product\/15573","targetHints":{"allow":["GET"]}}],"collection":[{"href":"https:\/\/boreait.com\/de\/wp-json\/wp\/v2\/product"}],"about":[{"href":"https:\/\/boreait.com\/de\/wp-json\/wp\/v2\/types\/product"}],"wp:featuredmedia":[{"embeddable":true,"href":"https:\/\/boreait.com\/de\/wp-json\/wp\/v2\/media\/15592"}],"wp:attachment":[{"href":"https:\/\/boreait.com\/de\/wp-json\/wp\/v2\/media?parent=15573"}],"wp:term":[{"taxonomy":"product_brand","embeddable":true,"href":"https:\/\/boreait.com\/de\/wp-json\/wp\/v2\/product_brand?post=15573"},{"taxonomy":"product_cat","embeddable":true,"href":"https:\/\/boreait.com\/de\/wp-json\/wp\/v2\/product_cat?post=15573"},{"taxonomy":"product_tag","embeddable":true,"href":"https:\/\/boreait.com\/de\/wp-json\/wp\/v2\/product_tag?post=15573"}],"curies":[{"name":"wp","href":"https:\/\/api.w.org\/{rel}","templated":true}]}}