{"id":15570,"date":"2025-09-16T13:24:57","date_gmt":"2025-09-16T11:24:57","guid":{"rendered":"https:\/\/boreait.com\/de\/?post_type=product&#038;p=15570"},"modified":"2025-09-16T13:26:28","modified_gmt":"2025-09-16T11:26:28","slug":"n140hca-eba-nv140fhm-n62-n61-14-fhd-ips-lcd-matt-edp-30pin-neu-mit-kleber","status":"publish","type":"product","link":"https:\/\/boreait.com\/de\/produkt\/n140hca-eba-nv140fhm-n62-n61-14-fhd-ips-lcd-matt-edp-30pin-neu-mit-kleber\/","title":{"rendered":"N140HCA-EBA NV140FHM-N62\/N61 14&#8243; FHD IPS LCD Matt eDP 30pin Neu mit Kleber"},"content":{"rendered":"<p><strong>Aktuelles LCD-Bildschirmmodell: MB140SC01-4 VER 1.3 oder N140HCA-EAC REV. C4 \u2013 VOLLST\u00c4NDIG KOMPATIBEL MIT LAPTOP-BILDSCHIRM N140HCA-EBA NV140FHM-N62 N61 N3B N47 N4C<\/strong><\/p>\n<p>Optimieren Sie die Leistung und das Seherlebnis Ihres Laptops mit dem 14-Zoll-LCD-Bildschirm N140HCA-EBA, NV140FHM-N62\/N61\/N3B\/N47\/N4C. Dieser Bildschirm bietet hervorragende Klarheit und lebendige Farben und verf\u00fcgt \u00fcber eine Full-HD-Aufl\u00f6sung (1920 x 1080) und IPS-Technologie f\u00fcr eine konsistente Farbwiedergabe und gro\u00dfe Betrachtungswinkel. Die matte Oberfl\u00e4che minimiert Blendeffekte und eignet sich daher ideal f\u00fcr den Einsatz bei unterschiedlichen Lichtverh\u00e4ltnissen.<\/p>\n<p>Dieses LCD-Panel ist mit einem 30-poligen eDP-Anschluss ausgestattet, der eine sichere und stabile Verbindung zu Ihrem Ger\u00e4t gew\u00e4hrleistet. Die mitgelieferten doppelseitigen Klebestreifen erleichtern die Installation und erm\u00f6glichen einen schnellen und effizienten Bildschirmaustausch.<\/p>\n<p>Bitte beachten Sie, dass dieser Bildschirm ohne Deckel verkauft wird. und Tretlager. Der Zustand dieses Produkts ist neu und garantiert, dass Sie einen fehlerfreien Bildschirm erhalten, der sofort einbaufertig ist.<\/p>\n","protected":false},"excerpt":{"rendered":"<p>R\u00fcsten Sie Ihr Laptop-Display mit dem 14-Zoll-LCD-Bildschirm N140HCA-EBA, NV140FHM-N62\/N61\/N3B\/N47\/N4C auf. Dieses Full-HD-IPS-Panel liefert eine atemberaubende Grafik mit matter Oberfl\u00e4che zur Reduzierung von Blendeffekten. Es verf\u00fcgt \u00fcber einen 30-poligen eDP-Anschluss und l\u00e4sst sich mit den mitgelieferten doppelseitigen Klebestreifen einfach installieren. Zustand: Neu.<\/p>\n","protected":false},"featured_media":15592,"template":"","meta":[],"product_brand":[],"product_cat":[98,95],"product_tag":[],"class_list":{"0":"post-15570","1":"product","2":"type-product","3":"status-publish","4":"has-post-thumbnail","6":"product_cat-14-new-laptop-screens-lcd-panels","7":"product_cat-new-laptop-screens-lcd-panels","9":"first","10":"instock","11":"taxable","12":"shipping-taxable","13":"purchasable","14":"product-type-simple"},"_links":{"self":[{"href":"https:\/\/boreait.com\/de\/wp-json\/wp\/v2\/product\/15570","targetHints":{"allow":["GET"]}}],"collection":[{"href":"https:\/\/boreait.com\/de\/wp-json\/wp\/v2\/product"}],"about":[{"href":"https:\/\/boreait.com\/de\/wp-json\/wp\/v2\/types\/product"}],"wp:featuredmedia":[{"embeddable":true,"href":"https:\/\/boreait.com\/de\/wp-json\/wp\/v2\/media\/15592"}],"wp:attachment":[{"href":"https:\/\/boreait.com\/de\/wp-json\/wp\/v2\/media?parent=15570"}],"wp:term":[{"taxonomy":"product_brand","embeddable":true,"href":"https:\/\/boreait.com\/de\/wp-json\/wp\/v2\/product_brand?post=15570"},{"taxonomy":"product_cat","embeddable":true,"href":"https:\/\/boreait.com\/de\/wp-json\/wp\/v2\/product_cat?post=15570"},{"taxonomy":"product_tag","embeddable":true,"href":"https:\/\/boreait.com\/de\/wp-json\/wp\/v2\/product_tag?post=15570"}],"curies":[{"name":"wp","href":"https:\/\/api.w.org\/{rel}","templated":true}]}}