{"id":15566,"date":"2025-09-16T13:24:57","date_gmt":"2025-09-16T11:24:57","guid":{"rendered":"https:\/\/boreait.com\/de\/?post_type=product&#038;p=15566"},"modified":"2025-09-16T13:26:16","modified_gmt":"2025-09-16T11:26:16","slug":"b140htn04-0-lcd-14-matt-fhd-ips-edp-30pin-mit-klebestreifen-neu","status":"publish","type":"product","link":"https:\/\/boreait.com\/de\/produkt\/b140htn04-0-lcd-14-matt-fhd-ips-edp-30pin-mit-klebestreifen-neu\/","title":{"rendered":"B140HTN04.0 LCD 14&#8243; Matt FHD IPS eDP 30pin mit Klebestreifen Neu"},"content":{"rendered":"<p><strong>Aktuelles LCD-Bildschirmmodell: MB140SC01-4 VER 1.3 oder N140HCA-EAC REV. C4 \u2013 VOLLST\u00c4NDIG KOMPATIBEL MIT LAPTOP-BILDSCHIRM B140HTN04.0<\/strong><\/p>\n<p>Erweitern Sie Ihr Laptop-Display mit dem 14-Zoll-LCD-Bildschirm B140HTN04.0. Er bietet hohe Leistung und hervorragende Bildqualit\u00e4t. Der Bildschirm bietet eine Full-HD-Aufl\u00f6sung (1920 x 1080) und liefert gestochen scharfe, lebendige Bilder f\u00fcr ein optimales Seherlebnis. Die IPS-Technologie sorgt f\u00fcr eine konsistente Farbwiedergabe und gro\u00dfe Betrachtungswinkel. Die matte Oberfl\u00e4che reduziert Blendeffekte und eignet sich daher ideal f\u00fcr verschiedene Lichtverh\u00e4ltnisse.<\/p>\n<p>Der eDP-30-Pin-Anschluss sorgt f\u00fcr eine sichere und stabile Verbindung mit Ihrem Ger\u00e4t. Die mitgelieferten doppelseitigen Klebestreifen erm\u00f6glichen eine einfache und problemlose Installation. Egal, ob Sie einen besch\u00e4digten Bildschirm ersetzen oder ein Upgrade f\u00fcr eine bessere Bildqualit\u00e4t durchf\u00fchren m\u00f6chten \u2013 dieser LCD-Bildschirm ist eine zuverl\u00e4ssige Wahl.<\/p>\n<p>Bitte beachten Sie, dass dieser Bildschirm ohne obere und untere Halterungen geliefert wird. Er befindet sich in neuwertigem Zustand, sodass Sie ein einwandfreies und sofort einsatzbereites Produkt erhalten.<\/p>\n","protected":false},"excerpt":{"rendered":"<p>R\u00fcsten Sie Ihren Laptop mit dem 14-Zoll-LCD-Bildschirm B140HTN04.0 auf. Mit FHD-IPS-Qualit\u00e4t, matter Oberfl\u00e4che und eDP-30-Pin-Anschluss liefert er scharfe, lebendige Bilder. Doppelseitige Klebestreifen f\u00fcr eine einfache Installation im Lieferumfang enthalten. Zustand: Neu.<\/p>\n","protected":false},"featured_media":15592,"template":"","meta":[],"product_brand":[],"product_cat":[98,95],"product_tag":[],"class_list":{"0":"post-15566","1":"product","2":"type-product","3":"status-publish","4":"has-post-thumbnail","6":"product_cat-14-new-laptop-screens-lcd-panels","7":"product_cat-new-laptop-screens-lcd-panels","9":"first","10":"instock","11":"taxable","12":"shipping-taxable","13":"purchasable","14":"product-type-simple"},"_links":{"self":[{"href":"https:\/\/boreait.com\/de\/wp-json\/wp\/v2\/product\/15566","targetHints":{"allow":["GET"]}}],"collection":[{"href":"https:\/\/boreait.com\/de\/wp-json\/wp\/v2\/product"}],"about":[{"href":"https:\/\/boreait.com\/de\/wp-json\/wp\/v2\/types\/product"}],"wp:featuredmedia":[{"embeddable":true,"href":"https:\/\/boreait.com\/de\/wp-json\/wp\/v2\/media\/15592"}],"wp:attachment":[{"href":"https:\/\/boreait.com\/de\/wp-json\/wp\/v2\/media?parent=15566"}],"wp:term":[{"taxonomy":"product_brand","embeddable":true,"href":"https:\/\/boreait.com\/de\/wp-json\/wp\/v2\/product_brand?post=15566"},{"taxonomy":"product_cat","embeddable":true,"href":"https:\/\/boreait.com\/de\/wp-json\/wp\/v2\/product_cat?post=15566"},{"taxonomy":"product_tag","embeddable":true,"href":"https:\/\/boreait.com\/de\/wp-json\/wp\/v2\/product_tag?post=15566"}],"curies":[{"name":"wp","href":"https:\/\/api.w.org\/{rel}","templated":true}]}}