{"id":15565,"date":"2025-09-16T13:24:57","date_gmt":"2025-09-16T11:24:57","guid":{"rendered":"https:\/\/boreait.com\/de\/?post_type=product&#038;p=15565"},"modified":"2025-09-16T13:25:58","modified_gmt":"2025-09-16T11:25:58","slug":"tv140fhm-nh1-lcd-14-matt-fhd-ips-edp-30pin-mit-klebestreifen-neu","status":"publish","type":"product","link":"https:\/\/boreait.com\/de\/produkt\/tv140fhm-nh1-lcd-14-matt-fhd-ips-edp-30pin-mit-klebestreifen-neu\/","title":{"rendered":"TV140FHM-NH1 LCD 14&#8243; Matt FHD IPS eDP 30pin mit Klebestreifen Neu"},"content":{"rendered":"<p><strong>Aktuelles LCD-Bildschirmmodell: MB140SC01-4 VER 1.3 oder N140HCA-EAC REV. C4 \u2013 VOLLST\u00c4NDIG KOMPATIBEL MIT DEM LAPTOP-BILDSCHIRM TV140FHM-NH1<\/strong><\/p>\n<p>Optimieren Sie Ihr Laptop-Display mit dem 14-Zoll-LCD-Bildschirm TV140FHM-NH1. Er bietet herausragende Leistung und kristallklare Bilder. Der Bildschirm bietet eine Full-HD-Aufl\u00f6sung (1920 x 1080) und liefert scharfe und lebendige Bilder f\u00fcr ein bereicherndes Seherlebnis. Die IPS-Technologie sorgt f\u00fcr konsistente Farben und gro\u00dfe Betrachtungswinkel, w\u00e4hrend die matte Oberfl\u00e4che Blendeffekte reduziert und sich somit perfekt f\u00fcr unterschiedliche Lichtverh\u00e4ltnisse eignet.<\/p>\n<p>Der eDP-30-Pin-Anschluss gew\u00e4hrleistet eine sichere und zuverl\u00e4ssige Verbindung mit Ihrem Ger\u00e4t, w\u00e4hrend die mitgelieferten doppelseitigen Klebestreifen die Installation vereinfachen. Egal, ob Sie einen besch\u00e4digten Bildschirm ersetzen oder f\u00fcr eine bessere Bildqualit\u00e4t aufr\u00fcsten m\u00f6chten \u2013 dieser LCD-Bildschirm ist eine zuverl\u00e4ssige Wahl.<\/p>\n<p>Bitte beachten Sie, dass dieser Bildschirm ohne obere und untere Halterungen geliefert wird. Er befindet sich in neuwertigem Zustand, sodass Sie ein fehlerfreies und einsatzbereites Produkt erhalten.<\/p>\n","protected":false},"excerpt":{"rendered":"<p>R\u00fcsten Sie Ihren Laptop mit dem 14-Zoll-LCD-Bildschirm TV140FHM-NH1 auf. Mit FHD-IPS-Klarheit, matter Oberfl\u00e4che und 30-poligem eDP-Anschluss bietet er lebendige Bilder. Inklusive doppelseitiger Klebestreifen f\u00fcr eine einfache Installation. Zustand: Neu.<\/p>\n","protected":false},"featured_media":15592,"template":"","meta":[],"product_brand":[],"product_cat":[98,95],"product_tag":[],"class_list":{"0":"post-15565","1":"product","2":"type-product","3":"status-publish","4":"has-post-thumbnail","6":"product_cat-14-new-laptop-screens-lcd-panels","7":"product_cat-new-laptop-screens-lcd-panels","9":"first","10":"instock","11":"taxable","12":"shipping-taxable","13":"purchasable","14":"product-type-simple"},"_links":{"self":[{"href":"https:\/\/boreait.com\/de\/wp-json\/wp\/v2\/product\/15565","targetHints":{"allow":["GET"]}}],"collection":[{"href":"https:\/\/boreait.com\/de\/wp-json\/wp\/v2\/product"}],"about":[{"href":"https:\/\/boreait.com\/de\/wp-json\/wp\/v2\/types\/product"}],"wp:featuredmedia":[{"embeddable":true,"href":"https:\/\/boreait.com\/de\/wp-json\/wp\/v2\/media\/15592"}],"wp:attachment":[{"href":"https:\/\/boreait.com\/de\/wp-json\/wp\/v2\/media?parent=15565"}],"wp:term":[{"taxonomy":"product_brand","embeddable":true,"href":"https:\/\/boreait.com\/de\/wp-json\/wp\/v2\/product_brand?post=15565"},{"taxonomy":"product_cat","embeddable":true,"href":"https:\/\/boreait.com\/de\/wp-json\/wp\/v2\/product_cat?post=15565"},{"taxonomy":"product_tag","embeddable":true,"href":"https:\/\/boreait.com\/de\/wp-json\/wp\/v2\/product_tag?post=15565"}],"curies":[{"name":"wp","href":"https:\/\/api.w.org\/{rel}","templated":true}]}}