{"id":15559,"date":"2025-09-16T13:24:56","date_gmt":"2025-09-16T11:24:56","guid":{"rendered":"https:\/\/boreait.com\/de\/?post_type=product&#038;p=15559"},"modified":"2025-09-16T13:25:13","modified_gmt":"2025-09-16T11:25:13","slug":"173-lcd-bildschirm-lenovo-p-n-sd10w86613-matt-40pin-fhd-ips-144hz-neu","status":"publish","type":"product","link":"https:\/\/boreait.com\/de\/produkt\/173-lcd-bildschirm-lenovo-p-n-sd10w86613-matt-40pin-fhd-ips-144hz-neu\/","title":{"rendered":"17,3&#8243; LCD-Bildschirm Lenovo P\/N SD10W86613 Matt 40Pin FHD IPS 144Hz Neu"},"content":{"rendered":"<p><strong>Aktuelles LCD-Bildschirmmodell: N173HCE-G33 REV C1 \/ NV173FHM-NY2 v8.1 \u2013 VOLLST\u00c4NDIG KOMPATIBEL MIT Lenovo P\/N SD10W86613<\/strong><\/p>\n<p>Der Lenovo P\/N SD10W86613 ist ein hochwertiger 17,3-Zoll-LCD-Bildschirm, der das Displayerlebnis Ihres Laptops optimiert. Dank der matten Oberfl\u00e4che minimiert dieser Bildschirm Blendeffekte und eignet sich daher perfekt f\u00fcr helle und dunkle Umgebungen. Dank Full-HD-Aufl\u00f6sung (1920 x 1080), IPS-Technologie und einer Bildwiederholfrequenz von 144 Hz genie\u00dfen Sie lebendige Farben, gro\u00dfe Betrachtungswinkel und eine ultra-fl\u00fcssige Darstellung \u2013 ideal f\u00fcr Gaming, Videobearbeitung oder allt\u00e4gliche Aufgaben.<\/p>\n<p>Dieser LCD-Bildschirm ist mit einem 40-poligen eDP-Anschluss ausgestattet, der eine nahtlose Verbindung mit Ihrem Ger\u00e4t gew\u00e4hrleistet. Obwohl keine oberen und unteren Halterungen im Lieferumfang enthalten sind, liegen dem Paket doppelseitige Klebestreifen f\u00fcr eine sichere und problemlose Montage bei. So bleibt der Bildschirm fest an seinem Platz und bietet Ihnen lang anhaltende Leistung.<\/p>\n<p>Brandneu und in makellosem Zustand: Das Lenovo P\/N SD10W86613 ist der perfekte Ersatz oder das Upgrade f\u00fcr Ihren Laptop. Egal, ob Sie Gamer, Kreativprofi oder einfach nur auf der Suche nach einem hochwertigen Display sind \u2013 dieser Bildschirm bietet die Klarheit, Farbgenauigkeit und reibungslose Leistung, die Sie f\u00fcr ein optimiertes Seherlebnis ben\u00f6tigen.<\/p>\n","protected":false},"excerpt":{"rendered":"<p>R\u00fcsten Sie Ihren Lenovo-Laptop mit dem 17,3-Zoll-LCD-Bildschirm P\/N SD10W86613 auf. Dieses matte FHD-IPS-Display bietet eine Bildwiederholfrequenz von 144 Hz und einen 40-poligen eDP-Anschluss. Doppelseitige Klebestreifen f\u00fcr eine einfache Installation sind im Lieferumfang enthalten. Brandneu und bereit f\u00fcr atemberaubende Bilder.<\/p>\n","protected":false},"featured_media":15557,"template":"","meta":[],"product_brand":[],"product_cat":[96,95],"product_tag":[62],"class_list":{"0":"post-15559","1":"product","2":"type-product","3":"status-publish","4":"has-post-thumbnail","6":"product_cat-17-3","7":"product_cat-new-laptop-screens-lcd-panels","8":"product_tag-lenovo","10":"first","11":"instock","12":"taxable","13":"shipping-taxable","14":"purchasable","15":"product-type-simple"},"_links":{"self":[{"href":"https:\/\/boreait.com\/de\/wp-json\/wp\/v2\/product\/15559","targetHints":{"allow":["GET"]}}],"collection":[{"href":"https:\/\/boreait.com\/de\/wp-json\/wp\/v2\/product"}],"about":[{"href":"https:\/\/boreait.com\/de\/wp-json\/wp\/v2\/types\/product"}],"wp:featuredmedia":[{"embeddable":true,"href":"https:\/\/boreait.com\/de\/wp-json\/wp\/v2\/media\/15557"}],"wp:attachment":[{"href":"https:\/\/boreait.com\/de\/wp-json\/wp\/v2\/media?parent=15559"}],"wp:term":[{"taxonomy":"product_brand","embeddable":true,"href":"https:\/\/boreait.com\/de\/wp-json\/wp\/v2\/product_brand?post=15559"},{"taxonomy":"product_cat","embeddable":true,"href":"https:\/\/boreait.com\/de\/wp-json\/wp\/v2\/product_cat?post=15559"},{"taxonomy":"product_tag","embeddable":true,"href":"https:\/\/boreait.com\/de\/wp-json\/wp\/v2\/product_tag?post=15559"}],"curies":[{"name":"wp","href":"https:\/\/api.w.org\/{rel}","templated":true}]}}