{"id":15551,"date":"2025-09-16T13:24:43","date_gmt":"2025-09-16T11:24:43","guid":{"rendered":"https:\/\/boreait.com\/de\/?post_type=product&#038;p=15551"},"modified":"2025-09-16T13:24:52","modified_gmt":"2025-09-16T11:24:52","slug":"173-lcd-bildschirm-asus-rog-strix-g733qs-matt-144hz-fhd-ips-40pin-neu","status":"publish","type":"product","link":"https:\/\/boreait.com\/de\/produkt\/173-lcd-bildschirm-asus-rog-strix-g733qs-matt-144hz-fhd-ips-40pin-neu\/","title":{"rendered":"17,3&#8243; LCD Bildschirm Asus ROG Strix G733QS Matt 144Hz FHD IPS 40Pin Neu"},"content":{"rendered":"<p><strong>Aktuelles LCD-Bildschirmmodell: N173HCE-G33 REV C1 \/ NV173FHM-NY2 v8.1 \u2013 VOLLST\u00c4NDIG KOMPATIBEL MIT Asus ROG Strix G733QS<\/strong><\/p>\n<p>Der 17,3-Zoll-LCD-Bildschirm f\u00fcr das Asus ROG Strix G733QS wurde f\u00fcr ein optimales Gaming- und Multimedia-Erlebnis entwickelt. Mit einer Full-HD-Aufl\u00f6sung (1920 x 1080) und IPS-Technologie sorgt dieser Bildschirm f\u00fcr lebendige Farben und weite Betrachtungswinkel \u2013 f\u00fcr ein beeindruckendes visuelles Erlebnis beim Spielen, Streamen oder Arbeiten.<\/p>\n<p>Mit einer hohen Bildwiederholfrequenz von 144 Hz sorgt dieser Bildschirm f\u00fcr ultrafl\u00fcssige Bewegungen, reduziert Unsch\u00e4rfe und verbessert die Klarheit bei rasanten Spielen und Videos. Die matte Oberfl\u00e4che minimiert Blendeffekte und erleichtert die Nutzung bei unterschiedlichen Lichtverh\u00e4ltnissen.<\/p>\n<p>Dieser LCD-Bildschirm verf\u00fcgt \u00fcber einen 40-poligen eDP-Anschluss f\u00fcr eine nahtlose Verbindung mit Ihrem Ger\u00e4t. Der Bildschirm wird mit den mitgelieferten doppelseitigen Klebestreifen sicher und stabil montiert und verf\u00fcgt \u00fcber eine obere und untere Halterung.<\/p>\n<p>Dieser brandneue und makellose Bildschirm ist der perfekte Ersatz oder das perfekte Upgrade f\u00fcr Ihr Asus ROG Strix G733QS-Notebook. Erleben Sie verbesserte Leistung und Grafik mit diesem hochwertigen, langlebigen Display, das die Anforderungen von ambitionierten Gamern und Profis gleicherma\u00dfen erf\u00fcllt.<\/p>\n","protected":false},"excerpt":{"rendered":"<p>Verbessern Sie Ihr Gaming-Erlebnis mit dem 17,3-Zoll-LCD-Bildschirm f\u00fcr das Asus ROG Strix G733QS. Dieses matte FHD-IPS-Display bietet eine Bildwiederholfrequenz von 144 Hz \u2013 perfekt f\u00fcr fl\u00fcssige und beeindruckende Bilder. Ausgestattet mit einem 40-poligen eDP-Anschluss l\u00e4sst es sich mit den mitgelieferten doppelseitigen Klebestreifen einfach installieren. Nagelneu, ohne obere und untere Halterungen.<\/p>\n<h3><\/h3>\n","protected":false},"featured_media":15557,"template":"","meta":[],"product_brand":[],"product_cat":[96,95],"product_tag":[66],"class_list":{"0":"post-15551","1":"product","2":"type-product","3":"status-publish","4":"has-post-thumbnail","6":"product_cat-17-3","7":"product_cat-new-laptop-screens-lcd-panels","8":"product_tag-asus","10":"first","11":"instock","12":"taxable","13":"shipping-taxable","14":"purchasable","15":"product-type-simple"},"_links":{"self":[{"href":"https:\/\/boreait.com\/de\/wp-json\/wp\/v2\/product\/15551","targetHints":{"allow":["GET"]}}],"collection":[{"href":"https:\/\/boreait.com\/de\/wp-json\/wp\/v2\/product"}],"about":[{"href":"https:\/\/boreait.com\/de\/wp-json\/wp\/v2\/types\/product"}],"wp:featuredmedia":[{"embeddable":true,"href":"https:\/\/boreait.com\/de\/wp-json\/wp\/v2\/media\/15557"}],"wp:attachment":[{"href":"https:\/\/boreait.com\/de\/wp-json\/wp\/v2\/media?parent=15551"}],"wp:term":[{"taxonomy":"product_brand","embeddable":true,"href":"https:\/\/boreait.com\/de\/wp-json\/wp\/v2\/product_brand?post=15551"},{"taxonomy":"product_cat","embeddable":true,"href":"https:\/\/boreait.com\/de\/wp-json\/wp\/v2\/product_cat?post=15551"},{"taxonomy":"product_tag","embeddable":true,"href":"https:\/\/boreait.com\/de\/wp-json\/wp\/v2\/product_tag?post=15551"}],"curies":[{"name":"wp","href":"https:\/\/api.w.org\/{rel}","templated":true}]}}