{"id":15548,"date":"2025-09-16T13:24:42","date_gmt":"2025-09-16T11:24:42","guid":{"rendered":"https:\/\/boreait.com\/de\/?post_type=product&#038;p=15548"},"modified":"2025-09-16T13:24:52","modified_gmt":"2025-09-16T11:24:52","slug":"173-zoll-lcd-bildschirm-fuer-hp-omen-17-ck-serie-matt-144-hz-ips-40-pin-fhd-neu","status":"publish","type":"product","link":"https:\/\/boreait.com\/de\/produkt\/173-zoll-lcd-bildschirm-fuer-hp-omen-17-ck-serie-matt-144-hz-ips-40-pin-fhd-neu\/","title":{"rendered":"17,3 Zoll LCD-Bildschirm f\u00fcr HP OMEN 17-ck Serie, matt, 144 Hz, IPS, 40 Pin, FHD, neu"},"content":{"rendered":"<p><strong>Aktuelles LCD-Bildschirmmodell: N173HCE-G33 REV C1 \/ NV173FHM-NY2 v8.1<\/strong><\/p>\n<p>Optimieren Sie Ihr Gaming- und Multimedia-Erlebnis mit diesem leistungsstarken 17,3-Zoll-LCD-Bildschirm f\u00fcr die HP OMEN 17-ck-Serie, einschlie\u00dflich der Modelle 17-ck0000, 17-ck1000 und 17-ck2000. Dank Full-HD-Aufl\u00f6sung (FHD) und IPS-Panel liefert dieser Bildschirm gestochen scharfe, lebendige Bilder mit weiten Betrachtungswinkeln und eignet sich somit perfekt f\u00fcr Gaming und den allt\u00e4glichen Gebrauch.<\/p>\n<p>Die matte Oberfl\u00e4che reduziert Blendeffekte und sorgt f\u00fcr klare Sicht bei unterschiedlichen Lichtverh\u00e4ltnissen. Die beeindruckende Bildwiederholfrequenz von 144 Hz sorgt f\u00fcr ultrafl\u00fcssige Bewegungen \u2013 ideal f\u00fcr rasante Spiele und dynamische Inhalte. Dieser Bildschirm ist mit einem 40-poligen eDP-Anschluss ausgestattet und gew\u00e4hrleistet so nahtlose Kompatibilit\u00e4t mit Ihrem Laptop.<\/p>\n<p>Im Gegensatz zu herk\u00f6mmlichen Bildschirmen verf\u00fcgt dieses Modell nicht \u00fcber Im Lieferumfang sind obere und untere Halterungen enthalten, es werden jedoch doppelseitige Klebestreifen f\u00fcr eine sichere und einfache Installation mitgeliefert. Dieser LCD-Bildschirm ist brandneu und in perfektem Zustand und eine ausgezeichnete Wahl f\u00fcr alle, die ihr vorhandenes Display ersetzen oder aufr\u00fcsten m\u00f6chten, um ein verbessertes visuelles Erlebnis zu erzielen.<\/p>\n","protected":false},"excerpt":{"rendered":"<p>R\u00fcsten Sie Ihr Notebook der HP OMEN 17-ck-Serie mit einem neuen 17,3-Zoll-FHD-IPS-LCD-Bildschirm auf. Dieses matte Display bietet eine beeindruckende Bildwiederholfrequenz von 144 Hz f\u00fcr fl\u00fcssige Bilder und verf\u00fcgt \u00fcber einen 40-poligen eDP-Anschluss. Doppelseitige Klebestreifen f\u00fcr eine einfache Installation sind im Lieferumfang enthalten. Kompatibel mit den Modellen 17-ck0000, 17-ck1000 und 17-ck2000.<\/p>\n<h3><\/h3>\n","protected":false},"featured_media":15557,"template":"","meta":[],"product_brand":[],"product_cat":[96,95],"product_tag":[],"class_list":{"0":"post-15548","1":"product","2":"type-product","3":"status-publish","4":"has-post-thumbnail","6":"product_cat-17-3","7":"product_cat-new-laptop-screens-lcd-panels","9":"first","10":"instock","11":"taxable","12":"shipping-taxable","13":"purchasable","14":"product-type-simple"},"_links":{"self":[{"href":"https:\/\/boreait.com\/de\/wp-json\/wp\/v2\/product\/15548","targetHints":{"allow":["GET"]}}],"collection":[{"href":"https:\/\/boreait.com\/de\/wp-json\/wp\/v2\/product"}],"about":[{"href":"https:\/\/boreait.com\/de\/wp-json\/wp\/v2\/types\/product"}],"wp:featuredmedia":[{"embeddable":true,"href":"https:\/\/boreait.com\/de\/wp-json\/wp\/v2\/media\/15557"}],"wp:attachment":[{"href":"https:\/\/boreait.com\/de\/wp-json\/wp\/v2\/media?parent=15548"}],"wp:term":[{"taxonomy":"product_brand","embeddable":true,"href":"https:\/\/boreait.com\/de\/wp-json\/wp\/v2\/product_brand?post=15548"},{"taxonomy":"product_cat","embeddable":true,"href":"https:\/\/boreait.com\/de\/wp-json\/wp\/v2\/product_cat?post=15548"},{"taxonomy":"product_tag","embeddable":true,"href":"https:\/\/boreait.com\/de\/wp-json\/wp\/v2\/product_tag?post=15548"}],"curies":[{"name":"wp","href":"https:\/\/api.w.org\/{rel}","templated":true}]}}