{"id":15540,"date":"2025-09-16T13:24:41","date_gmt":"2025-09-16T11:24:41","guid":{"rendered":"https:\/\/boreait.com\/de\/?post_type=product&#038;p=15540"},"modified":"2025-09-16T13:24:49","modified_gmt":"2025-09-16T11:24:49","slug":"173-lcd-bildschirm-n173hce-g33-fhd-ips-144hz-40pin-matt-neu","status":"publish","type":"product","link":"https:\/\/boreait.com\/de\/produkt\/173-lcd-bildschirm-n173hce-g33-fhd-ips-144hz-40pin-matt-neu\/","title":{"rendered":"17,3&#8243; LCD-Bildschirm N173HCE-G33 FHD IPS 144Hz 40Pin Matt Neu"},"content":{"rendered":"<p><strong>Aktuelles LCD-Bildschirmmodell: N173HCE-G33 REV C1 \/ NV173FHM-NY2 v8.1<\/strong><\/p>\n<p>Der N173HCE-G33 REV C1 ist ein hochwertiger 17,3-Zoll-LCD-Bildschirm, der die visuelle Leistung Ihres Laptops optimiert. Mit Full HD (1920 x 1080) und IPS-Technologie liefert dieser Bildschirm scharfe, lebendige und pr\u00e4zise Farben aus gro\u00dfen Betrachtungswinkeln. Die Bildwiederholfrequenz von 144 Hz sorgt f\u00fcr fl\u00fcssige Bewegungen und macht ihn zur idealen Wahl f\u00fcr Gamer und Profis, die eine fl\u00fcssige Darstellung ben\u00f6tigen.<\/p>\n<p>Dieser LCD-Bildschirm ist mit einem 40-poligen eDP-Anschluss ausgestattet, der eine einfache und zuverl\u00e4ssige Verbindung zu Ihrem Laptop gew\u00e4hrleistet. Im Lieferumfang sind keine oberen und unteren Halterungen enthalten, doppelseitige Klebestreifen zur Befestigung des Bildschirms sorgen f\u00fcr eine einfache und effektive Installation.<\/p>\n<p>Brandneu und in makellosem Zustand: Das N173HCE-G33 REV C1 ist ideal f\u00fcr alle, die das Display ihres Laptops ersetzen oder aufr\u00fcsten m\u00f6chten. Egal, ob Sie Gaming, Grafikdesign oder einfach nur einen hochwertigen Bildschirm f\u00fcr den t\u00e4glichen Gebrauch ben\u00f6tigen \u2013 dieses LCD-Panel bietet ein au\u00dfergew\u00f6hnliches Seherlebnis mit verbesserter Klarheit, Farbe und Reaktionsschnelligkeit.<\/p>\n","protected":false},"excerpt":{"rendered":"<p>R\u00fcsten Sie Ihren Laptop mit dem LCD-Bildschirm N173HCE-G33 REV C1 auf. Dieses matte 17,3-Zoll-Display bietet FHD-Aufl\u00f6sung, IPS-Technologie und eine Bildwiederholfrequenz von 144 Hz. Dank 40-poligem eDP-Anschluss und mitgelieferten doppelseitigen Klebestreifen ist die Installation einfach und sicher. Brandneu und ohne obere und untere Halterungen bietet dieser Bildschirm ein \u00fcberragendes visuelles Erlebnis.<\/p>\n","protected":false},"featured_media":15557,"template":"","meta":[],"product_brand":[],"product_cat":[96,95],"product_tag":[],"class_list":{"0":"post-15540","1":"product","2":"type-product","3":"status-publish","4":"has-post-thumbnail","6":"product_cat-17-3","7":"product_cat-new-laptop-screens-lcd-panels","9":"first","10":"instock","11":"taxable","12":"shipping-taxable","13":"purchasable","14":"product-type-simple"},"_links":{"self":[{"href":"https:\/\/boreait.com\/de\/wp-json\/wp\/v2\/product\/15540","targetHints":{"allow":["GET"]}}],"collection":[{"href":"https:\/\/boreait.com\/de\/wp-json\/wp\/v2\/product"}],"about":[{"href":"https:\/\/boreait.com\/de\/wp-json\/wp\/v2\/types\/product"}],"wp:featuredmedia":[{"embeddable":true,"href":"https:\/\/boreait.com\/de\/wp-json\/wp\/v2\/media\/15557"}],"wp:attachment":[{"href":"https:\/\/boreait.com\/de\/wp-json\/wp\/v2\/media?parent=15540"}],"wp:term":[{"taxonomy":"product_brand","embeddable":true,"href":"https:\/\/boreait.com\/de\/wp-json\/wp\/v2\/product_brand?post=15540"},{"taxonomy":"product_cat","embeddable":true,"href":"https:\/\/boreait.com\/de\/wp-json\/wp\/v2\/product_cat?post=15540"},{"taxonomy":"product_tag","embeddable":true,"href":"https:\/\/boreait.com\/de\/wp-json\/wp\/v2\/product_tag?post=15540"}],"curies":[{"name":"wp","href":"https:\/\/api.w.org\/{rel}","templated":true}]}}