{"id":15531,"date":"2025-09-16T13:24:17","date_gmt":"2025-09-16T11:24:17","guid":{"rendered":"https:\/\/boreait.com\/de\/?post_type=product&#038;p=15531"},"modified":"2025-09-16T13:24:48","modified_gmt":"2025-09-16T11:24:48","slug":"156-lcd-bildschirm-fuer-lenovo-ideapad-320-330-matt-30-polig-wxga-neu","status":"publish","type":"product","link":"https:\/\/boreait.com\/de\/produkt\/156-lcd-bildschirm-fuer-lenovo-ideapad-320-330-matt-30-polig-wxga-neu\/","title":{"rendered":"15,6&#8243; LCD-Bildschirm f\u00fcr Lenovo IdeaPad 320\/330, matt, 30-polig, WXGA, neu"},"content":{"rendered":"<p>Aktuelles Modell: N156BGA-EA2 REV C1 oder B156XTN07.1 \u2013 VOLLST\u00c4NDIG KOMPATIBEL MIT DEN LAPTOPS Lenovo IdeaPad 320-15ISK, 320-15IAP, 330-15IGM<\/strong><\/p>\n<p>Dieser matte 15,6-Zoll-LCD-Bildschirm ist der perfekte Ersatz f\u00fcr Ihr Lenovo IdeaPad 320-15ISK, 320-15IAP oder 330-15IGM. Der Bildschirm bietet gestochen scharfe Bilder und verf\u00fcgt \u00fcber eine WXGA-Aufl\u00f6sung (1366 x 768) \u2013 ideal f\u00fcr eine Vielzahl von Aufgaben, vom Surfen im Internet \u00fcber das Ansehen von Videos bis hin zum Bearbeiten von Dokumenten.<\/p>\n<p>Der Bildschirm ist mit einem 30-poligen eDP-Anschluss ausgestattet und gew\u00e4hrleistet so eine nahtlose Verbindung mit Ihrem Laptop. Im Lieferumfang sind au\u00dferdem obere und untere Halterungen f\u00fcr eine sichere und einfache Installation enthalten, sodass Sie sich darauf verlassen k\u00f6nnen, dass Ihr Bildschirm fest an seinem Platz sitzt. Obwohl es sich nicht um ein IPS-Panel handelt, bietet es dennoch eine gute Farbgenauigkeit und gute Betrachtungswinkel und ist somit eine praktische Wahl f\u00fcr den t\u00e4glichen Gebrauch.<\/p>\n<p>Dieser LCD-Bildschirm ist brandneu und in einwandfreiem Zustand. Er ist eine hervorragende Option f\u00fcr alle, die ihren vorhandenen Laptop-Bildschirm ersetzen oder aufr\u00fcsten m\u00f6chten. Egal, ob Sie Ihr Lenovo IdeaPad zum Arbeiten, Lernen oder f\u00fcr die Unterhaltung nutzen, dieser Bildschirm bietet ein zuverl\u00e4ssiges und optisch ansprechendes Erlebnis und verbessert die Gesamtleistung Ihres Laptops.<\/p>\n","protected":false},"excerpt":{"rendered":"<p>R\u00fcsten Sie Ihr Lenovo IdeaPad 320-15ISK, 320-15IAP oder 330-15IGM mit diesem matten 15,6-Zoll-LCD-Bildschirm auf. Mit WXGA-Aufl\u00f6sung und 30-poligem eDP-Anschluss wird dieser Bildschirm mit Halterungen oben und unten f\u00fcr eine sichere Installation geliefert. Dieser brandneue Nicht-IPS-Bildschirm eignet sich perfekt f\u00fcr allt\u00e4gliche Aufgaben und liefert klare und zuverl\u00e4ssige Bilder.<\/p>\n","protected":false},"featured_media":15527,"template":"","meta":[],"product_brand":[],"product_cat":[105,95],"product_tag":[62],"class_list":{"0":"post-15531","1":"product","2":"type-product","3":"status-publish","4":"has-post-thumbnail","6":"product_cat-15-6-new-laptop-screens-lcd-panels","7":"product_cat-new-laptop-screens-lcd-panels","8":"product_tag-lenovo","10":"first","11":"instock","12":"taxable","13":"shipping-taxable","14":"purchasable","15":"product-type-simple"},"_links":{"self":[{"href":"https:\/\/boreait.com\/de\/wp-json\/wp\/v2\/product\/15531","targetHints":{"allow":["GET"]}}],"collection":[{"href":"https:\/\/boreait.com\/de\/wp-json\/wp\/v2\/product"}],"about":[{"href":"https:\/\/boreait.com\/de\/wp-json\/wp\/v2\/types\/product"}],"wp:featuredmedia":[{"embeddable":true,"href":"https:\/\/boreait.com\/de\/wp-json\/wp\/v2\/media\/15527"}],"wp:attachment":[{"href":"https:\/\/boreait.com\/de\/wp-json\/wp\/v2\/media?parent=15531"}],"wp:term":[{"taxonomy":"product_brand","embeddable":true,"href":"https:\/\/boreait.com\/de\/wp-json\/wp\/v2\/product_brand?post=15531"},{"taxonomy":"product_cat","embeddable":true,"href":"https:\/\/boreait.com\/de\/wp-json\/wp\/v2\/product_cat?post=15531"},{"taxonomy":"product_tag","embeddable":true,"href":"https:\/\/boreait.com\/de\/wp-json\/wp\/v2\/product_tag?post=15531"}],"curies":[{"name":"wp","href":"https:\/\/api.w.org\/{rel}","templated":true}]}}