{"id":15529,"date":"2025-09-16T13:24:16","date_gmt":"2025-09-16T11:24:16","guid":{"rendered":"https:\/\/boreait.com\/de\/?post_type=product&#038;p=15529"},"modified":"2025-09-16T13:24:47","modified_gmt":"2025-09-16T11:24:47","slug":"156-lcd-bildschirm-lenovo-fru-5d10k81086-5d10k81084-matt-30pin-wxga-neu","status":"publish","type":"product","link":"https:\/\/boreait.com\/de\/produkt\/156-lcd-bildschirm-lenovo-fru-5d10k81086-5d10k81084-matt-30pin-wxga-neu\/","title":{"rendered":"15,6&#8243; LCD-Bildschirm Lenovo FRU 5D10K81086\/5D10K81084 Matt 30Pin WXGA Neu"},"content":{"rendered":"<p>Aktuelles Modell: N156BGA-EA2 REV C1 oder B156XTN07.1 \u2013 VOLLST\u00c4NDIG KOMPATIBEL MIT DEN LAPTOPS Lenovo FRU 5D10K81086 und 5D10K81084<\/strong><\/p>\n<p>Der Lenovo FRU 5D10K81086\/5D10K81084 ist ein hochwertiger 15,6-Zoll-LCD-Bildschirm f\u00fcr gestochen scharfe und lebendige Bilder auf Ihrem Laptop. Dank der matten Oberfl\u00e4che minimiert dieser Bildschirm Blendeffekte und eignet sich daher sowohl f\u00fcr den Innen- als auch f\u00fcr den Au\u00dfenbereich. Die WXGA-Aufl\u00f6sung (1366 x 768) sorgt f\u00fcr klare und detailreiche Bilder \u2013 ideal f\u00fcr Aufgaben wie Surfen, Arbeiten oder Videoschauen.<\/p>\n<p>Dieser LCD-Bildschirm ist mit einem 30-poligen eDP-Anschluss ausgestattet und erm\u00f6glicht so eine nahtlose Verbindung mit Ihrem Laptop. Die mitgelieferten oberen und unteren Halterungen sorgen f\u00fcr zus\u00e4tzliche Stabilit\u00e4t bei der Installation und einen sicheren Sitz des Bildschirms. Obwohl dieser Bildschirm kein IPS-Display ist, bietet er dennoch eine gute Farbwiedergabe und ausreichende Betrachtungswinkel f\u00fcr die meisten Nutzer.<\/p>\n<p>Der brandneue und makellose Lenovo FRU 5D10K81086\/5D10K81084 ist der ideale Ersatz oder das Upgrade f\u00fcr Ihren aktuellen Laptop-Bildschirm. Ob f\u00fcr Arbeit, Studium oder Freizeit \u2013 dieser LCD-Bildschirm bietet konstante und zuverl\u00e4ssige Leistung und verbessert Ihr Computererlebnis.<\/p>\n","protected":false},"excerpt":{"rendered":"<p>R\u00fcsten Sie Ihren Laptop mit dem Lenovo FRU 5D10K81086\/5D10K81084 LCD-Bildschirm auf. Dieses matte 15,6-Zoll-Display bietet WXGA-Aufl\u00f6sung, einen 30-poligen eDP-Anschluss und wird mit Halterungen f\u00fcr die sichere Montage geliefert. Dieser brandneue Bildschirm ohne IPS bietet zuverl\u00e4ssige Leistung f\u00fcr den t\u00e4glichen Gebrauch.<\/p>\n","protected":false},"featured_media":15527,"template":"","meta":[],"product_brand":[],"product_cat":[105,95],"product_tag":[62],"class_list":{"0":"post-15529","1":"product","2":"type-product","3":"status-publish","4":"has-post-thumbnail","6":"product_cat-15-6-new-laptop-screens-lcd-panels","7":"product_cat-new-laptop-screens-lcd-panels","8":"product_tag-lenovo","10":"first","11":"instock","12":"taxable","13":"shipping-taxable","14":"purchasable","15":"product-type-simple"},"_links":{"self":[{"href":"https:\/\/boreait.com\/de\/wp-json\/wp\/v2\/product\/15529","targetHints":{"allow":["GET"]}}],"collection":[{"href":"https:\/\/boreait.com\/de\/wp-json\/wp\/v2\/product"}],"about":[{"href":"https:\/\/boreait.com\/de\/wp-json\/wp\/v2\/types\/product"}],"wp:featuredmedia":[{"embeddable":true,"href":"https:\/\/boreait.com\/de\/wp-json\/wp\/v2\/media\/15527"}],"wp:attachment":[{"href":"https:\/\/boreait.com\/de\/wp-json\/wp\/v2\/media?parent=15529"}],"wp:term":[{"taxonomy":"product_brand","embeddable":true,"href":"https:\/\/boreait.com\/de\/wp-json\/wp\/v2\/product_brand?post=15529"},{"taxonomy":"product_cat","embeddable":true,"href":"https:\/\/boreait.com\/de\/wp-json\/wp\/v2\/product_cat?post=15529"},{"taxonomy":"product_tag","embeddable":true,"href":"https:\/\/boreait.com\/de\/wp-json\/wp\/v2\/product_tag?post=15529"}],"curies":[{"name":"wp","href":"https:\/\/api.w.org\/{rel}","templated":true}]}}