{"id":15480,"date":"2025-09-16T13:22:07","date_gmt":"2025-09-16T11:22:07","guid":{"rendered":"https:\/\/boreait.com\/de\/?post_type=product&#038;p=15480"},"modified":"2025-09-16T13:24:22","modified_gmt":"2025-09-16T11:24:22","slug":"156-lcd-bildschirm-b156xtn04-6-matt-30pin-wxga-neu","status":"publish","type":"product","link":"https:\/\/boreait.com\/de\/produkt\/156-lcd-bildschirm-b156xtn04-6-matt-30pin-wxga-neu\/","title":{"rendered":"15,6&#8243; LCD Bildschirm B156XTN04.6 Matt 30Pin WXGA Neu"},"content":{"rendered":"<p><strong>Aktuelles Modell: N156BGA-EA2 REV C1 oder B156XTN07.1 \u2013 VOLLST\u00c4NDIG KOMPATIBEL MIT B156XTN04.6<\/strong><\/p>\n<p>Der B156XTN04.6 ist ein erstklassiger 15,6-Zoll-LCD-Bildschirm f\u00fcr ein gestochen scharfes und klares Bilderlebnis auf Ihrem Laptop. Dank seiner matten Oberfl\u00e4che reduziert dieser Bildschirm effektiv Blendeffekte und eignet sich daher f\u00fcr verschiedene Lichtverh\u00e4ltnisse, egal ob drinnen oder drau\u00dfen. Die WXGA-Aufl\u00f6sung (1366 x 768) sorgt f\u00fcr scharfe und detailreiche Bilder \u2013 perfekt f\u00fcr alles, vom Surfen im Internet bis hin zu Multimedia-Aufgaben.<\/p>\n<p>Dieser LCD-Bildschirm verf\u00fcgt \u00fcber einen 30-poligen eDP-Anschluss f\u00fcr eine einfache und sichere Verbindung mit Ihrem Laptop. Die mitgelieferten oberen und unteren Halterungen sorgen f\u00fcr eine stabile und problemlose Installation. Obwohl dieser Bildschirm kein IPS-Display ist, bietet er dennoch eine gute Farbgenauigkeit und hohe Betrachtungswinkel und ist damit eine ausgezeichnete Wahl f\u00fcr die meisten allgemeinen Anwendungsf\u00e4lle.<\/p>\n<p>Der brandneue und einwandfreie B156XTN04.6 ist der ideale Ersatz oder das Upgrade f\u00fcr Ihren vorhandenen Laptop-Bildschirm. Ob Student, Berufst\u00e4tiger oder Gelegenheitsnutzer \u2013 dieser LCD-Bildschirm bietet konstante Leistung und ein komfortables Seherlebnis und steigert so Ihre Produktivit\u00e4t und Ihr Unterhaltungserlebnis im Alltag.<\/p>\n","protected":false},"excerpt":{"rendered":"<p>R\u00fcsten Sie Ihr Laptop-Display mit dem LCD-Bildschirm B156XTN04.6 auf. Dieser matte 15,6-Zoll-Bildschirm bietet WXGA-Aufl\u00f6sung und verf\u00fcgt \u00fcber einen 30-poligen eDP-Anschluss. Die Montage erfolgt \u00fcber die mitgelieferten Halterungen oben und unten. Dieser brandneue Bildschirm ohne IPS bietet klare und zuverl\u00e4ssige Bilder f\u00fcr Ihre t\u00e4glichen Computeranforderungen.<\/p>\n","protected":false},"featured_media":15527,"template":"","meta":[],"product_brand":[],"product_cat":[105,95],"product_tag":[],"class_list":{"0":"post-15480","1":"product","2":"type-product","3":"status-publish","4":"has-post-thumbnail","6":"product_cat-15-6-new-laptop-screens-lcd-panels","7":"product_cat-new-laptop-screens-lcd-panels","9":"first","10":"instock","11":"taxable","12":"shipping-taxable","13":"purchasable","14":"product-type-simple"},"_links":{"self":[{"href":"https:\/\/boreait.com\/de\/wp-json\/wp\/v2\/product\/15480","targetHints":{"allow":["GET"]}}],"collection":[{"href":"https:\/\/boreait.com\/de\/wp-json\/wp\/v2\/product"}],"about":[{"href":"https:\/\/boreait.com\/de\/wp-json\/wp\/v2\/types\/product"}],"wp:featuredmedia":[{"embeddable":true,"href":"https:\/\/boreait.com\/de\/wp-json\/wp\/v2\/media\/15527"}],"wp:attachment":[{"href":"https:\/\/boreait.com\/de\/wp-json\/wp\/v2\/media?parent=15480"}],"wp:term":[{"taxonomy":"product_brand","embeddable":true,"href":"https:\/\/boreait.com\/de\/wp-json\/wp\/v2\/product_brand?post=15480"},{"taxonomy":"product_cat","embeddable":true,"href":"https:\/\/boreait.com\/de\/wp-json\/wp\/v2\/product_cat?post=15480"},{"taxonomy":"product_tag","embeddable":true,"href":"https:\/\/boreait.com\/de\/wp-json\/wp\/v2\/product_tag?post=15480"}],"curies":[{"name":"wp","href":"https:\/\/api.w.org\/{rel}","templated":true}]}}