{"id":15474,"date":"2025-09-16T13:22:06","date_gmt":"2025-09-16T11:22:06","guid":{"rendered":"https:\/\/boreait.com\/de\/?post_type=product&#038;p=15474"},"modified":"2025-09-16T13:24:09","modified_gmt":"2025-09-16T11:24:09","slug":"156-lcd-bildschirm-n156bga-e31-e41-ea2-eaa-e32-matt-30pin-wxga-neu","status":"publish","type":"product","link":"https:\/\/boreait.com\/de\/produkt\/156-lcd-bildschirm-n156bga-e31-e41-ea2-eaa-e32-matt-30pin-wxga-neu\/","title":{"rendered":"15,6 &#8222;LCD-Bildschirm N156BGA-E31 E41 EA2 EAA E32 Matt 30Pin WXGA Neu"},"content":{"rendered":"<p>Aktuelles Modell: N156BGA-EA2 REV C1 oder B156XTN07.1 \u2013 VOLLST\u00c4NDIG KOMPATIBEL MIT N156BGA-E31 E41 EA2 EAA E32<\/strong><\/p>\n<p>Der N156BGA-E31 E41 EA2 EAA E32 ist ein hochwertiger 15,6-Zoll-LCD-Bildschirm f\u00fcr ein gestochen scharfes und klares Bilderlebnis auf Ihrem Laptop. Dank der matten Oberfl\u00e4che reduziert der Bildschirm Blendeffekte und eignet sich daher ideal f\u00fcr den Innen- und Au\u00dfenbereich. Die WXGA-Aufl\u00f6sung (1366 x 768) sorgt f\u00fcr scharfe und lebendige Bilder \u2013 perfekt f\u00fcr allt\u00e4gliche Aktivit\u00e4ten wie Surfen, Videos ansehen und Arbeiten an Dokumenten.<\/p>\n<p>Dieser LCD-Bildschirm verf\u00fcgt \u00fcber einen 30-poligen eDP-Anschluss f\u00fcr eine einfache und sichere Installation. Die mitgelieferten oberen und unteren Halterungen sorgen f\u00fcr zus\u00e4tzliche Stabilit\u00e4t und einen sicheren Sitz des Bildschirms in Ihrem Laptop. Obwohl es sich nicht um einen IPS-Bildschirm handelt, bietet er dennoch eine gute Farbgenauigkeit und gro\u00dfe Betrachtungswinkel und ist daher f\u00fcr die meisten Nutzer geeignet.<\/p>\n<p>Der brandneue und in ausgezeichnetem Zustand befindliche N156BGA-E31 E41 EA2 EAA E32 ist der ideale Ersatz oder das Upgrade f\u00fcr Ihren vorhandenen Laptop-Bildschirm. Ob Student, Berufst\u00e4tiger oder Gelegenheitsnutzer \u2013 dieser Bildschirm bietet zuverl\u00e4ssige Leistung und ein klares, komfortables Seherlebnis.<\/p>\n","protected":false},"excerpt":{"rendered":"<p>R\u00fcsten Sie Ihr Laptop-Display mit dem LCD-Bildschirm N156BGA-E31 E41 EA2 EAA E32 auf. Dieser matte 15,6-Zoll-Bildschirm bietet WXGA-Aufl\u00f6sung und einen 30-poligen eDP-Anschluss f\u00fcr eine einfache Installation. Ausgestattet mit oberen und unteren Halterungen ist dieser brandneue Nicht-IPS-Bildschirm und liefert klare und zuverl\u00e4ssige Bilder f\u00fcr Ihre t\u00e4glichen Aufgaben.<\/p>\n","protected":false},"featured_media":15527,"template":"","meta":[],"product_brand":[],"product_cat":[105,95],"product_tag":[],"class_list":{"0":"post-15474","1":"product","2":"type-product","3":"status-publish","4":"has-post-thumbnail","6":"product_cat-15-6-new-laptop-screens-lcd-panels","7":"product_cat-new-laptop-screens-lcd-panels","9":"first","10":"instock","11":"taxable","12":"shipping-taxable","13":"purchasable","14":"product-type-simple"},"_links":{"self":[{"href":"https:\/\/boreait.com\/de\/wp-json\/wp\/v2\/product\/15474","targetHints":{"allow":["GET"]}}],"collection":[{"href":"https:\/\/boreait.com\/de\/wp-json\/wp\/v2\/product"}],"about":[{"href":"https:\/\/boreait.com\/de\/wp-json\/wp\/v2\/types\/product"}],"wp:featuredmedia":[{"embeddable":true,"href":"https:\/\/boreait.com\/de\/wp-json\/wp\/v2\/media\/15527"}],"wp:attachment":[{"href":"https:\/\/boreait.com\/de\/wp-json\/wp\/v2\/media?parent=15474"}],"wp:term":[{"taxonomy":"product_brand","embeddable":true,"href":"https:\/\/boreait.com\/de\/wp-json\/wp\/v2\/product_brand?post=15474"},{"taxonomy":"product_cat","embeddable":true,"href":"https:\/\/boreait.com\/de\/wp-json\/wp\/v2\/product_cat?post=15474"},{"taxonomy":"product_tag","embeddable":true,"href":"https:\/\/boreait.com\/de\/wp-json\/wp\/v2\/product_tag?post=15474"}],"curies":[{"name":"wp","href":"https:\/\/api.w.org\/{rel}","templated":true}]}}