{"id":15463,"date":"2025-09-16T13:21:42","date_gmt":"2025-09-16T11:21:42","guid":{"rendered":"https:\/\/boreait.com\/de\/?post_type=product&#038;p=15463"},"modified":"2025-09-16T13:24:03","modified_gmt":"2025-09-16T11:24:03","slug":"156-lcd-bildschirm-n156bga-eb2-rev-b1-c1-matt-30pin-wxga-neu","status":"publish","type":"product","link":"https:\/\/boreait.com\/de\/produkt\/156-lcd-bildschirm-n156bga-eb2-rev-b1-c1-matt-30pin-wxga-neu\/","title":{"rendered":"15,6&#8243; LCD-Bildschirm N156BGA-EB2 REV.B1\/C1 Matt 30Pin WXGA Neu"},"content":{"rendered":"<p>Aktuelles Modell: N156BGA-EA2 REV C1 oder B156XTN07.1 \u2013 VOLLST\u00c4NDIG KOMPATIBEL MIT N156BGA-EB2 REV.B1 und REV.C1<\/strong><\/p>\n<p>Der N156BGA-EB2 REV.B1\/C1 ist ein hochwertiger 15,6-Zoll-LCD-Bildschirm, der die Anzeigequalit\u00e4t Ihres Laptops optimiert. Seine matte Oberfl\u00e4che reduziert Blendeffekte und sorgt f\u00fcr ein angenehmes Seherlebnis \u2013 egal ob drinnen oder drau\u00dfen. Die WXGA-Aufl\u00f6sung (1366 x 768) sorgt f\u00fcr scharfe und detailreiche Bilder und eignet sich perfekt f\u00fcr alle Aufgaben \u2013 vom Surfen im Internet bis zum Ansehen von Videos.<\/p>\n<p>Ausgestattet mit einem 30-poligen eDP-Anschluss erm\u00f6glicht der N156BGA-EB2 REV.B1\/C1 eine einfache und zuverl\u00e4ssige Installation. Die oberen und unteren Halterungen sorgen f\u00fcr zus\u00e4tzliche Stabilit\u00e4t und machen die Installation unkompliziert und sicher. Obwohl es sich nicht um einen IPS-Bildschirm handelt, bietet er dennoch eine gute Farbgenauigkeit und gute Betrachtungswinkel und eignet sich daher f\u00fcr eine Vielzahl von Anwendungen.<\/p>\n<p>Der brandneue und einwandfreie N156BGA-EB2 REV.B1\/C1 ist die ideale Wahl f\u00fcr den Austausch oder die Aufr\u00fcstung Ihres aktuellen Laptop-Bildschirms. Ob Student, Berufst\u00e4tiger oder Gelegenheitsnutzer \u2013 dieser LCD-Bildschirm bietet eine konsistente und klare Leistung und verbessert Ihr Computererlebnis.<\/p>\n","protected":false},"excerpt":{"rendered":"<p>R\u00fcsten Sie Ihren Laptop mit dem LCD-Bildschirm N156BGA-EB2 REV.B1\/C1 auf. Dieses matte 15,6-Zoll-Display bietet WXGA-Aufl\u00f6sung und verf\u00fcgt \u00fcber einen 30-poligen eDP-Anschluss. Mit Halterungen oben und unten f\u00fcr eine sichere Montage liefert dieser brandneue Nicht-IPS-Bildschirm zuverl\u00e4ssige und klare Bilder f\u00fcr den t\u00e4glichen Gebrauch.<\/p>\n","protected":false},"featured_media":15527,"template":"","meta":[],"product_brand":[],"product_cat":[105,95],"product_tag":[],"class_list":{"0":"post-15463","1":"product","2":"type-product","3":"status-publish","4":"has-post-thumbnail","6":"product_cat-15-6-new-laptop-screens-lcd-panels","7":"product_cat-new-laptop-screens-lcd-panels","9":"first","10":"instock","11":"taxable","12":"shipping-taxable","13":"purchasable","14":"product-type-simple"},"_links":{"self":[{"href":"https:\/\/boreait.com\/de\/wp-json\/wp\/v2\/product\/15463","targetHints":{"allow":["GET"]}}],"collection":[{"href":"https:\/\/boreait.com\/de\/wp-json\/wp\/v2\/product"}],"about":[{"href":"https:\/\/boreait.com\/de\/wp-json\/wp\/v2\/types\/product"}],"wp:featuredmedia":[{"embeddable":true,"href":"https:\/\/boreait.com\/de\/wp-json\/wp\/v2\/media\/15527"}],"wp:attachment":[{"href":"https:\/\/boreait.com\/de\/wp-json\/wp\/v2\/media?parent=15463"}],"wp:term":[{"taxonomy":"product_brand","embeddable":true,"href":"https:\/\/boreait.com\/de\/wp-json\/wp\/v2\/product_brand?post=15463"},{"taxonomy":"product_cat","embeddable":true,"href":"https:\/\/boreait.com\/de\/wp-json\/wp\/v2\/product_cat?post=15463"},{"taxonomy":"product_tag","embeddable":true,"href":"https:\/\/boreait.com\/de\/wp-json\/wp\/v2\/product_tag?post=15463"}],"curies":[{"name":"wp","href":"https:\/\/api.w.org\/{rel}","templated":true}]}}