{"id":15451,"date":"2025-09-16T13:20:44","date_gmt":"2025-09-16T11:20:44","guid":{"rendered":"https:\/\/boreait.com\/de\/?post_type=product&#038;p=15451"},"modified":"2026-02-06T14:05:52","modified_gmt":"2026-02-06T13:05:52","slug":"dell-latitude-e5530-kuehlkoerper-und-luefter-p-n-09htyd-09hgbx-originalteile","status":"publish","type":"product","link":"https:\/\/boreait.com\/de\/produkt\/dell-latitude-e5530-kuehlkoerper-und-luefter-p-n-09htyd-09hgbx-originalteile\/","title":{"rendered":"Dell Latitude E5530 K\u00fchlk\u00f6rper und L\u00fcfter P\/N 09HTYD 09HGBX Originalteile"},"content":{"rendered":"<p>K\u00fchlk\u00f6rper & L\u00fcfter f\u00fcr Dell Latitude E5530 (Teilenummer 09HTYD 09HGBX)<\/p>\n<p>Sorgen Sie mit diesem Original-K\u00fchlk\u00f6rper und L\u00fcfter f\u00fcr einen effizienten Betrieb Ihres Dell Latitude E5530. Dieses Ersatzteil ersetzt defekte oder laute K\u00fchlkomponenten und sorgt f\u00fcr optimale Temperatur, verhindert \u00dcberhitzung und sorgt f\u00fcr einen reibungslosen Betrieb.<\/p>\n<p>**Produktmerkmale:**<\/p>\n<p>\u2013 **Kompatibilit\u00e4t:** Speziell f\u00fcr das Dell Latitude E5530 entwickelt.<\/p>\n<p>\u2013 **Teilenummern:** 09HTYD, 09HGBX.<\/p>\n<p>\u2013 **Funktionalit\u00e4t:** Leitet die W\u00e4rme effizient von der CPU ab und h\u00e4lt Ihr Notebook k\u00fchl und stabil.<\/p>\n<p>\u2013 **Zustand:** Die Artikelfotos zeigen die genauen Teile, die Sie erhalten, und spiegeln ihren aktuellen Zustand wider.<\/p>\n<p>**Warum Sie sich f\u00fcr diesen K\u00fchlk\u00f6rper & L\u00fcfter entscheiden sollten L\u00fcfter?**<\/p>\n<p>\u2013 **Verbesserte K\u00fchlung:** Ideal zum Ersetzen verschlissener oder lauter K\u00fchlkomponenten, um die Leistung Ihres Laptops zu erhalten.<\/p>\n<p>\u2013 **Direkter Austausch:** Einfache Installation ohne zus\u00e4tzliche Modifikationen.<\/p>\n<p>\u2013 **Weltweiter Versand:** Weltweit erh\u00e4ltlich und lieferbar, mit Schwerpunkt auf Europa.<\/p>\n<p>Bitte<\/p>\n","protected":false},"excerpt":{"rendered":"<p>K\u00fchlk\u00f6rper und L\u00fcfter f\u00fcr Dell Latitude E5530 (P\/N 09HTYD 09HGBX) \u2013 Original-Ersatzteile. Sorgen Sie mit dieser zuverl\u00e4ssigen K\u00fchlk\u00f6rper- und L\u00fcfterbaugruppe f\u00fcr optimale K\u00fchlung Ihres Dell Latitude E5530.<\/p>\n","protected":false},"featured_media":15512,"template":"","meta":[],"product_brand":[],"product_cat":[69],"product_tag":[53],"class_list":{"0":"post-15451","1":"product","2":"type-product","3":"status-publish","4":"has-post-thumbnail","6":"product_cat-cpu-fans-heatsinks","7":"product_tag-dell","9":"first","10":"instock","11":"taxable","12":"shipping-taxable","13":"purchasable","14":"product-type-simple"},"_links":{"self":[{"href":"https:\/\/boreait.com\/de\/wp-json\/wp\/v2\/product\/15451","targetHints":{"allow":["GET"]}}],"collection":[{"href":"https:\/\/boreait.com\/de\/wp-json\/wp\/v2\/product"}],"about":[{"href":"https:\/\/boreait.com\/de\/wp-json\/wp\/v2\/types\/product"}],"wp:featuredmedia":[{"embeddable":true,"href":"https:\/\/boreait.com\/de\/wp-json\/wp\/v2\/media\/15512"}],"wp:attachment":[{"href":"https:\/\/boreait.com\/de\/wp-json\/wp\/v2\/media?parent=15451"}],"wp:term":[{"taxonomy":"product_brand","embeddable":true,"href":"https:\/\/boreait.com\/de\/wp-json\/wp\/v2\/product_brand?post=15451"},{"taxonomy":"product_cat","embeddable":true,"href":"https:\/\/boreait.com\/de\/wp-json\/wp\/v2\/product_cat?post=15451"},{"taxonomy":"product_tag","embeddable":true,"href":"https:\/\/boreait.com\/de\/wp-json\/wp\/v2\/product_tag?post=15451"}],"curies":[{"name":"wp","href":"https:\/\/api.w.org\/{rel}","templated":true}]}}