{"id":15361,"date":"2025-09-16T13:14:37","date_gmt":"2025-09-16T11:14:37","guid":{"rendered":"https:\/\/boreait.com\/de\/?post_type=product&#038;p=15361"},"modified":"2026-02-06T13:11:38","modified_gmt":"2026-02-06T12:11:38","slug":"lenovo-thinkpad-t400-2-gb-2rx8-pc3-8500s-7-10-fp-ram-originalteile","status":"publish","type":"product","link":"https:\/\/boreait.com\/de\/produkt\/lenovo-thinkpad-t400-2-gb-2rx8-pc3-8500s-7-10-fp-ram-originalteile\/","title":{"rendered":"Lenovo Thinkpad T400 2 GB 2Rx8 PC3-8500S-7-10-FP RAM \u2013 Originalteile"},"content":{"rendered":"<p>2 GB 2Rx8 PC3-8500S-7-10-FP RAM f\u00fcr Lenovo Thinkpad T400<\/p>\n<p>Steigern Sie die Leistung Ihres Lenovo Thinkpad T400 mit diesem zuverl\u00e4ssigen 2-GB-RAM-Modul. Egal, ob Sie ein defektes Modul ersetzen oder Ihr System aufr\u00fcsten, dieser RAM ist f\u00fcr ein reibungsloses Zusammenspiel mit Ihrem T400 konzipiert.<\/p>\n<p>**Produktmerkmale:**<\/p>\n<p>\u2013 **Kompatibilit\u00e4t:** Speziell f\u00fcr das Lenovo Thinkpad T400 entwickelt.<\/p>\n<p>\u2013 **Spezifikationen:** 2 GB, 2Rx8, PC3-8500S-7-10-FP RAM, ideal zur Verbesserung der Systemleistung.<\/p>\n<p>\u2013 **Funktionalit\u00e4t:** Verbessert Multitasking und Gesamtgeschwindigkeit f\u00fcr ein reibungsloseres Computererlebnis.<\/p>\n<p>\u2013 **Qualit\u00e4t:** Originalersatzteil, gepr\u00fcft auf Zuverl\u00e4ssigkeit und Kompatibilit\u00e4t.<\/p>\n<p>**Warum dieses RAM-Modul?**<\/p>\n<p>\u2013 **Leistungssteigerung:** Perfekt f\u00fcr eine h\u00f6here Geschwindigkeit und Reaktionsf\u00e4higkeit Ihres Thinkpad T400.<\/p>\n<p>\u2013 **Direkter Austausch:** Einfach zu installieren, ohne zus\u00e4tzliche Konfigurationen.<\/p>\n<p>\u2013 **Weltweiter Versand:** Weltweite Lieferung, insbesondere nach Europa.<\/p>\n<p>Bitte beachten Sie, dass keine Installationsanleitung mitgeliefert wird. Sollten Sie Unterst\u00fctzung bei der Installation ben\u00f6tigen, kontaktieren Sie uns gerne.<\/p>\n<p>**Wichtig:** Die Fotos in dieser Auflistung zeigen das RAM-Modul, das Sie erhalten, in seinem aktuellen Zustand. Jedes Teil wird sorgf\u00e4ltig gepr\u00fcft, um die Qualit\u00e4t zu gew\u00e4hrleisten.<\/p>\n","protected":false},"excerpt":{"rendered":"<div class=\"dark bg-gray-950 rounded-md border-[0.5px] border-token-border-medium\">\n<div class=\"overflow-y-auto p-4\" dir=\"ltr\"><code class=\"!whitespace-pre hljs language-javascript\">2GB 2Rx8 <span class=\"hljs-title class_\">PC3<\/span>-8500S-<span class=\"hljs-number\">7<\/span>-<span class=\"hljs-number\">10<\/span>-<span class=\"hljs-variable constant_\">FP<\/span> <span class=\"hljs-variable constant_\">RAM<\/span> <span class=\"hljs-keyword\">f\u00fcr<\/span> <span class=\"hljs-title class_\">Lenovo<\/span> <span class=\"hljs-title class_\">Thinkpad<\/span> <span class=\"hljs-variable constant_\">T400<\/span> \u2013 <span class=\"hljs-title class_\">Steigern<\/span> Sie die Leistung Ihres Laptops <span class=\"hljs-keyword\">mit<\/span> <span class=\"hljs-variable language_\">diesem<\/span> originalen <span class=\"hljs-variable constant_\">RAM<\/span> <span class=\"hljs-variable language_\">Modul<\/span>, kompatibel <span class=\"hljs-keyword\">mit<\/span> dem <span class=\"hljs-title class_\">Lenovo<\/span> <span class=\"hljs-title class_\">Thinkpad<\/span> <span class=\"hljs-variable constant_\">T400<\/span>.<\/p>\n<p><\/code><\/div>\n<\/div>\n<h3><\/h3>\n","protected":false},"featured_media":15425,"template":"","meta":[],"product_brand":[],"product_cat":[73,72],"product_tag":[62],"class_list":{"0":"post-15361","1":"product","2":"type-product","3":"status-publish","4":"has-post-thumbnail","6":"product_cat-ddr3-ddr3l","7":"product_cat-ram-memory","8":"product_tag-lenovo","10":"first","11":"instock","12":"taxable","13":"shipping-taxable","14":"purchasable","15":"product-type-simple"},"_links":{"self":[{"href":"https:\/\/boreait.com\/de\/wp-json\/wp\/v2\/product\/15361","targetHints":{"allow":["GET"]}}],"collection":[{"href":"https:\/\/boreait.com\/de\/wp-json\/wp\/v2\/product"}],"about":[{"href":"https:\/\/boreait.com\/de\/wp-json\/wp\/v2\/types\/product"}],"wp:featuredmedia":[{"embeddable":true,"href":"https:\/\/boreait.com\/de\/wp-json\/wp\/v2\/media\/15425"}],"wp:attachment":[{"href":"https:\/\/boreait.com\/de\/wp-json\/wp\/v2\/media?parent=15361"}],"wp:term":[{"taxonomy":"product_brand","embeddable":true,"href":"https:\/\/boreait.com\/de\/wp-json\/wp\/v2\/product_brand?post=15361"},{"taxonomy":"product_cat","embeddable":true,"href":"https:\/\/boreait.com\/de\/wp-json\/wp\/v2\/product_cat?post=15361"},{"taxonomy":"product_tag","embeddable":true,"href":"https:\/\/boreait.com\/de\/wp-json\/wp\/v2\/product_tag?post=15361"}],"curies":[{"name":"wp","href":"https:\/\/api.w.org\/{rel}","templated":true}]}}