{"id":15327,"date":"2025-09-16T13:13:43","date_gmt":"2025-09-16T11:13:43","guid":{"rendered":"https:\/\/boreait.com\/de\/?post_type=product&#038;p=15327"},"modified":"2026-02-06T12:46:11","modified_gmt":"2026-02-06T11:46:11","slug":"lenovo-thinkpad-l530-linke-und-rechte-touchpad-tasten-original-ersatzteile","status":"publish","type":"product","link":"https:\/\/boreait.com\/de\/produkt\/lenovo-thinkpad-l530-linke-und-rechte-touchpad-tasten-original-ersatzteile\/","title":{"rendered":"Lenovo Thinkpad L530 Linke und rechte Touchpad-Tasten \u2013 Original-Ersatzteile"},"content":{"rendered":"<p>Linke und rechte Touchpad-Tasten f\u00fcr Lenovo Thinkpad L530<\/p>\n<p>Stellen Sie die Funktionalit\u00e4t Ihres Lenovo Thinkpad L530 mit diesem Original-Set aus linken und rechten Touchpad-Tasten wieder her. Diese Ersatzteile eignen sich ideal f\u00fcr den Austausch abgenutzter oder nicht reagierender Tasten und sorgen f\u00fcr eine reibungslose und pr\u00e4zise Touchpad-Bedienung.<\/p>\n<p>**Produktmerkmale:**<\/p>\n<p>\u2013 **Kompatibilit\u00e4t:** Speziell f\u00fcr das Lenovo Thinkpad L530 entwickelt.<\/p>\n<p>\u2013 **Funktionalit\u00e4t:** Ersetzt defekte oder besch\u00e4digte Touchpad-Tasten und verbessert so die allgemeine Touchpad-Reaktionsf\u00e4higkeit.<\/p>\n<p>\u2013 **Qualit\u00e4t:** Original-Ersatzteile f\u00fcr zuverl\u00e4ssige Leistung.<\/p>\n<p>\u2013 **Zustand:** Die beigef\u00fcgten Fotos zeigen die Teile, die Sie erhalten, in ihrem aktuellen Zustand.<\/p>\n<p>**Warum diese Touchpad-Tasten?**<\/p>\n<p>\u2013 **Verbesserte Benutzerfreundlichkeit:** Ideal zur Behebung von Problemen mit nicht reagierenden oder besch\u00e4digten Touchpad-Tasten.<\/p>\n<p>\u2013 **Direkter Austausch:** Einfache Installation ohne \u00c4nderungen.<\/p>\n<p>\u2013 **Weltweiter Versand:** Weltweit erh\u00e4ltlich und lieferbar, mit Schwerpunkt auf Europa.<\/p>\n<p>Eine Installationsanleitung ist nicht im Lieferumfang enthalten. Sollten Sie Hilfe bei der Installation ben\u00f6tigen, kontaktieren Sie uns bitte. Wir sorgen f\u00fcr einen reibungslosen Austausch.<\/p>\n<p>**Wichtig:** Die Fotos in dieser Auflistung zeigen die genauen Touchpad-Tasten, die Sie erhalten. Jedes Teil wird sorgf\u00e4ltig gepr\u00fcft, um Qualit\u00e4t und Kundenzufriedenheit zu gew\u00e4hrleisten.<\/p>\n","protected":false},"excerpt":{"rendered":"<p>Linke und rechte Touchpad-Tasten f\u00fcr Lenovo Thinkpad L530 \u2013 Original-Ersatzteile. Perfekt, um die volle Funktionalit\u00e4t Ihres Thinkpad L530 wiederherzustellen, indem Sie abgenutzte oder defekte Touchpad-Tasten ersetzen.<\/p>\n","protected":false},"featured_media":15379,"template":"","meta":[],"product_brand":[],"product_cat":[63],"product_tag":[62],"class_list":{"0":"post-15327","1":"product","2":"type-product","3":"status-publish","4":"has-post-thumbnail","6":"product_cat-motherboards-board-parts","7":"product_tag-lenovo","9":"first","10":"instock","11":"taxable","12":"shipping-taxable","13":"purchasable","14":"product-type-simple"},"_links":{"self":[{"href":"https:\/\/boreait.com\/de\/wp-json\/wp\/v2\/product\/15327","targetHints":{"allow":["GET"]}}],"collection":[{"href":"https:\/\/boreait.com\/de\/wp-json\/wp\/v2\/product"}],"about":[{"href":"https:\/\/boreait.com\/de\/wp-json\/wp\/v2\/types\/product"}],"wp:featuredmedia":[{"embeddable":true,"href":"https:\/\/boreait.com\/de\/wp-json\/wp\/v2\/media\/15379"}],"wp:attachment":[{"href":"https:\/\/boreait.com\/de\/wp-json\/wp\/v2\/media?parent=15327"}],"wp:term":[{"taxonomy":"product_brand","embeddable":true,"href":"https:\/\/boreait.com\/de\/wp-json\/wp\/v2\/product_brand?post=15327"},{"taxonomy":"product_cat","embeddable":true,"href":"https:\/\/boreait.com\/de\/wp-json\/wp\/v2\/product_cat?post=15327"},{"taxonomy":"product_tag","embeddable":true,"href":"https:\/\/boreait.com\/de\/wp-json\/wp\/v2\/product_tag?post=15327"}],"curies":[{"name":"wp","href":"https:\/\/api.w.org\/{rel}","templated":true}]}}