{"id":15319,"date":"2025-09-16T13:13:42","date_gmt":"2025-09-16T11:13:42","guid":{"rendered":"https:\/\/boreait.com\/de\/?post_type=product&#038;p=15319"},"modified":"2026-02-06T12:44:02","modified_gmt":"2026-02-06T11:44:02","slug":"scharniere-fuer-die-hauptplatine-des-lenovo-thinkpad-l530-original-ersatzteile","status":"publish","type":"product","link":"https:\/\/boreait.com\/de\/produkt\/scharniere-fuer-die-hauptplatine-des-lenovo-thinkpad-l530-original-ersatzteile\/","title":{"rendered":"Scharniere f\u00fcr die Hauptplatine des Lenovo ThinkPad L530 \u2013 Original-Ersatzteile"},"content":{"rendered":"<p>Motherboard-Scharniere f\u00fcr Lenovo ThinkPad L530<\/p>\n<p>Halten Sie Ihr Lenovo ThinkPad L530 mit diesem Original-Motherboard-Scharnier voll funktionsf\u00e4hig. Diese Teile ersetzen abgenutzte oder besch\u00e4digte Scharniere und sorgen daf\u00fcr, dass der Bildschirm Ihres Laptops sicher an seinem Platz bleibt und seine Stabilit\u00e4t und Bedienbarkeit erhalten bleibt.<\/p>\n<p>**Produktmerkmale:**<\/p>\n<p>\u2013 **Kompatibilit\u00e4t:** Speziell f\u00fcr das Lenovo ThinkPad L530 entwickelt.<\/p>\n<p>\u2013 **Funktionalit\u00e4t:** Ersetzt abgenutzte oder defekte Scharniere und stellt die strukturelle Integrit\u00e4t Ihres Laptops wieder her.<\/p>\n<p>\u2013 **Qualit\u00e4t:** Original-Ersatzteile f\u00fcr gleichbleibende und zuverl\u00e4ssige Leistung.<\/p>\n<p>\u2013 **Zustand:** Die Fotos in der Auflistung zeigen die Scharniere, die Sie erhalten, in ihrem aktuellen Zustand.<\/p>\n<p>**Warum diese Motherboard-Scharniere w\u00e4hlen?**<\/p>\n<p>\u2013 **Verbesserte Haltbarkeit:** Ideal zur Behebung von Problemen mit losen oder gebrochenen Scharnieren und zur Gew\u00e4hrleistung eines sicheren Bildschirms.<\/p>\n<p>\u2013 **Direkter Austausch:** Einfache Montage ohne zus\u00e4tzliche Modifikationen.<\/p>\n<p>\u2013 **Weltweite Verf\u00fcgbarkeit:** Weltweiter Versand mit Schwerpunkt auf europ\u00e4ischen M\u00e4rkten.<\/p>\n<p>Bitte beachten Sie, dass keine Montageanleitung enthalten ist. Sollten Sie weitere Unterst\u00fctzung bei der Montage ben\u00f6tigen, kontaktieren Sie uns gerne. Unser Support-Team hilft Ihnen gerne bei Fragen und Anliegen.<\/p>\n<p>**Wichtig:** Die Abbildungen in dieser Auflistung zeigen die Scharniere, die Sie erhalten. Jedes Scharnier wird sorgf\u00e4ltig gepr\u00fcft, um Qualit\u00e4t und Zufriedenheit zu gew\u00e4hrleisten.<\/p>\n","protected":false},"excerpt":{"rendered":"<p>Motherboard-Scharniere f\u00fcr Lenovo ThinkPad L530 \u2013 Original-Ersatzteile. Sorgen Sie mit diesen zuverl\u00e4ssigen Scharnieren f\u00fcr die Stabilit\u00e4t Ihres Laptops. Sie eignen sich perfekt zum Ersetzen abgenutzter oder besch\u00e4digter Teile.<\/p>\n","protected":false},"featured_media":15364,"template":"","meta":[],"product_brand":[],"product_cat":[55],"product_tag":[62],"class_list":{"0":"post-15319","1":"product","2":"type-product","3":"status-publish","4":"has-post-thumbnail","6":"product_cat-screen-hinge","7":"product_tag-lenovo","9":"first","10":"instock","11":"taxable","12":"shipping-taxable","13":"purchasable","14":"product-type-simple"},"_links":{"self":[{"href":"https:\/\/boreait.com\/de\/wp-json\/wp\/v2\/product\/15319","targetHints":{"allow":["GET"]}}],"collection":[{"href":"https:\/\/boreait.com\/de\/wp-json\/wp\/v2\/product"}],"about":[{"href":"https:\/\/boreait.com\/de\/wp-json\/wp\/v2\/types\/product"}],"wp:featuredmedia":[{"embeddable":true,"href":"https:\/\/boreait.com\/de\/wp-json\/wp\/v2\/media\/15364"}],"wp:attachment":[{"href":"https:\/\/boreait.com\/de\/wp-json\/wp\/v2\/media?parent=15319"}],"wp:term":[{"taxonomy":"product_brand","embeddable":true,"href":"https:\/\/boreait.com\/de\/wp-json\/wp\/v2\/product_brand?post=15319"},{"taxonomy":"product_cat","embeddable":true,"href":"https:\/\/boreait.com\/de\/wp-json\/wp\/v2\/product_cat?post=15319"},{"taxonomy":"product_tag","embeddable":true,"href":"https:\/\/boreait.com\/de\/wp-json\/wp\/v2\/product_tag?post=15319"}],"curies":[{"name":"wp","href":"https:\/\/api.w.org\/{rel}","templated":true}]}}