{"id":15277,"date":"2025-09-16T13:12:46","date_gmt":"2025-09-16T11:12:46","guid":{"rendered":"https:\/\/boreait.com\/de\/?post_type=product&#038;p=15277"},"modified":"2025-09-16T13:13:18","modified_gmt":"2025-09-16T11:13:18","slug":"14-nv140fhm-n46-fhd-ips-matte-lcd-bildschirm-30-pin-edp-laptop-display-neu","status":"publish","type":"product","link":"https:\/\/boreait.com\/de\/produkt\/14-nv140fhm-n46-fhd-ips-matte-lcd-bildschirm-30-pin-edp-laptop-display-neu\/","title":{"rendered":"14&#8243; NV140FHM-N46 FHD IPS Matte LCD-Bildschirm, 30 Pin eDP, Laptop-Display \u2013 Neu"},"content":{"rendered":"<p><strong>Aktuelles Bildschirmmodell: LP140WF8-SPFA \/ B140HAN01.1 \/ B140HAN04.0 \/ NV140FHM-N46 mit Halterungen \u2013 Vollst\u00e4ndig kompatibel mit NV140FHM-N46<\/strong><\/p>\n<p>R\u00fcsten Sie Ihr Laptop-Display mit dem <strong>NV140FHM-N46 14\u2033 LCD-Bildschirm<\/strong> auf. Dieser hochwertige Ersatzbildschirm bietet Full-HD-Aufl\u00f6sung (1920 x 1080) und In-Plane-Switching-Technologie (IPS) und sorgt so f\u00fcr lebendige Farben und gro\u00dfe Betrachtungswinkel f\u00fcr ein optimiertes Seherlebnis. Die matte Oberfl\u00e4che reduziert Blendeffekte und eignet sich daher ideal f\u00fcr den Innen- und Au\u00dfenbereich. Der 30-polige eDP-Anschluss gew\u00e4hrleistet die Kompatibilit\u00e4t mit einer Vielzahl von Laptop-Modellen. Egal, ob Sie einen besch\u00e4digten Bildschirm ersetzen oder f\u00fcr eine bessere Leistung aufr\u00fcsten m\u00f6chten \u2013 dieser brandneue LCD-Bildschirm ist die ideale Wahl f\u00fcr ein gestochen scharfes, klares und komfortables Display.<\/p>\n","protected":false},"excerpt":{"rendered":"<p>Verbessern Sie Ihr Laptop-Display mit dem 14-Zoll-LCD-Bildschirm NV140FHM-N46. Dieser FHD-IPS-Bildschirm bietet lebendige Farben, weite Betrachtungswinkel und eine matte Oberfl\u00e4che zur Reduzierung von Blendeffekten. Dieser neue Bildschirm ist \u00fcber seinen 30-poligen eDP-Anschluss mit verschiedenen Modellen kompatibel und sorgt f\u00fcr ein gestochen scharfes und klares Bilderlebnis.<\/p>\n","protected":false},"featured_media":15295,"template":"","meta":[],"product_brand":[],"product_cat":[98,95],"product_tag":[],"class_list":{"0":"post-15277","1":"product","2":"type-product","3":"status-publish","4":"has-post-thumbnail","6":"product_cat-14-new-laptop-screens-lcd-panels","7":"product_cat-new-laptop-screens-lcd-panels","9":"first","10":"instock","11":"taxable","12":"shipping-taxable","13":"purchasable","14":"product-type-simple"},"_links":{"self":[{"href":"https:\/\/boreait.com\/de\/wp-json\/wp\/v2\/product\/15277","targetHints":{"allow":["GET"]}}],"collection":[{"href":"https:\/\/boreait.com\/de\/wp-json\/wp\/v2\/product"}],"about":[{"href":"https:\/\/boreait.com\/de\/wp-json\/wp\/v2\/types\/product"}],"wp:featuredmedia":[{"embeddable":true,"href":"https:\/\/boreait.com\/de\/wp-json\/wp\/v2\/media\/15295"}],"wp:attachment":[{"href":"https:\/\/boreait.com\/de\/wp-json\/wp\/v2\/media?parent=15277"}],"wp:term":[{"taxonomy":"product_brand","embeddable":true,"href":"https:\/\/boreait.com\/de\/wp-json\/wp\/v2\/product_brand?post=15277"},{"taxonomy":"product_cat","embeddable":true,"href":"https:\/\/boreait.com\/de\/wp-json\/wp\/v2\/product_cat?post=15277"},{"taxonomy":"product_tag","embeddable":true,"href":"https:\/\/boreait.com\/de\/wp-json\/wp\/v2\/product_tag?post=15277"}],"curies":[{"name":"wp","href":"https:\/\/api.w.org\/{rel}","templated":true}]}}