{"id":15271,"date":"2025-09-16T13:12:45","date_gmt":"2025-09-16T11:12:45","guid":{"rendered":"https:\/\/boreait.com\/de\/?post_type=product&#038;p=15271"},"modified":"2025-09-16T13:13:10","modified_gmt":"2025-09-16T11:13:10","slug":"14-fhd-ips-matter-laptop-bildschirm-lp140wf8-spfa-30-pin-edp-mit-halterungen","status":"publish","type":"product","link":"https:\/\/boreait.com\/de\/produkt\/14-fhd-ips-matter-laptop-bildschirm-lp140wf8-spfa-30-pin-edp-mit-halterungen\/","title":{"rendered":"14&#8243; FHD IPS Matter Laptop-Bildschirm LP140WF8-SPFA, 30-Pin eDP \u2013 mit Halterungen"},"content":{"rendered":"<p><strong>Aktuelles Bildschirmmodell: LP140WF8-SPFA \/ B140HAN01.1 \/ B140HAN04.0 \/ NV140FHM-N46<\/strong><\/p>\n<p>Der LP140WF8-SPFA ist ein hochwertiger 14-Zoll-Full-HD-IPS-Laptop-Bildschirm (1920 x 1080) f\u00fcr au\u00dfergew\u00f6hnliche Bildsch\u00e4rfe und Farbgenauigkeit. Er eignet sich ideal f\u00fcr Nutzer, die ihren Laptop-Bildschirm durch ein hochwertiges Bauteil ersetzen oder aufr\u00fcsten m\u00f6chten.<\/p>\n<p>Die matte Oberfl\u00e4che minimiert Reflexionen und Blendeffekte und sorgt so f\u00fcr ein angenehmeres Seherlebnis, insbesondere in hellen Umgebungen. Die IPS-Technologie sorgt f\u00fcr konsistente Farben und gro\u00dfe Betrachtungswinkel und ist somit ideal f\u00fcr Profis, Gamer und Multimedia-Enthusiasten.<\/p>\n<p>Dieser Bildschirm ist mit einem 30-poligen eDP-Anschluss ausgestattet und somit mit einer Vielzahl von Laptops kompatibel. Die Installation ist unkompliziert und erm\u00f6glicht Ihnen ein schnelles Upgrade Ihres Ger\u00e4ts ohne technisches Fachwissen.<\/p>\n<p>Ob Sie mit einem besch\u00e4digten Display zu k\u00e4mpfen haben oder einfach nur die Leistung Ihres Laptops verbessern m\u00f6chten \u2013 der LP140WF8-SPFA ist die perfekte Wahl f\u00fcr einen gestochen scharfen, lebendigen und zuverl\u00e4ssigen Bildschirm.<\/p>\n<p><strong>Hauptmerkmale:<\/strong><\/p>\n<ul>\n<li><strong>Bildschirmgr\u00f6\u00dfe:<\/strong> 14 Zoll (mit Halterungen \u2013 siehe Foto)<\/li>\n<li><strong>Aufl\u00f6sung:<\/strong> Full HD (1920 x 1080)<\/li>\n<li><strong>Paneltyp:<\/strong> IPS<\/li>\n<li><strong>Oberfl\u00e4che:<\/strong> Matt<\/li>\n<li><strong>Anschluss:<\/strong> 30-Pin eDP<\/li>\n<li><strong>Zustand:<\/strong> Neu<\/li>\n<\/ul>\n<p>Verbessern Sie noch heute die Displayqualit\u00e4t Ihres Laptops mit dem LP140WF8-SPFA und genie\u00dfen Sie die perfekte Kombination aus Leistung, Klarheit und Langlebigkeit.<\/p>\n","protected":false},"excerpt":{"rendered":"<p>R\u00fcsten Sie Ihr Laptop-Display mit dem LP140WF8-SPFA auf, einem 14-Zoll-Full-HD-IPS-Bildschirm. Dank der matten Oberfl\u00e4che zur Reduzierung von Blendeffekten bietet dieser neue Bildschirm lebendige Farben und scharfe Bilder. Dank des 30-poligen eDP-Anschlusses ist eine schnelle und einfache Installation gew\u00e4hrleistet.<\/p>\n","protected":false},"featured_media":15295,"template":"","meta":[],"product_brand":[],"product_cat":[98,95],"product_tag":[],"class_list":{"0":"post-15271","1":"product","2":"type-product","3":"status-publish","4":"has-post-thumbnail","6":"product_cat-14-new-laptop-screens-lcd-panels","7":"product_cat-new-laptop-screens-lcd-panels","9":"first","10":"instock","11":"taxable","12":"shipping-taxable","13":"purchasable","14":"product-type-simple"},"_links":{"self":[{"href":"https:\/\/boreait.com\/de\/wp-json\/wp\/v2\/product\/15271","targetHints":{"allow":["GET"]}}],"collection":[{"href":"https:\/\/boreait.com\/de\/wp-json\/wp\/v2\/product"}],"about":[{"href":"https:\/\/boreait.com\/de\/wp-json\/wp\/v2\/types\/product"}],"wp:featuredmedia":[{"embeddable":true,"href":"https:\/\/boreait.com\/de\/wp-json\/wp\/v2\/media\/15295"}],"wp:attachment":[{"href":"https:\/\/boreait.com\/de\/wp-json\/wp\/v2\/media?parent=15271"}],"wp:term":[{"taxonomy":"product_brand","embeddable":true,"href":"https:\/\/boreait.com\/de\/wp-json\/wp\/v2\/product_brand?post=15271"},{"taxonomy":"product_cat","embeddable":true,"href":"https:\/\/boreait.com\/de\/wp-json\/wp\/v2\/product_cat?post=15271"},{"taxonomy":"product_tag","embeddable":true,"href":"https:\/\/boreait.com\/de\/wp-json\/wp\/v2\/product_tag?post=15271"}],"curies":[{"name":"wp","href":"https:\/\/api.w.org\/{rel}","templated":true}]}}