{"id":15264,"date":"2025-09-16T13:12:44","date_gmt":"2025-09-16T11:12:44","guid":{"rendered":"https:\/\/boreait.com\/de\/?post_type=product&#038;p=15264"},"modified":"2026-02-17T14:22:51","modified_gmt":"2026-02-17T13:22:51","slug":"dell-inspiron-17-5770-173-zoll-fhd-ips-matt-laptop-bildschirm-30-pin-neu","status":"publish","type":"product","link":"https:\/\/boreait.com\/de\/produkt\/dell-inspiron-17-5770-173-zoll-fhd-ips-matt-laptop-bildschirm-30-pin-neu\/","title":{"rendered":"Dell Inspiron 17 5770 17,3 Zoll FHD IPS Matt Laptop-Bildschirm 30-Pin Neu"},"content":{"rendered":"<p><strong>Aktuelles Bildschirmmodell: N173HCE-E31 Rev. C2 \/ NV173FHM-N41 v8.0 \u2013 voll kompatibel mit Laptop <span data-sheets-root=\"1\" data-sheets-value=\"{&quot;1&quot;:2,&quot;2&quot;:&quot;DELL INSPIRON 17 5770&quot;}\" data-sheets-userformat=\"{&quot;2&quot;:513,&quot;3&quot;:{&quot;1&quot;:0},&quot;12&quot;:0}\">DELL INSPIRON 17 5770<\/span><\/strong><\/p>\n<p>Optimieren Sie Ihr Computererlebnis mit diesem brandneuen 17,3-Zoll-Full-HD-IPS-LCD-Bildschirm, der speziell f\u00fcr das Dell Inspiron 17 5770 entwickelt wurde. Genie\u00dfen Sie kristallklare Bilder und pr\u00e4zise Farben mit der Full-HD-Aufl\u00f6sung \u2013 perfekt f\u00fcr alle Aufgaben, von Produktivit\u00e4tsaufgaben bis hin zum Streamen Ihrer Lieblingssendungen. Die IPS-Technologie sorgt f\u00fcr weite Betrachtungswinkel und somit f\u00fcr eine gleichbleibende Bildqualit\u00e4t aus jeder Perspektive.<\/p>\n<p><strong>Hauptmerkmale:<\/strong><\/p>\n<ul>\n<li><strong>Gr\u00f6\u00dfe und Aufl\u00f6sung:<\/strong> 17,3 Zoll mit Full HD (1920 x 1080) Aufl\u00f6sung f\u00fcr scharfe und lebendige Bilder.<\/li>\n<li><strong>Displaytechnologie:<\/strong> Die IPS-Technologie (In-Plane Switching) bietet \u00fcberragende Farbgenauigkeit und gr\u00f6\u00dfere Betrachtungswinkel.<\/li>\n<li><strong>Matte Oberfl\u00e4che:<\/strong> Die entspiegelte, matte Oberfl\u00e4che reduziert Reflexionen und Augenbelastung und sorgt f\u00fcr ein angenehmes Seherlebnis bei allen Lichtverh\u00e4ltnissen.<\/li>\n<li><strong>Anschluss:<\/strong> Ausgestattet mit einem 30-poligen eDP-Anschluss f\u00fcr problemlose Kompatibilit\u00e4t mit Ihrem Dell Inspiron 17 5770 Laptop.<\/li>\n<li><strong>Zustand:<\/strong> Brandneuer, hochwertiger Bildschirm zum Austausch Ihr vorhandenes Display.<\/li>\n<\/ul>\n<p><strong>Einfache Installation:<\/strong><\/p>\n<p>Dieser LCD-Bildschirm l\u00e4sst sich einfach installieren und sein Design entspricht den Originalspezifikationen Ihres Dell Inspiron 17 5770. Egal, ob Sie einen besch\u00e4digten Bildschirm ersetzen oder Ihr Display verbessern m\u00f6chten \u2013 dieser Bildschirm sorgt f\u00fcr eine problemlose Installation.<\/p>\n<p><strong>Warum unsere Bildschirme?<\/strong><\/p>\n<p>Wir bieten Ihnen hochwertige Ersatzteile, die den OEM-Standards entsprechen oder diese \u00fcbertreffen. Jeder Bildschirm wird strengen Tests unterzogen, um Zuverl\u00e4ssigkeit und Leistung zu gew\u00e4hrleisten \u2013 f\u00fcr ein sicheres Kauferlebnis.<\/p>\n<p>R\u00fcsten Sie Ihr Laptop-Display noch heute mit diesem hochwertigen 17,3-Zoll-LCD-Bildschirm f\u00fcr das Dell Inspiron 17 5770 auf und erleben Sie den Unterschied in Klarheit und Leistung.<\/p>\n","protected":false},"excerpt":{"rendered":"<p>R\u00fcsten Sie Ihr Dell Inspiron 17 5770 mit diesem matten 17,3-Zoll-Full-HD-IPS-Laptop-Bildschirm auf. Ausgestattet mit einem 30-poligen eDP-Anschluss bietet dieser Bildschirm atemberaubende Klarheit und ein blendfreies Seherlebnis \u2013 perfekt f\u00fcr Arbeit oder Unterhaltung. Brandneu und einfach zu installieren \u2013 die ideale L\u00f6sung, um den Bildschirm Ihres Laptops zu ersetzen und lebendige Bilder zu genie\u00dfen.<\/p>\n","protected":false},"featured_media":15258,"template":"","meta":[],"product_brand":[],"product_cat":[96,95],"product_tag":[53],"class_list":{"0":"post-15264","1":"product","2":"type-product","3":"status-publish","4":"has-post-thumbnail","6":"product_cat-17-3","7":"product_cat-new-laptop-screens-lcd-panels","8":"product_tag-dell","10":"first","11":"instock","12":"taxable","13":"shipping-taxable","14":"purchasable","15":"product-type-simple"},"_links":{"self":[{"href":"https:\/\/boreait.com\/de\/wp-json\/wp\/v2\/product\/15264","targetHints":{"allow":["GET"]}}],"collection":[{"href":"https:\/\/boreait.com\/de\/wp-json\/wp\/v2\/product"}],"about":[{"href":"https:\/\/boreait.com\/de\/wp-json\/wp\/v2\/types\/product"}],"wp:featuredmedia":[{"embeddable":true,"href":"https:\/\/boreait.com\/de\/wp-json\/wp\/v2\/media\/15258"}],"wp:attachment":[{"href":"https:\/\/boreait.com\/de\/wp-json\/wp\/v2\/media?parent=15264"}],"wp:term":[{"taxonomy":"product_brand","embeddable":true,"href":"https:\/\/boreait.com\/de\/wp-json\/wp\/v2\/product_brand?post=15264"},{"taxonomy":"product_cat","embeddable":true,"href":"https:\/\/boreait.com\/de\/wp-json\/wp\/v2\/product_cat?post=15264"},{"taxonomy":"product_tag","embeddable":true,"href":"https:\/\/boreait.com\/de\/wp-json\/wp\/v2\/product_tag?post=15264"}],"curies":[{"name":"wp","href":"https:\/\/api.w.org\/{rel}","templated":true}]}}