{"id":15263,"date":"2025-09-16T13:12:44","date_gmt":"2025-09-16T11:12:44","guid":{"rendered":"https:\/\/boreait.com\/de\/?post_type=product&#038;p=15263"},"modified":"2025-09-16T13:12:50","modified_gmt":"2025-09-16T11:12:50","slug":"asus-g751jy-g751-g751jt-g751jl-g751jm-173-zoll-fhd-ips-matter-laptop-bildschirm-neues-30-pin-edp","status":"publish","type":"product","link":"https:\/\/boreait.com\/de\/produkt\/asus-g751jy-g751-g751jt-g751jl-g751jm-173-zoll-fhd-ips-matter-laptop-bildschirm-neues-30-pin-edp\/","title":{"rendered":"Asus G751JY G751 G751JT G751JL G751JM 17,3 Zoll FHD IPS matter Laptop-Bildschirm \u2013 neues 30-Pin eDP"},"content":{"rendered":"<p><strong>Aktuelles Bildschirmmodell: N173HCE-E31 Rev. C2 \/ NV173FHM-N41 v8.0 \u2013 voll kompatibel mit den Laptops Asus G751JY, G751, G751JT, G751JL und G751JM<\/strong><\/p>\n<p>Upgraden Sie Ihr Laptop-Display mit diesem hochwertigen 17,3-Zoll-Full-HD-IPS-Bildschirm mit matter Anzeige, der speziell f\u00fcr die Modelle Asus G571J, G751JY, G751JT, G751JL und G751JM entwickelt wurde. Dieser brandneue LCD-Bildschirm bietet kristallklare Bilder und lebendige Farben und ist somit ideal f\u00fcr Gaming, professionelles Arbeiten oder gelegentliches Surfen.<\/p>\n<p><strong>Hauptmerkmale:<\/strong><\/p>\n<ul>\n<li><strong>17,3-Zoll-Full-HD-Display:<\/strong> Genie\u00dfen Sie atemberaubende Bilder mit einer Aufl\u00f6sung von 1920 x 1080 Pixeln f\u00fcr scharfe und klare Bilder Ein beeindruckendes Seherlebnis.<\/li>\n<li><strong>IPS-Technologie:<\/strong> Weite Betrachtungswinkel und eine hervorragende Farbwiedergabe sorgen f\u00fcr konsistente, hochwertige Bilder, egal ob Sie Filme ansehen, Fotos bearbeiten oder Spiele spielen.<\/li>\n<li><strong>Matte Oberfl\u00e4che:<\/strong> Die entspiegelte, matte Oberfl\u00e4che reduziert Reflexionen und Augenbelastung und erm\u00f6glicht Ihnen so komfortables Arbeiten bei unterschiedlichen Lichtverh\u00e4ltnissen.<\/li>\n<li><strong>30-Pin eDP-Anschluss:<\/strong> Die einfache Installation mit dem standardm\u00e4\u00dfigen 30-Pin eDP-Anschluss gew\u00e4hrleistet die Kompatibilit\u00e4t mit Ihren Asus-Laptopmodellen.<\/li>\n<li><strong>Langlebige Konstruktion:<\/strong> Langlebig und aus hochwertigen Materialien gefertigt, gew\u00e4hrleistet es langfristige Zuverl\u00e4ssigkeit und Leistung.<\/li>\n<\/ul>\n<p><strong>Kompatibilit\u00e4t:<\/strong><\/p>\n<ul>\n<li>Asus G571J<\/li>\n<li>Asus G751JY<\/li>\n<li>Asus G751JT<\/li>\n<li>Asus G751JL<\/li>\n<li>Asus G751JM<\/li>\n<\/ul>\n<p><strong>Zustand:<\/strong> Neuware<\/p>\n<p><strong>Installation:<\/strong><\/p>\n<p>Dank des 30-poligen eDP-Anschlusses ist der Austausch Ihres Laptop-Bildschirms ganz einfach. Wir empfehlen eine professionelle Installation, um optimale Leistung zu gew\u00e4hrleisten und Sch\u00e4den w\u00e4hrend des Austauschs zu vermeiden.<\/p>\n<p><strong>Warum sollten Sie sich f\u00fcr unser Produkt entscheiden?<\/strong><\/p>\n<p>Unsere LCD-Bildschirme werden nach h\u00f6chsten Standards gefertigt und garantieren au\u00dfergew\u00f6hnliche Qualit\u00e4t und Leistung. Jeder Bildschirm wird auf Kompatibilit\u00e4t und Zuverl\u00e4ssigkeit getestet, damit Sie sich keine Sorgen machen m\u00fcssen und ein reibungsloses Upgrade-Erlebnis haben.<\/p>\n","protected":false},"excerpt":{"rendered":"<p>Verbessern Sie Ihr Asus-Laptop-Erlebnis mit unserem matten 17,3-Zoll-FHD-IPS-Bildschirm, der f\u00fcr die Modelle G571J, G751JY, G751JT, G751JL und G751JM entwickelt wurde. Dieser neue LCD-Bildschirm bietet lebendige Farben, weite Betrachtungswinkel und eine blendfreie Oberfl\u00e4che f\u00fcr optimale Leistung bei allen Lichtverh\u00e4ltnissen. Dank des 30-poligen eDP-Anschlusses ist er einfach zu installieren und das perfekte Upgrade f\u00fcr \u00fcberragende Bildqualit\u00e4t.<\/p>\n","protected":false},"featured_media":15258,"template":"","meta":[],"product_brand":[],"product_cat":[96,95],"product_tag":[66],"class_list":{"0":"post-15263","1":"product","2":"type-product","3":"status-publish","4":"has-post-thumbnail","6":"product_cat-17-3","7":"product_cat-new-laptop-screens-lcd-panels","8":"product_tag-asus","10":"first","11":"instock","12":"taxable","13":"shipping-taxable","14":"purchasable","15":"product-type-simple"},"_links":{"self":[{"href":"https:\/\/boreait.com\/de\/wp-json\/wp\/v2\/product\/15263","targetHints":{"allow":["GET"]}}],"collection":[{"href":"https:\/\/boreait.com\/de\/wp-json\/wp\/v2\/product"}],"about":[{"href":"https:\/\/boreait.com\/de\/wp-json\/wp\/v2\/types\/product"}],"wp:featuredmedia":[{"embeddable":true,"href":"https:\/\/boreait.com\/de\/wp-json\/wp\/v2\/media\/15258"}],"wp:attachment":[{"href":"https:\/\/boreait.com\/de\/wp-json\/wp\/v2\/media?parent=15263"}],"wp:term":[{"taxonomy":"product_brand","embeddable":true,"href":"https:\/\/boreait.com\/de\/wp-json\/wp\/v2\/product_brand?post=15263"},{"taxonomy":"product_cat","embeddable":true,"href":"https:\/\/boreait.com\/de\/wp-json\/wp\/v2\/product_cat?post=15263"},{"taxonomy":"product_tag","embeddable":true,"href":"https:\/\/boreait.com\/de\/wp-json\/wp\/v2\/product_tag?post=15263"}],"curies":[{"name":"wp","href":"https:\/\/api.w.org\/{rel}","templated":true}]}}