{"id":15235,"date":"2025-09-16T13:11:54","date_gmt":"2025-09-16T11:11:54","guid":{"rendered":"https:\/\/boreait.com\/de\/?post_type=product&#038;p=15235"},"modified":"2025-10-15T14:13:26","modified_gmt":"2025-10-15T12:13:26","slug":"neuer-156-zoll-fhd-ips-mattbildschirm-30-pin-fuer-die-hp-15s-fq-serie","status":"publish","type":"product","link":"https:\/\/boreait.com\/de\/produkt\/neuer-156-zoll-fhd-ips-mattbildschirm-30-pin-fuer-die-hp-15s-fq-serie\/","title":{"rendered":"Neuer 15,6-Zoll-FHD-IPS-Mattbildschirm 30-Pin f\u00fcr die HP 15S-FQ-Serie"},"content":{"rendered":"<p><strong>Aktuelles LCD-Bildschirmmodell: B156ZAN03.6 oder N156HCA-EAB Rev C.4 \u2013 voll kompatibel mit der HP 15S-FQ Serie<\/strong><\/p>\n<p><strong>15,6\u2033 FHD IPS Laptop-Bildschirm f\u00fcr die HP 15S-FQ Serie<\/strong><\/p>\n<p>Erwecken Sie Ihr HP 15S-FQ Laptop mit diesem hochwertigen 15,6-Zoll-Ersatz-LCD-Bildschirm zu neuem Leben. Dieser Bildschirm wurde f\u00fcr Modelle wie das HP 15S-FQ1000, 15S-FQ1010 und 15S-FQ1020 entwickelt und bietet eine beeindruckende Full-HD-Aufl\u00f6sung von 1920 x 1080. Die fortschrittliche IPS-Technologie sorgt daf\u00fcr, dass die Farben auch bei Betrachtung aus gro\u00dfen Winkeln leuchtend und naturgetreu bleiben. Egal, ob Sie an Projekten arbeiten, Filme ansehen oder im Internet surfen \u2013 dieser Bildschirm liefert scharfe und lebendige Bilder f\u00fcr ein optimales Erlebnis.<\/p>\n<p>Der Die matte Oberfl\u00e4che dieses Bildschirms reduziert Blendeffekte und Reflexionen und erm\u00f6glicht Ihnen so eine komfortable Nutzung Ihres Laptops bei unterschiedlichen Lichtverh\u00e4ltnissen. Die Antireflexbeschichtung schont die Augen und erleichtert Ihnen so das Arbeiten und Spielen \u00fcber l\u00e4ngere Zeitr\u00e4ume.<\/p>\n<h4>Hauptmerkmale:<\/h4>\n<ul>\n<li><strong>Full-HD-Aufl\u00f6sung:<\/strong> Mit einer Aufl\u00f6sung von 1920 x 1080 bietet dieser Bildschirm kristallklare Bilder und lebendige Details \u2013 perfekt f\u00fcr alle Ihre Computeranforderungen.<\/li>\n<li><strong>IPS-Technologie:<\/strong> Erleben Sie gleichm\u00e4\u00dfige Helligkeit und pr\u00e4zise Farben \u00fcber einen weiten Betrachtungswinkel von 178 Grad und sorgen Sie so f\u00fcr hervorragende Bildqualit\u00e4t aus jeder Position.<\/li>\n<li><strong>Matte Oberfl\u00e4che:<\/strong> Die Antireflexbeschichtung reduziert Reflexionen und Augenerm\u00fcdung und sorgt f\u00fcr ein angenehmes Seherlebnis in hellen Umgebungen.<\/li>\n<li><strong>30-poliger eDP-Anschluss:<\/strong> Ausgestattet mit einem 30-poligen Embedded DisplayPort (eDP)-Anschluss ist dieser Bildschirm Entwickelt f\u00fcr eine einfache Installation und Kompatibilit\u00e4t mit der HP 15S-FQ-Serie.<\/li>\n<li><strong>Einfache Installation:<\/strong> Doppelseitige Klebestreifen sorgen f\u00fcr eine sichere Montage. Beachten Sie, dass dieser Bildschirm ohne Montagehalterungen geliefert wird. Sie m\u00fcssen daher vorhandene Halterungen verwenden oder separat erwerben.<\/li>\n<\/ul>\n<p>R\u00fcsten Sie Ihren Laptop mit diesem Ersatzbildschirm auf und genie\u00dfen Sie eine bessere Grafik und verbesserte Leistung. Bitte \u00fcberpr\u00fcfen Sie die Kompatibilit\u00e4t mit Ihrem HP 15S-FQ-Modell anhand der Spezifikationen Ihres Ger\u00e4ts, z. B. Anschlusstyp, Bildschirmgr\u00f6\u00dfe und Aufl\u00f6sung.<\/p>\n<h4>Einige der kompatiblen Modelle der HP 15S-FQ-Serie:<\/h4>\n<p>HP 15S-FQ1000nl<\/p>\n<p>15S-FQ2015NA<\/p>\n<p>HP 15S-FQ1020<\/p>\n<p>HP 15S-FQ1030<\/p>\n<p>HP 15S-FQ1040<\/p>\n<p>HP 15S-FQ1050<\/p>\n<p>HP 15S-FQ1060<\/p>\n<p>HP 15S-FQ1070<\/p>\n<p>HP 15S-FQ1080<\/p>\n<p>15s-fq0000tx<\/p>\n<p>15s-fq0001tx<\/p>\n<p>15s-fq0005tx<\/p>\n<p>HP 15S-FQ1008NS<\/p>\n<p>15S-FQ1009NS<\/p>\n<p>15S-FQ1010NS<\/p>\n<p>HP 15S-FQ1019NS<\/p>\n<p>15S-FQ1020NS<\/p>\n<p>HP 15S-FQ1029NS<\/p>\n<p>15S-FQ1030NS<\/p>\n<p>HP 15S-FQ1038NS<\/p>\n<p>15S-FQ1039NS<\/p>\n<p>15S-FQ1040NS<\/p>\n<p>HP 15S-FQ1049NS<\/p>\n<p>15S-FQ1050NS<\/p>\n<p>HP 15S-FQ1059NS<\/p>\n<p>15S-FQ1060NS<\/p>\n<p>HP 15S-FQ1068NS<\/p>\n<p>15S-FQ1069NS<\/p>\n<p>15S-FQ1070NS<\/p>\n<p>HP 15S-FQ1080NS<\/p>\n<p>15S-FQ1081NS<\/p>\n<p>15S-FQ1082NS<\/p>\n<p>HP 15S-FQ1089NS<\/p>\n<p>15S-FQ1090NS<\/p>\n<p>15S-FQ1091NS<\/p>\n<p>15s-fq3510ng<\/p>\n<p>HP 15s-fq2037ns<\/p>\n<p>HP 15s-fq5020na<\/p>\n<p>15s-fq5333ng<\/p>\n<p>15s-fq1512sa<\/p>\n<p>HP 15s-fq3324ng<\/p>\n<p>HP 15s-fq5811ng<\/p>\n<p>HP 15s-fq0510ng<\/p>\n<p>HP 15s-fq0006na<\/p>\n<p>HP 15s-fq3612ng<\/p>\n<p>HP 15s-fq0317ng<\/p>\n<p>HP Laptop 15s-fq2014sl<\/p>\n<p>\u00a0<\/p>\n<p>\u00a0<\/p>\n<p>\u00a0<\/p>\n","protected":false},"excerpt":{"rendered":"<p>Erneuern Sie Ihr HP 15S-FQ-Notebook mit diesem 15,6-Zoll-FHD-IPS-Bildschirm. Die IPS-Technologie bietet lebendige Farben und weite Betrachtungswinkel. Die matte Oberfl\u00e4che reduziert Blendeffekte und sorgt so f\u00fcr ein angenehmes Seherlebnis. Im Lieferumfang sind ein 30-poliger eDP-Anschluss und Klebestreifen f\u00fcr eine einfache Installation enthalten. Pr\u00fcfen Sie vor dem Kauf die Kompatibilit\u00e4t.<\/p>\n","protected":false},"featured_media":15243,"template":"","meta":[],"product_brand":[],"product_cat":[105,95],"product_tag":[],"class_list":{"0":"post-15235","1":"product","2":"type-product","3":"status-publish","4":"has-post-thumbnail","6":"product_cat-15-6-new-laptop-screens-lcd-panels","7":"product_cat-new-laptop-screens-lcd-panels","9":"first","10":"instock","11":"taxable","12":"shipping-taxable","13":"purchasable","14":"product-type-simple"},"_links":{"self":[{"href":"https:\/\/boreait.com\/de\/wp-json\/wp\/v2\/product\/15235","targetHints":{"allow":["GET"]}}],"collection":[{"href":"https:\/\/boreait.com\/de\/wp-json\/wp\/v2\/product"}],"about":[{"href":"https:\/\/boreait.com\/de\/wp-json\/wp\/v2\/types\/product"}],"wp:featuredmedia":[{"embeddable":true,"href":"https:\/\/boreait.com\/de\/wp-json\/wp\/v2\/media\/15243"}],"wp:attachment":[{"href":"https:\/\/boreait.com\/de\/wp-json\/wp\/v2\/media?parent=15235"}],"wp:term":[{"taxonomy":"product_brand","embeddable":true,"href":"https:\/\/boreait.com\/de\/wp-json\/wp\/v2\/product_brand?post=15235"},{"taxonomy":"product_cat","embeddable":true,"href":"https:\/\/boreait.com\/de\/wp-json\/wp\/v2\/product_cat?post=15235"},{"taxonomy":"product_tag","embeddable":true,"href":"https:\/\/boreait.com\/de\/wp-json\/wp\/v2\/product_tag?post=15235"}],"curies":[{"name":"wp","href":"https:\/\/api.w.org\/{rel}","templated":true}]}}