{"id":15234,"date":"2025-09-16T13:11:54","date_gmt":"2025-09-16T11:11:54","guid":{"rendered":"https:\/\/boreait.com\/de\/?post_type=product&#038;p=15234"},"modified":"2025-10-15T14:13:26","modified_gmt":"2025-10-15T12:13:26","slug":"156-zoll-fhd-ips-mattbildschirm-30-pin-fuer-asus-vivobook-pro-15-m3500qc-ds71","status":"publish","type":"product","link":"https:\/\/boreait.com\/de\/produkt\/156-zoll-fhd-ips-mattbildschirm-30-pin-fuer-asus-vivobook-pro-15-m3500qc-ds71\/","title":{"rendered":"15,6 Zoll FHD IPS Mattbildschirm 30-Pin f\u00fcr ASUS VivoBook Pro 15 M3500QC-DS71"},"content":{"rendered":"<p><strong>Aktuelles LCD-Bildschirmmodell: B156ZAN03.6 oder N156HCA-EAB Rev C.4 \u2013 kompatibel mit <span data-sheets-root=\"1\" data-sheets-value=\"{&quot;1&quot;:2,&quot;2&quot;:&quot;ASUS VIVOBOOK PRO 15 M3500QC-DS71&quot;}\" data-sheets-userformat=\"{&quot;2&quot;:513,&quot;3&quot;:{&quot;1&quot;:0},&quot;12&quot;:0}\">ASUS VIVOBOOK PRO 15 M3500QC-DS71<\/span><\/strong><\/p>\n<p><strong>15,6\u2033 FHD IPS Laptop-Bildschirm f\u00fcr ASUS VivoBook Pro 15 M3500QC-DS71<\/strong><\/p>\n<p>Verleihen Sie Ihrem ASUS VivoBook Pro 15 M3500QC-DS71 \u2013 ein optisches Upgrade mit diesem leistungsstarken 15,6-Zoll-LCD-Ersatzbildschirm. Mit einer Full-HD-Aufl\u00f6sung von 1920 x 1080 Pixeln liefert dieser Bildschirm atemberaubende Bildsch\u00e4rfe und Detailtreue \u2013 perfekt f\u00fcr jede Aufgabe, egal ob kreative Arbeit, Gaming oder Streaming. Die fortschrittliche IPS-Technologie (In-Plane Switching) sorgt daf\u00fcr, dass die Farben auch bei gro\u00dfen Betrachtungswinkeln lebendig und naturgetreu bleiben, sodass Sie aus jeder Position ein beeindruckendes Seherlebnis genie\u00dfen k\u00f6nnen.<\/p>\n<p>Die matte Oberfl\u00e4che dieses Bildschirms reduziert effektiv Blendeffekte und Reflexionen und eignet sich daher ideal f\u00fcr den Einsatz in hellen Umgebungen wie B\u00fcros oder im Freien. Die Antireflexbeschichtung minimiert die Augenbelastung und sorgt f\u00fcr Komfort bei stundenlanger Bildschirmarbeit.<\/p>\n<h4>Hauptmerkmale:<\/h4>\n<ul>\n<li><strong>Full-HD-Aufl\u00f6sung:<\/strong> Erleben Sie kristallklare Bilder mit einer Aufl\u00f6sung von 1920 x 1080 Pixeln, die jedes Detail hervorhebt und sich perfekt f\u00fcr Ihre Unterhaltung und Arbeit eignet. Bed\u00fcrfnisse.<\/li>\n<li><strong>IPS-Technologie:<\/strong> Genie\u00dfen Sie konsistente Farbgenauigkeit und scharfe Bilder \u00fcber einen Betrachtungswinkel von 178 Grad \u2013 Ihr Bildschirm sieht aus jeder Perspektive gro\u00dfartig aus.<\/li>\n<li><strong>Matte Oberfl\u00e4che:<\/strong> Die entspiegelte Oberfl\u00e4che reduziert Reflexionen und sorgt f\u00fcr ein angenehmes und ablenkungsfreies Seherlebnis bei unterschiedlichen Lichtverh\u00e4ltnissen.<\/li>\n<li><strong>30-poliger eDP-Anschluss:<\/strong> Dieser Bildschirm ist mit einem 30-poligen Embedded DisplayPort (eDP)-Anschluss ausgestattet, der eine einfache Installation und Kompatibilit\u00e4t mit den ASUS VivoBook Pro 15 M3500QC-DS71-Modellen gew\u00e4hrleistet.<\/li>\n<li><strong>M\u00fchelose Installation:<\/strong> Wird mit doppelseitigen Klebestreifen f\u00fcr eine schnelle und sichere Installation geliefert.<\/li>\n<\/ul>\n<p>Dieser LCD-Bildschirm ist eine ausgezeichnete Wahl f\u00fcr den Austausch eines besch\u00e4digten Displays oder die Aufr\u00fcstung Ihres Laptops f\u00fcr verbesserte Leistung. Stellen Sie vor dem Kauf sicher, dass dieser Bildschirm mit Ihrem ASUS VivoBook Pro kompatibel ist. 15-Modell, indem Sie die Spezifikationen Ihres Ger\u00e4ts hinsichtlich Anschlusstyp, Bildschirmgr\u00f6\u00dfe und Aufl\u00f6sung \u00fcberpr\u00fcfen.<\/p>\n","protected":false},"excerpt":{"rendered":"<p>Werten Sie Ihr ASUS VivoBook Pro 15 M3500QC-DS71 mit diesem 15,6-Zoll-FHD-IPS-Bildschirm auf. Die IPS-Technologie bietet lebendige Farben und weite Betrachtungswinkel. Die matte Oberfl\u00e4che reduziert Blendeffekte und sorgt so f\u00fcr ein angenehmes Seherlebnis. Im Lieferumfang sind ein 30-poliger eDP-Anschluss und Klebestreifen f\u00fcr eine einfache Installation enthalten. Pr\u00fcfen Sie vor dem Kauf die Kompatibilit\u00e4t mit Ihrem Modell.<\/p>\n","protected":false},"featured_media":15243,"template":"","meta":[],"product_brand":[],"product_cat":[105,95],"product_tag":[66],"class_list":{"0":"post-15234","1":"product","2":"type-product","3":"status-publish","4":"has-post-thumbnail","6":"product_cat-15-6-new-laptop-screens-lcd-panels","7":"product_cat-new-laptop-screens-lcd-panels","8":"product_tag-asus","10":"first","11":"instock","12":"taxable","13":"shipping-taxable","14":"purchasable","15":"product-type-simple"},"_links":{"self":[{"href":"https:\/\/boreait.com\/de\/wp-json\/wp\/v2\/product\/15234","targetHints":{"allow":["GET"]}}],"collection":[{"href":"https:\/\/boreait.com\/de\/wp-json\/wp\/v2\/product"}],"about":[{"href":"https:\/\/boreait.com\/de\/wp-json\/wp\/v2\/types\/product"}],"wp:featuredmedia":[{"embeddable":true,"href":"https:\/\/boreait.com\/de\/wp-json\/wp\/v2\/media\/15243"}],"wp:attachment":[{"href":"https:\/\/boreait.com\/de\/wp-json\/wp\/v2\/media?parent=15234"}],"wp:term":[{"taxonomy":"product_brand","embeddable":true,"href":"https:\/\/boreait.com\/de\/wp-json\/wp\/v2\/product_brand?post=15234"},{"taxonomy":"product_cat","embeddable":true,"href":"https:\/\/boreait.com\/de\/wp-json\/wp\/v2\/product_cat?post=15234"},{"taxonomy":"product_tag","embeddable":true,"href":"https:\/\/boreait.com\/de\/wp-json\/wp\/v2\/product_tag?post=15234"}],"curies":[{"name":"wp","href":"https:\/\/api.w.org\/{rel}","templated":true}]}}