{"id":15231,"date":"2025-09-16T13:11:54","date_gmt":"2025-09-16T11:11:54","guid":{"rendered":"https:\/\/boreait.com\/de\/?post_type=product&#038;p=15231"},"modified":"2025-10-15T14:13:26","modified_gmt":"2025-10-15T12:13:26","slug":"neu-156-fhd-ips-matt-laptop-bildschirm-30-pin-edp-mb156cs01-8","status":"publish","type":"product","link":"https:\/\/boreait.com\/de\/produkt\/neu-156-fhd-ips-matt-laptop-bildschirm-30-pin-edp-mb156cs01-8\/","title":{"rendered":"NEU 15,6&#8243; FHD IPS Matt Laptop-Bildschirm 30-Pin eDP &#8211; MB156CS01-8"},"content":{"rendered":"<p><strong>Aktuelles LCD-Bildschirmmodell: B156ZAN03.6 oder N156HCA-EAB Rev C.4 \u2013 voll kompatibel mit <span data-sheets-root=\"1\" data-sheets-value=\"{&quot;1&quot;:2,&quot;2&quot;:&quot;MB156CS01-8&quot;}\" data-sheets-userformat=\"{&quot;2&quot;:513,&quot;3&quot;:{&quot;1&quot;:0},&quot;12&quot;:0}\">MB156CS01-8<\/span><\/strong><\/p>\n<p><strong>MB156CS01-8 15,6\u2033 FHD IPS Laptop-Bildschirm<\/strong><\/p>\n<p>Optimieren Sie das visuelle Erlebnis Ihres Laptops mit dem <strong>MB156CS01-8<\/strong> LCD-Bildschirm. Dieser 15,6-Zoll-Full-HD-Bildschirm bietet atemberaubende Klarheit und Farben. Das Display bietet eine Aufl\u00f6sung von 1920 x 1080 und eignet sich damit perfekt f\u00fcr alle Aufgaben \u2013 vom Surfen und B\u00fcroarbeiten bis hin zu Videobearbeitung und Gaming. Die IPS-Technologie (In-Plane Switching) sorgt f\u00fcr au\u00dfergew\u00f6hnliche Farbgenauigkeit und Helligkeitskonsistenz sowie gro\u00dfe Betrachtungswinkel, die die Qualit\u00e4t aus jeder Perspektive erhalten.<\/p>\n<p>Die matte Oberfl\u00e4che des Bildschirms reduziert effektiv Blendeffekte und sorgt f\u00fcr ein angenehmes Seherlebnis in jeder Lichtumgebung. Ob in einem hellen B\u00fcro oder einem schwach beleuchteten Raum \u2013 die Antireflexbeschichtung minimiert Reflexionen, schont die Augen und verbessert den Sehkomfort.<\/p>\n<h4>Hauptmerkmale:<\/h4>\n<ul>\n<li><strong>Full-HD-Aufl\u00f6sung:<\/strong> Genie\u00dfen Sie hochaufl\u00f6sende Details mit einer Aufl\u00f6sung von 1920 x 1080, die Bilder und Videos mit brillanter Klarheit zum Leben erweckt.<\/li>\n<li><strong>IPS-Technologie:<\/strong> Erhalten Sie konsistente Farben und scharfe Bilder \u00fcber einen weiten Betrachtungswinkel von 178 Grad, sodass Ihr Bildschirm aus jeder Perspektive gro\u00dfartig aussieht.<\/li>\n<li><strong>Matte Oberfl\u00e4che:<\/strong> Die entspiegelte Oberfl\u00e4che minimiert Reflexionen und schont so die Augen bei stundenlanger Nutzung und in hell erleuchteten Umgebungen.<\/li>\n<li><strong>30-poliger eDP-Anschluss:<\/strong> Dieser Bildschirm ist mit einem 30-poligen Embedded DisplayPort (eDP)-Anschluss ausgestattet, der eine breite Kompatibilit\u00e4t mit verschiedenen Laptopmodellen und eine einfache Installation gew\u00e4hrleistet.<\/li>\n<li><strong>Einfache Installation:<\/strong> Doppelseitige Klebestreifen sorgen f\u00fcr eine problemlose Installation.<\/li>\n<\/ul>\n<p>Der <strong>MB156CS01-8<\/strong> LCD-Bildschirm ist eine hervorragende Wahl f\u00fcr alle, die einen besch\u00e4digten Bildschirm ersetzen oder das Display ihres Laptops aufr\u00fcsten m\u00f6chten. Mit seiner beeindruckenden Bildqualit\u00e4t und der unkomplizierten Installation verbessert dieser Bildschirm Ihr Computererlebnis. \u00dcberpr\u00fcfen Sie vor dem Kauf unbedingt die Kompatibilit\u00e4t mit Ihrem Laptopmodell hinsichtlich Anschlusstyp, Bildschirmgr\u00f6\u00dfe und Aufl\u00f6sung.<\/p>\n","protected":false},"excerpt":{"rendered":"<p>R\u00fcsten Sie Ihren Laptop mit dem 15,6&#8243; Full HD IPS-Bildschirm <strong>MB156CS01-8<\/strong> auf. Genie\u00dfen Sie lebendige Farben und eine gleichbleibende Bildqualit\u00e4t mit IPS-Technologie und einer matten Oberfl\u00e4che, die Blendeffekte reduziert. Wird mit einem 30-poligen eDP-Anschluss und doppelseitigen Klebestreifen f\u00fcr eine einfache Installation geliefert. \u00dcberpr\u00fcfen Sie vor dem Kauf die Kompatibilit\u00e4t mit Ihrem Laptopmodell.<\/p>\n","protected":false},"featured_media":15243,"template":"","meta":[],"product_brand":[],"product_cat":[105,95],"product_tag":[],"class_list":{"0":"post-15231","1":"product","2":"type-product","3":"status-publish","4":"has-post-thumbnail","6":"product_cat-15-6-new-laptop-screens-lcd-panels","7":"product_cat-new-laptop-screens-lcd-panels","9":"first","10":"instock","11":"taxable","12":"shipping-taxable","13":"purchasable","14":"product-type-simple"},"_links":{"self":[{"href":"https:\/\/boreait.com\/de\/wp-json\/wp\/v2\/product\/15231","targetHints":{"allow":["GET"]}}],"collection":[{"href":"https:\/\/boreait.com\/de\/wp-json\/wp\/v2\/product"}],"about":[{"href":"https:\/\/boreait.com\/de\/wp-json\/wp\/v2\/types\/product"}],"wp:featuredmedia":[{"embeddable":true,"href":"https:\/\/boreait.com\/de\/wp-json\/wp\/v2\/media\/15243"}],"wp:attachment":[{"href":"https:\/\/boreait.com\/de\/wp-json\/wp\/v2\/media?parent=15231"}],"wp:term":[{"taxonomy":"product_brand","embeddable":true,"href":"https:\/\/boreait.com\/de\/wp-json\/wp\/v2\/product_brand?post=15231"},{"taxonomy":"product_cat","embeddable":true,"href":"https:\/\/boreait.com\/de\/wp-json\/wp\/v2\/product_cat?post=15231"},{"taxonomy":"product_tag","embeddable":true,"href":"https:\/\/boreait.com\/de\/wp-json\/wp\/v2\/product_tag?post=15231"}],"curies":[{"name":"wp","href":"https:\/\/api.w.org\/{rel}","templated":true}]}}