{"id":15218,"date":"2025-09-16T13:11:31","date_gmt":"2025-09-16T11:11:31","guid":{"rendered":"https:\/\/boreait.com\/de\/?post_type=product&#038;p=15218"},"modified":"2025-10-15T14:13:26","modified_gmt":"2025-10-15T12:13:26","slug":"neu-n156hca-eba-156-fhd-ips-laptop-bildschirm-matt-30-pin-edp","status":"publish","type":"product","link":"https:\/\/boreait.com\/de\/produkt\/neu-n156hca-eba-156-fhd-ips-laptop-bildschirm-matt-30-pin-edp\/","title":{"rendered":"NEU N156HCA-EBA 15,6&#8243; FHD IPS Laptop-Bildschirm, matt, 30-Pin eDP"},"content":{"rendered":"<p><strong>Aktuelles LCD-Bildschirmmodell: B156ZAN03.6 oder N156HCA-EAB Rev C.4 \u2013 voll kompatibel mit <span data-sheets-root=\"1\" data-sheets-value=\"{&quot;1&quot;:2,&quot;2&quot;:&quot;N156HCA-EBA&quot;}\" data-sheets-userformat=\"{&quot;2&quot;:513,&quot;3&quot;:{&quot;1&quot;:0},&quot;12&quot;:0}\">N156HCA-EBA<\/span><\/strong><\/p>\n<p><strong>N156HCA-EBA 15,6\u2033 FHD IPS Laptop-Bildschirm<\/strong><\/p>\n<p>Steigern Sie die Leistung Ihres Laptops mit dem N156HCA-EBA LCD-Bildschirm. Dieses 15,6-Zoll-Display bietet Full HD-Aufl\u00f6sung (1920 x 1080) und bietet Ihnen Mit scharfen und detailreichen Bildern f\u00fcr alle Ihre Aufgaben. Die IPS-Technologie (In-Plane Switching) sorgt f\u00fcr lebendige Farben und gleichm\u00e4\u00dfige Helligkeit \u00fcber weite Betrachtungswinkel hinweg und eignet sich somit perfekt f\u00fcr Arbeit und Unterhaltung. Egal, ob Sie Filme ansehen, Fotos bearbeiten oder einfach im Internet surfen \u2013 dieser Bildschirm bietet ein hochwertiges Seherlebnis.<\/p>\n<h4>Hauptmerkmale:<\/h4>\n<ul>\n<li><strong>Beeindruckende Full-HD-Klarheit:<\/strong> Genie\u00dfen Sie lebensechte Details und Klarheit mit einer Aufl\u00f6sung von 1920 x 1080 \u2013 ideal f\u00fcr alles, vom Video-Streaming bis hin zu detailreicher Grafikarbeit.<\/li>\n<li><strong>Lebendige IPS-Technologie:<\/strong> Erleben Sie verbesserte Farbgenauigkeit und einen weiten Betrachtungswinkel von 178 Grad, sodass Ihr Bildschirm aus jeder Perspektive gro\u00dfartig aussieht.<\/li>\n<li><strong>Mattierte Antireflex-Oberfl\u00e4che:<\/strong> Die matte Oberfl\u00e4che reduziert Blendeffekte und Reflexionen und sorgt so f\u00fcr ein angenehmeres Seherlebnis bei unterschiedlichen Lichtverh\u00e4ltnissen und schont die Augen.<\/li>\n<li><strong>30-Pin eDP-Anschluss:<\/strong> Dank des 30-Pin Embedded DisplayPort (eDP)-Anschlusses ist dieser Bildschirm mit einer Vielzahl von Laptop-Modellen kompatibel und l\u00e4sst sich daher einfach installieren und integrieren.<\/li>\n<li><strong>Einfache Installation:<\/strong> Mit doppelseitigen Klebestreifen f\u00fcr eine schnelle und sichere Installation.<\/li>\n<\/ul>\n<p>Der LCD-Laptop-Bildschirm N156HCA-EBA ist die perfekte Wahl f\u00fcr alle, die einen defekten Bildschirm ersetzen oder die Leistung verbessern m\u00f6chten. Die hochwertige Optik und die einfache Installation machen ihn zu einer zuverl\u00e4ssigen Option zur Verbesserung Ihres Laptop-Displays. Bitte \u00fcberpr\u00fcfen Sie vor dem Kauf die Kompatibilit\u00e4t mit Ihrem Laptop-Modell hinsichtlich Anschlusstyp, Bildschirmgr\u00f6\u00dfe und Aufl\u00f6sung.<\/p>\n","protected":false},"excerpt":{"rendered":"<p>Optimieren Sie die Anzeige Ihres Laptops mit dem 15,6-Zoll-Full-HD-IPS-Bildschirm N156HCA-EBA. Dank der IPS-Technologie bietet dieser matte Bildschirm lebendige Farben und weite Betrachtungswinkel und reduziert Blendeffekte f\u00fcr ein komfortables Seherlebnis. Inklusive 30-poligem eDP-Anschluss und doppelseitigen Klebestreifen f\u00fcr eine einfache Installation. Stellen Sie vor dem Kauf sicher, dass das Display mit Ihrem Laptopmodell kompatibel ist.<\/p>\n","protected":false},"featured_media":15243,"template":"","meta":[],"product_brand":[],"product_cat":[105,95],"product_tag":[],"class_list":{"0":"post-15218","1":"product","2":"type-product","3":"status-publish","4":"has-post-thumbnail","6":"product_cat-15-6-new-laptop-screens-lcd-panels","7":"product_cat-new-laptop-screens-lcd-panels","9":"first","10":"instock","11":"taxable","12":"shipping-taxable","13":"purchasable","14":"product-type-simple"},"_links":{"self":[{"href":"https:\/\/boreait.com\/de\/wp-json\/wp\/v2\/product\/15218","targetHints":{"allow":["GET"]}}],"collection":[{"href":"https:\/\/boreait.com\/de\/wp-json\/wp\/v2\/product"}],"about":[{"href":"https:\/\/boreait.com\/de\/wp-json\/wp\/v2\/types\/product"}],"wp:featuredmedia":[{"embeddable":true,"href":"https:\/\/boreait.com\/de\/wp-json\/wp\/v2\/media\/15243"}],"wp:attachment":[{"href":"https:\/\/boreait.com\/de\/wp-json\/wp\/v2\/media?parent=15218"}],"wp:term":[{"taxonomy":"product_brand","embeddable":true,"href":"https:\/\/boreait.com\/de\/wp-json\/wp\/v2\/product_brand?post=15218"},{"taxonomy":"product_cat","embeddable":true,"href":"https:\/\/boreait.com\/de\/wp-json\/wp\/v2\/product_cat?post=15218"},{"taxonomy":"product_tag","embeddable":true,"href":"https:\/\/boreait.com\/de\/wp-json\/wp\/v2\/product_tag?post=15218"}],"curies":[{"name":"wp","href":"https:\/\/api.w.org\/{rel}","templated":true}]}}