{"id":15216,"date":"2025-09-16T13:11:30","date_gmt":"2025-09-16T11:11:30","guid":{"rendered":"https:\/\/boreait.com\/de\/?post_type=product&#038;p=15216"},"modified":"2025-10-15T14:13:27","modified_gmt":"2025-10-15T12:13:27","slug":"neu-156-fhd-ips-laptop-bildschirm-matt-30-pin-edp-lp156wf9-spm9","status":"publish","type":"product","link":"https:\/\/boreait.com\/de\/produkt\/neu-156-fhd-ips-laptop-bildschirm-matt-30-pin-edp-lp156wf9-spm9\/","title":{"rendered":"NEU 15,6&#8243; FHD IPS Laptop-Bildschirm, matt, 30-Pin eDP \u2013 LP156WF9-SPM9"},"content":{"rendered":"<p><strong>Aktuelles LCD-Bildschirmmodell: B156ZAN03.6 oder N156HCA-EAB Rev C.4 \u2013 voll kompatibel mit <span data-sheets-root=\"1\" data-sheets-value=\"{&quot;1&quot;:2,&quot;2&quot;:&quot;LP156WF9-SPM9&quot;}\" data-sheets-userformat=\"{&quot;2&quot;:513,&quot;3&quot;:{&quot;1&quot;:0},&quot;12&quot;:0}\">LP156WF9-SPM9<\/span><\/strong><\/p>\n<p><strong>LP156WF9-SPM9 15,6\u2033 FHD IPS Laptop-Bildschirm<\/strong><\/p>\n<p>Optimieren Sie das visuelle Erlebnis Ihres Laptops mit dem LP156WF9-SPM9 LCD-Bildschirm, der f\u00fcr hervorragende Bildqualit\u00e4t und Benutzerkomfort sorgt. Dieses 15,6-Zoll-Full-HD-Display bietet eine hohe Aufl\u00f6sung von 1920 x 1080 und sorgt so f\u00fcr gestochen scharfe Bilder bei all Ihren Aktivit\u00e4ten. Dank modernster IPS-Technologie (In-Plane Switching) bietet dieser Bildschirm eine pr\u00e4zise Farbwiedergabe und gleichm\u00e4\u00dfige Helligkeit und eignet sich somit sowohl f\u00fcr die Arbeit als auch f\u00fcr die Unterhaltung.<\/p>\n<h4>Hauptmerkmale:<\/h4>\n<ul>\n<li><strong>Full-HD-Aufl\u00f6sung:<\/strong> Genie\u00dfen Sie kristallklare Bilder und scharfe Details mit einer Aufl\u00f6sung von 1920 x 1080 \u2013 ideal f\u00fcr Streaming, Gaming und professionelle Aufgaben.<\/li>\n<li><strong>IPS-Technologie:<\/strong> Profitieren Sie von lebendigen Farben und einem weiten Betrachtungswinkel von 178 Grad f\u00fcr eine gleichbleibende Bildqualit\u00e4t aus jeder Position.<\/li>\n<li><strong>Matte Oberfl\u00e4che:<\/strong> Die entspiegelte, matte Oberfl\u00e4che reduziert Reflexionen und sorgt so f\u00fcr ein angenehmes Seherlebnis auch in hell beleuchteten Umgebungen und schont die Augen.<\/li>\n<li><strong>30-poliger eDP-Anschluss:<\/strong> Der 30-polige Embedded DisplayPort (eDP)-Anschluss gew\u00e4hrleistet Kompatibilit\u00e4t mit einer Vielzahl von Laptops und erm\u00f6glicht eine einfache Installation.<\/li>\n<li><strong>Einfache Installation:<\/strong> Doppelseitige Klebestreifen sorgen f\u00fcr eine einfache und sichere Installation.<\/li>\n<\/ul>\n<p>Der LCD-Laptop-Bildschirm LP156WF9-SPM9 ist die perfekte Wahl f\u00fcr alle, die einen besch\u00e4digten Bildschirm ersetzen oder ihr Display f\u00fcr eine bessere Leistung aufr\u00fcsten m\u00f6chten. Dank seiner hervorragenden Bildsch\u00e4rfe und der unkomplizierten Installation ist dieser Bildschirm eine zuverl\u00e4ssige Option zur Verbesserung des Displays Ihres Laptops. Bitte \u00fcberpr\u00fcfen Sie vor dem Kauf die Kompatibilit\u00e4t mit Ihrem Laptop-Modell hinsichtlich Anschlusstyp, Bildschirmgr\u00f6\u00dfe und Aufl\u00f6sung.<\/p>\n","protected":false},"excerpt":{"rendered":"<p>R\u00fcsten Sie Ihr Laptop-Display mit dem 15,6-Zoll-Full-HD-IPS-Bildschirm LP156WF9-SPM9 auf. Genie\u00dfen Sie dank IPS-Technologie lebendige Farben und weite Betrachtungswinkel. Die matte Oberfl\u00e4che reduziert Blendeffekte f\u00fcr ein angenehmes Seherlebnis. Verf\u00fcgt \u00fcber einen 30-poligen eDP-Anschluss und wird mit doppelseitigen Klebestreifen f\u00fcr eine einfache Installation geliefert. \u00dcberpr\u00fcfen Sie vor dem Kauf die Kompatibilit\u00e4t mit Ihrem Laptop.<\/p>\n","protected":false},"featured_media":15243,"template":"","meta":[],"product_brand":[],"product_cat":[105,95],"product_tag":[],"class_list":{"0":"post-15216","1":"product","2":"type-product","3":"status-publish","4":"has-post-thumbnail","6":"product_cat-15-6-new-laptop-screens-lcd-panels","7":"product_cat-new-laptop-screens-lcd-panels","9":"first","10":"instock","11":"taxable","12":"shipping-taxable","13":"purchasable","14":"product-type-simple"},"_links":{"self":[{"href":"https:\/\/boreait.com\/de\/wp-json\/wp\/v2\/product\/15216","targetHints":{"allow":["GET"]}}],"collection":[{"href":"https:\/\/boreait.com\/de\/wp-json\/wp\/v2\/product"}],"about":[{"href":"https:\/\/boreait.com\/de\/wp-json\/wp\/v2\/types\/product"}],"wp:featuredmedia":[{"embeddable":true,"href":"https:\/\/boreait.com\/de\/wp-json\/wp\/v2\/media\/15243"}],"wp:attachment":[{"href":"https:\/\/boreait.com\/de\/wp-json\/wp\/v2\/media?parent=15216"}],"wp:term":[{"taxonomy":"product_brand","embeddable":true,"href":"https:\/\/boreait.com\/de\/wp-json\/wp\/v2\/product_brand?post=15216"},{"taxonomy":"product_cat","embeddable":true,"href":"https:\/\/boreait.com\/de\/wp-json\/wp\/v2\/product_cat?post=15216"},{"taxonomy":"product_tag","embeddable":true,"href":"https:\/\/boreait.com\/de\/wp-json\/wp\/v2\/product_tag?post=15216"}],"curies":[{"name":"wp","href":"https:\/\/api.w.org\/{rel}","templated":true}]}}