{"id":15215,"date":"2025-09-16T13:11:29","date_gmt":"2025-09-16T11:11:29","guid":{"rendered":"https:\/\/boreait.com\/de\/?post_type=product&#038;p=15215"},"modified":"2025-10-15T14:13:27","modified_gmt":"2025-10-15T12:13:27","slug":"neu-156-156-fhd-ips-laptop-bildschirm-matt-30-pin-edp-nv156fhm-n3d","status":"publish","type":"product","link":"https:\/\/boreait.com\/de\/produkt\/neu-156-156-fhd-ips-laptop-bildschirm-matt-30-pin-edp-nv156fhm-n3d\/","title":{"rendered":"NEU 15,6&#8243; 15,6&#8243; FHD IPS Laptop-Bildschirm, matt, 30-Pin eDP \u2013 NV156FHM-N3D"},"content":{"rendered":"<p><strong>Aktuelles LCD-Bildschirmmodell: B156ZAN03.6 oder N156HCA-EAB Rev C.4 \u2013 vollst\u00e4ndig kompatibel mit <span data-sheets-root=\"1\" data-sheets-value=\"{&quot;1&quot;:2,&quot;2&quot;:&quot;NV156FHM-N3D&quot;}\" data-sheets-userformat=\"{&quot;2&quot;:513,&quot;3&quot;:{&quot;1&quot;:0},&quot;12&quot;:0}\">NV156FHM-N3D<\/span><\/strong><\/p>\n<p><strong>NV156FHM-N3D 15,6\u2033 FHD IPS Laptop-Bildschirm<\/strong><\/p>\n<p>Verleihen Sie Ihrem Laptop-Display mit dem NV156FHM-N3D LCD-Bildschirm neuen Glanz und brillante Bilder. Dieser Der 15,6 Zoll gro\u00dfe Full-HD-Bildschirm mit einer Aufl\u00f6sung von 1920 x 1080 Pixeln liefert scharfe und detailreiche Bilder \u2013 ideal f\u00fcr jede Aufgabe. Dank IPS-Technologie (In-Plane Switching) bietet dieser Bildschirm eine pr\u00e4zise Farbwiedergabe und gleichm\u00e4\u00dfige Helligkeit \u00fcber weite Betrachtungswinkel hinweg und ist damit ideal f\u00fcr Profis, Gamer und Alltagsnutzer.<\/p>\n<h4>Hauptmerkmale:<\/h4>\n<ul>\n<li><strong>Full-HD-Aufl\u00f6sung:<\/strong> Genie\u00dfen Sie gestochen scharfe Bilder und lebendige Details mit einer Aufl\u00f6sung von 1920 x 1080 Pixeln \u2013 perfekt f\u00fcr Videos, Spiele und anspruchsvolle Aufgaben.<\/li>\n<li><strong>IPS-Technologie:<\/strong> Erleben Sie \u00fcberragende Farbgenauigkeit und einen weiten Betrachtungswinkel von 178 Grad f\u00fcr eine gleichbleibende Bildqualit\u00e4t aus jedem Winkel.<\/li>\n<li><strong>Matte Oberfl\u00e4che:<\/strong> Die entspiegelte, matte Oberfl\u00e4che reduziert Reflexionen und Augenbelastung und sorgt f\u00fcr ein angenehmes Seherlebnis auch bei hellen Lichtverh\u00e4ltnissen.<\/li>\n<li><strong>30-Pin eDP-Anschluss:<\/strong> Ausgestattet mit einem 30-Pin Embedded DisplayPort (eDP)-Anschluss ist dieser Bildschirm mit einer Vielzahl von Laptop-Modellen kompatibel und erm\u00f6glicht so eine einfache Installation.<\/li>\n<li><strong>Einfache Installation:<\/strong> Doppelseitige Klebestreifen sorgen f\u00fcr eine einfache und sichere Installation.<\/li>\n<\/ul>\n<p>Der NV156FHM-N3D LCD-Laptop-Bildschirm ist eine ausgezeichnete Wahl f\u00fcr alle, die einen defekten Bildschirm ersetzen oder ihr Display f\u00fcr eine bessere Leistung aufr\u00fcsten m\u00f6chten. Seine hervorragende Bildqualit\u00e4t und die einfache Installation machen ihn zu einer zuverl\u00e4ssigen Option zur Verbesserung Ihres Laptop-Displays. \u00dcberpr\u00fcfen Sie vor dem Kauf die Kompatibilit\u00e4t mit Ihrem Laptop-Modell hinsichtlich Anschlusstyp, Bildschirmgr\u00f6\u00dfe und Aufl\u00f6sung.<\/p>\n","protected":false},"excerpt":{"rendered":"<p>R\u00fcsten Sie Ihren Laptop mit dem 15,6-Zoll-Full-HD-IPS-Bildschirm NV156FHM-N3D auf. Erleben Sie lebendige Farben und weite Betrachtungswinkel mit IPS-Technologie und freuen Sie sich \u00fcber die matte Oberfl\u00e4che, die Blendeffekte reduziert. Inklusive 30-poligem eDP-Anschluss und doppelseitigen Klebestreifen f\u00fcr eine einfache Installation. Pr\u00fcfen Sie vor dem Kauf die Kompatibilit\u00e4t mit Ihrem Laptopmodell.<\/p>\n","protected":false},"featured_media":15243,"template":"","meta":[],"product_brand":[],"product_cat":[105,95],"product_tag":[],"class_list":{"0":"post-15215","1":"product","2":"type-product","3":"status-publish","4":"has-post-thumbnail","6":"product_cat-15-6-new-laptop-screens-lcd-panels","7":"product_cat-new-laptop-screens-lcd-panels","9":"first","10":"instock","11":"taxable","12":"shipping-taxable","13":"purchasable","14":"product-type-simple"},"_links":{"self":[{"href":"https:\/\/boreait.com\/de\/wp-json\/wp\/v2\/product\/15215","targetHints":{"allow":["GET"]}}],"collection":[{"href":"https:\/\/boreait.com\/de\/wp-json\/wp\/v2\/product"}],"about":[{"href":"https:\/\/boreait.com\/de\/wp-json\/wp\/v2\/types\/product"}],"wp:featuredmedia":[{"embeddable":true,"href":"https:\/\/boreait.com\/de\/wp-json\/wp\/v2\/media\/15243"}],"wp:attachment":[{"href":"https:\/\/boreait.com\/de\/wp-json\/wp\/v2\/media?parent=15215"}],"wp:term":[{"taxonomy":"product_brand","embeddable":true,"href":"https:\/\/boreait.com\/de\/wp-json\/wp\/v2\/product_brand?post=15215"},{"taxonomy":"product_cat","embeddable":true,"href":"https:\/\/boreait.com\/de\/wp-json\/wp\/v2\/product_cat?post=15215"},{"taxonomy":"product_tag","embeddable":true,"href":"https:\/\/boreait.com\/de\/wp-json\/wp\/v2\/product_tag?post=15215"}],"curies":[{"name":"wp","href":"https:\/\/api.w.org\/{rel}","templated":true}]}}