{"id":15207,"date":"2025-09-16T13:11:05","date_gmt":"2025-09-16T11:11:05","guid":{"rendered":"https:\/\/boreait.com\/de\/?post_type=product&#038;p=15207"},"modified":"2025-10-15T14:13:27","modified_gmt":"2025-10-15T12:13:27","slug":"neu-156-fhd-ips-laptop-bildschirm-matt-30-pin-edp-lp156wf9-spc1","status":"publish","type":"product","link":"https:\/\/boreait.com\/de\/produkt\/neu-156-fhd-ips-laptop-bildschirm-matt-30-pin-edp-lp156wf9-spc1\/","title":{"rendered":"NEU 15,6&#8243; FHD IPS Laptop-Bildschirm, matt, 30-Pin eDP \u2013 LP156WF9-SPC1"},"content":{"rendered":"<p><strong>Aktuelles LCD-Bildschirmmodell: B156ZAN03.6 oder N156HCA-EAB Rev C.4 \u2013 voll kompatibel mit <span data-sheets-root=\"1\" data-sheets-value=\"{&quot;1&quot;:2,&quot;2&quot;:&quot;LP156WF9-SPC1&quot;}\" data-sheets-userformat=\"{&quot;2&quot;:513,&quot;3&quot;:{&quot;1&quot;:0},&quot;12&quot;:0}\">LP156WF9-SPC1<\/span><\/strong><\/p>\n<p><strong>LP156WF9-SPC1 15,6\u2033 FHD IPS Laptop-Bildschirm<\/strong><\/p>\n<p>Upgraden Sie Ihr Laptop-Display mit dem LP156WF9-SPC1 LCD-Bildschirm, der f\u00fcr hervorragende Bildqualit\u00e4t und hohen Benutzerkomfort entwickelt wurde. Dieses 15,6-Zoll-Full-HD-Display Mit einer Aufl\u00f6sung von 1920 x 1080 Pixeln liefert dieser Bildschirm scharfe und detailreiche Bilder, die jedes Computererlebnis verbessern. Dank der IPS-Technologie (In-Plane Switching) sorgt dieser Bildschirm f\u00fcr lebendige Farben und gleichm\u00e4\u00dfige Helligkeit \u00fcber weite Betrachtungswinkel hinweg und eignet sich somit perfekt f\u00fcr Profis, Gamer und allgemeine Benutzer.<\/p>\n<h4>Hauptmerkmale:<\/h4>\n<ul>\n<li><strong>Full-HD-Aufl\u00f6sung:<\/strong> Genie\u00dfen Sie atemberaubende Klarheit und Detailtreue mit einer Aufl\u00f6sung von 1920 x 1080 Pixeln \u2013 ideal f\u00fcr hochaufl\u00f6sende Videowiedergabe, Gaming und anspruchsvolle Arbeitsaufgaben.<\/li>\n<li><strong>IPS-Technologie:<\/strong> IPS-Panels bieten \u00fcberragende Farbgenauigkeit und eine gleichbleibende Bildqualit\u00e4t \u00fcber einen Betrachtungswinkel von 178 Grad. Damit eignen sie sich ideal f\u00fcr die Zusammenarbeit und die Multimedia-Wiedergabe.<\/li>\n<li><strong>Matte Oberfl\u00e4che:<\/strong> Die entspiegelte, matte Oberfl\u00e4che reduziert Reflexionen, sorgt f\u00fcr ein angenehmeres Seherlebnis in hell erleuchteten Umgebungen und schont die Augen.<\/li>\n<li><strong>30-Pin eDP-Anschluss:<\/strong> Ausgestattet mit einem 30-Pin Embedded DisplayPort (eDP)-Anschluss ist dieser Bildschirm mit einer Vielzahl von Laptop-Modellen kompatibel und erm\u00f6glicht so eine einfache Installation.<\/li>\n<li><strong>Einfache Installation:<\/strong> Im Lieferumfang sind doppelseitige Klebestreifen f\u00fcr eine unkomplizierte Installation enthalten.<\/li>\n<\/ul>\n<p>Der LCD-Laptop-Bildschirm LP156WF9-SPC1 ist die ideale Wahl f\u00fcr alle, die die Anzeigequalit\u00e4t ihres Laptops verbessern m\u00f6chten. Ob Sie einen defekten Bildschirm ersetzen oder f\u00fcr eine bessere Leistung aufr\u00fcsten m\u00f6chten, dieser Bildschirm bietet au\u00dfergew\u00f6hnliche Bildqualit\u00e4t und eine einfache Installation. \u00dcberpr\u00fcfen Sie vor dem Kauf die Kompatibilit\u00e4t mit Ihrem Laptop-Modell hinsichtlich Anschlusstyp, Bildschirmgr\u00f6\u00dfe und Aufl\u00f6sung.<\/p>\n","protected":false},"excerpt":{"rendered":"<p>Steigern Sie Ihr Laptop-Erlebnis mit dem 15,6-Zoll-Full-HD-IPS-Bildschirm LP156WF9-SPC1. Dank IPS-Technologie bietet er lebendige Farbgenauigkeit und weite Betrachtungswinkel, w\u00e4hrend die matte Oberfl\u00e4che Blendeffekte reduziert. Dieser Bildschirm verf\u00fcgt \u00fcber einen 30-poligen eDP-Anschluss und wird mit doppelseitigen Klebestreifen f\u00fcr eine einfache Installation geliefert. Stellen Sie vor dem Kauf die Kompatibilit\u00e4t mit Ihrem Laptop-Modell sicher.<\/p>\n","protected":false},"featured_media":15243,"template":"","meta":[],"product_brand":[],"product_cat":[105,95],"product_tag":[],"class_list":{"0":"post-15207","1":"product","2":"type-product","3":"status-publish","4":"has-post-thumbnail","6":"product_cat-15-6-new-laptop-screens-lcd-panels","7":"product_cat-new-laptop-screens-lcd-panels","9":"first","10":"instock","11":"taxable","12":"shipping-taxable","13":"purchasable","14":"product-type-simple"},"_links":{"self":[{"href":"https:\/\/boreait.com\/de\/wp-json\/wp\/v2\/product\/15207","targetHints":{"allow":["GET"]}}],"collection":[{"href":"https:\/\/boreait.com\/de\/wp-json\/wp\/v2\/product"}],"about":[{"href":"https:\/\/boreait.com\/de\/wp-json\/wp\/v2\/types\/product"}],"wp:featuredmedia":[{"embeddable":true,"href":"https:\/\/boreait.com\/de\/wp-json\/wp\/v2\/media\/15243"}],"wp:attachment":[{"href":"https:\/\/boreait.com\/de\/wp-json\/wp\/v2\/media?parent=15207"}],"wp:term":[{"taxonomy":"product_brand","embeddable":true,"href":"https:\/\/boreait.com\/de\/wp-json\/wp\/v2\/product_brand?post=15207"},{"taxonomy":"product_cat","embeddable":true,"href":"https:\/\/boreait.com\/de\/wp-json\/wp\/v2\/product_cat?post=15207"},{"taxonomy":"product_tag","embeddable":true,"href":"https:\/\/boreait.com\/de\/wp-json\/wp\/v2\/product_tag?post=15207"}],"curies":[{"name":"wp","href":"https:\/\/api.w.org\/{rel}","templated":true}]}}