{"id":15206,"date":"2025-09-16T13:11:05","date_gmt":"2025-09-16T11:11:05","guid":{"rendered":"https:\/\/boreait.com\/de\/?post_type=product&#038;p=15206"},"modified":"2025-10-15T14:13:27","modified_gmt":"2025-10-15T12:13:27","slug":"neu-156-fhd-ips-laptop-bildschirm-matt-30-pin-edp-nv156fhm-n35","status":"publish","type":"product","link":"https:\/\/boreait.com\/de\/produkt\/neu-156-fhd-ips-laptop-bildschirm-matt-30-pin-edp-nv156fhm-n35\/","title":{"rendered":"NEU 15,6&#8243; FHD IPS Laptop-Bildschirm, matt, 30-Pin eDP \u2013 NV156FHM-N35"},"content":{"rendered":"<p><strong>Aktuelles LCD-Bildschirmmodell: B156ZAN03.6 oder N156HCA-EAB Rev C.4 \u2013 voll kompatibel mit NV156FHM-N35<\/strong><\/p>\n<p><strong>NV156FHM-N35 15,6\u2033 FHD IPS Laptop-Bildschirm<\/strong><\/p>\n<p>Optimieren Sie das Display Ihres Laptops mit dem NV156FHM-N35 LCD-Bildschirm \u2013 f\u00fcr atemberaubende Grafik und hervorragende Leistung. Dieser 15,6 Zoll gro\u00dfe Full-HD-Bildschirm bietet eine hohe Aufl\u00f6sung von 1920 x 1080 und liefert scharfe und lebendige Bilder f\u00fcr alle Ihre Anforderungen. Dank der IPS-Technologie (In-Plane Switching) sorgt dieser Bildschirm f\u00fcr \u00fcberragende Farbgenauigkeit und gro\u00dfe Betrachtungswinkel und ist somit ideal f\u00fcr Kreativprofis, Gamer und Alltagsnutzer.<\/p>\n<h4>Hauptmerkmale:<\/h4>\n<ul>\n<li><strong>Full-HD-Aufl\u00f6sung:<\/strong> Erleben Sie klare und detailreiche Bilder mit einem 1920 x 1080 Aufl\u00f6sung, ideal f\u00fcr Video-Streaming, Gaming und professionelle Anwendungen.<\/li>\n<li><strong>IPS-Technologie:<\/strong> Profitieren Sie von lebendiger Farbwiedergabe und gleichm\u00e4\u00dfiger Helligkeit \u00fcber einen weiten Betrachtungswinkel von 178 Grad f\u00fcr ein hochwertiges Bild aus jeder Perspektive.<\/li>\n<li><strong>Matte Oberfl\u00e4che:<\/strong> Der matte Bildschirm reduziert Blendeffekte und Reflexionen und sorgt so auch bei hellem Licht f\u00fcr ein angenehmes Seherlebnis und reduziert die Erm\u00fcdung der Augen.<\/li>\n<li><strong>30-poliger eDP-Anschluss:<\/strong> Der 30-polige Embedded DisplayPort (eDP)-Anschluss ist mit einer Vielzahl von Laptops kompatibel und erm\u00f6glicht eine einfache Integration und Installation.<\/li>\n<li><strong>Einfache Installation:<\/strong> Inklusive doppelseitiger Klebestreifen f\u00fcr eine problemlose Installation.<\/li>\n<\/ul>\n<p>Der NV156FHM-N35 LCD-Laptop-Bildschirm ist ideal f\u00fcr alle, die ihr Laptop-Display f\u00fcr eine bessere visuelle Leistung aufr\u00fcsten m\u00f6chten. Ob Sie Ersetzen Sie einen besch\u00e4digten Bildschirm oder genie\u00dfen Sie einfach ein klareres, lebendigeres Display. Dieser Bildschirm bietet au\u00dfergew\u00f6hnliche Qualit\u00e4t und ist einfach zu installieren. \u00dcberpr\u00fcfen Sie vor dem Kauf unbedingt die Kompatibilit\u00e4t mit Ihrem Laptop-Modell hinsichtlich Anschlusstyp, Bildschirmgr\u00f6\u00dfe und Aufl\u00f6sung.<\/p>\n","protected":false},"excerpt":{"rendered":"<p>R\u00fcsten Sie Ihr Laptop-Display mit dem 15,6-Zoll-Full-HD-IPS-Bildschirm NV156FHM-N35 auf. Dieser Bildschirm bietet dank IPS-Technologie lebendige Farben und weite Betrachtungswinkel, w\u00e4hrend die matte Oberfl\u00e4che Blendeffekte minimiert und so f\u00fcr ein angenehmes Seherlebnis sorgt. Er verf\u00fcgt \u00fcber einen 30-poligen eDP-Anschluss und wird mit doppelseitigen Klebestreifen f\u00fcr eine einfache Installation geliefert. \u00dcberpr\u00fcfen Sie vor dem Kauf die Kompatibilit\u00e4t mit Ihrem Laptop-Modell.<\/p>\n","protected":false},"featured_media":15243,"template":"","meta":[],"product_brand":[],"product_cat":[105,95],"product_tag":[],"class_list":{"0":"post-15206","1":"product","2":"type-product","3":"status-publish","4":"has-post-thumbnail","6":"product_cat-15-6-new-laptop-screens-lcd-panels","7":"product_cat-new-laptop-screens-lcd-panels","9":"first","10":"instock","11":"taxable","12":"shipping-taxable","13":"purchasable","14":"product-type-simple"},"_links":{"self":[{"href":"https:\/\/boreait.com\/de\/wp-json\/wp\/v2\/product\/15206","targetHints":{"allow":["GET"]}}],"collection":[{"href":"https:\/\/boreait.com\/de\/wp-json\/wp\/v2\/product"}],"about":[{"href":"https:\/\/boreait.com\/de\/wp-json\/wp\/v2\/types\/product"}],"wp:featuredmedia":[{"embeddable":true,"href":"https:\/\/boreait.com\/de\/wp-json\/wp\/v2\/media\/15243"}],"wp:attachment":[{"href":"https:\/\/boreait.com\/de\/wp-json\/wp\/v2\/media?parent=15206"}],"wp:term":[{"taxonomy":"product_brand","embeddable":true,"href":"https:\/\/boreait.com\/de\/wp-json\/wp\/v2\/product_brand?post=15206"},{"taxonomy":"product_cat","embeddable":true,"href":"https:\/\/boreait.com\/de\/wp-json\/wp\/v2\/product_cat?post=15206"},{"taxonomy":"product_tag","embeddable":true,"href":"https:\/\/boreait.com\/de\/wp-json\/wp\/v2\/product_tag?post=15206"}],"curies":[{"name":"wp","href":"https:\/\/api.w.org\/{rel}","templated":true}]}}