{"id":15204,"date":"2025-09-16T13:11:04","date_gmt":"2025-09-16T11:11:04","guid":{"rendered":"https:\/\/boreait.com\/de\/?post_type=product&#038;p=15204"},"modified":"2025-10-15T14:13:27","modified_gmt":"2025-10-15T12:13:27","slug":"neu-156-fhd-ips-laptop-bildschirm-matt-30-pin-edp-nv156fhm-n63-v8-0-ersatz","status":"publish","type":"product","link":"https:\/\/boreait.com\/de\/produkt\/neu-156-fhd-ips-laptop-bildschirm-matt-30-pin-edp-nv156fhm-n63-v8-0-ersatz\/","title":{"rendered":"NEU 15,6&#8243; FHD IPS Laptop-Bildschirm, matt, 30-Pin eDP \u2013 NV156FHM-N63 V8.0 Ersatz"},"content":{"rendered":"<p><strong>Aktuelles LCD-Bildschirmmodell: B156ZAN03.6 oder N156HCA-EAB Rev C.4 \u2013 voll kompatibel mit NV156FHM-N63 V8.0<\/strong><\/p>\n<p>Upgraden Sie Ihr Laptop-Display mit dem NV156FHM-N63 V8.0 LCD-Bildschirm \u2013 entwickelt f\u00fcr herausragende Bildqualit\u00e4t und hohen Bedienkomfort. Dieser 15,6 Zoll gro\u00dfe Full-HD-Bildschirm bietet eine Aufl\u00f6sung von 1920 x 1080 Pixeln und sorgt f\u00fcr gestochen scharfe Bilder und lebendige Farben. Dank fortschrittlicher IPS-Technologie sorgt dieser Bildschirm f\u00fcr gleichbleibende Farbgenauigkeit und gro\u00dfe Betrachtungswinkel und eignet sich somit perfekt f\u00fcr den professionellen und privaten Einsatz.<\/p>\n<h4>Hauptmerkmale:<\/h4>\n<ul>\n<li><strong>Full-HD-Aufl\u00f6sung:<\/strong> Genie\u00dfen Sie detailreiche und scharfe Bilder mit der Aufl\u00f6sung von 1920 x 1080 \u2013 ideal f\u00fcr Streaming, Gaming und professionelle Arbeit.<\/li>\n<li><strong>IPS-Technologie:<\/strong> Profitieren Sie von satten Farben und einem weiten Betrachtungswinkel von 178 Grad \u2013 Ihr Display sieht aus jeder Position hervorragend aus.<\/li>\n<li><strong>Matte Oberfl\u00e4che:<\/strong> Die entspiegelte, matte Oberfl\u00e4che reduziert Reflexionen und Augenbelastung und sorgt f\u00fcr ein angenehmes Seherlebnis auch bei hellen Lichtverh\u00e4ltnissen.<\/li>\n<li><strong>30-poliger eDP-Anschluss:<\/strong> Der 30-polige Embedded DisplayPort (eDP)-Anschluss gew\u00e4hrleistet Kompatibilit\u00e4t mit einer Vielzahl von Laptops und erm\u00f6glicht eine einfache Integration.<\/li>\n<li><strong>Einfache Installation:<\/strong> Wird mit doppelseitigen Klebestreifen geliefert Installation.<\/li>\n<\/ul>\n<p>Der NV156FHM-N63 V8.0 LCD-Laptop-Bildschirm ist die perfekte L\u00f6sung f\u00fcr die Aufr\u00fcstung Ihres Laptop-Displays. Egal, ob Sie einen defekten Bildschirm ersetzen oder eine bessere Bildqualit\u00e4t w\u00fcnschen, dieses Modell bietet beeindruckende Leistung und Zuverl\u00e4ssigkeit. \u00dcberpr\u00fcfen Sie vor dem Kauf unbedingt die Kompatibilit\u00e4t mit Ihrem Laptop-Modell, Anschlusstyp und Aufl\u00f6sung.<\/p>\n","protected":false},"excerpt":{"rendered":"<p>Werten Sie Ihren Laptop mit dem 15,6-Zoll-Full-HD-IPS-Bildschirm NV156FHM-N63 V8.0 auf. Dieses matte Display mit IPS-Technologie bietet lebendige Farbgenauigkeit und weite Betrachtungswinkel und minimiert Blendeffekte f\u00fcr komfortables Betrachten bei allen Lichtverh\u00e4ltnissen. Ausgestattet mit einem 30-poligen eDP-Anschluss und doppelseitigen Klebestreifen f\u00fcr eine einfache Installation. \u00dcberpr\u00fcfen Sie vor dem Kauf die Kompatibilit\u00e4t mit Ihrem Laptopmodell.<\/p>\n","protected":false},"featured_media":15243,"template":"","meta":[],"product_brand":[],"product_cat":[105,95],"product_tag":[],"class_list":{"0":"post-15204","1":"product","2":"type-product","3":"status-publish","4":"has-post-thumbnail","6":"product_cat-15-6-new-laptop-screens-lcd-panels","7":"product_cat-new-laptop-screens-lcd-panels","9":"first","10":"instock","11":"taxable","12":"shipping-taxable","13":"purchasable","14":"product-type-simple"},"_links":{"self":[{"href":"https:\/\/boreait.com\/de\/wp-json\/wp\/v2\/product\/15204","targetHints":{"allow":["GET"]}}],"collection":[{"href":"https:\/\/boreait.com\/de\/wp-json\/wp\/v2\/product"}],"about":[{"href":"https:\/\/boreait.com\/de\/wp-json\/wp\/v2\/types\/product"}],"wp:featuredmedia":[{"embeddable":true,"href":"https:\/\/boreait.com\/de\/wp-json\/wp\/v2\/media\/15243"}],"wp:attachment":[{"href":"https:\/\/boreait.com\/de\/wp-json\/wp\/v2\/media?parent=15204"}],"wp:term":[{"taxonomy":"product_brand","embeddable":true,"href":"https:\/\/boreait.com\/de\/wp-json\/wp\/v2\/product_brand?post=15204"},{"taxonomy":"product_cat","embeddable":true,"href":"https:\/\/boreait.com\/de\/wp-json\/wp\/v2\/product_cat?post=15204"},{"taxonomy":"product_tag","embeddable":true,"href":"https:\/\/boreait.com\/de\/wp-json\/wp\/v2\/product_tag?post=15204"}],"curies":[{"name":"wp","href":"https:\/\/api.w.org\/{rel}","templated":true}]}}