{"id":14988,"date":"2025-09-16T13:03:50","date_gmt":"2025-09-16T11:03:50","guid":{"rendered":"https:\/\/boreait.com\/de\/?post_type=product&#038;p=14988"},"modified":"2025-09-16T13:03:58","modified_gmt":"2025-09-16T11:03:58","slug":"fujitsu-lifebook-a531-intel-pentium-cpu-22-ghz-sr07t-originalteil","status":"publish","type":"product","link":"https:\/\/boreait.com\/de\/produkt\/fujitsu-lifebook-a531-intel-pentium-cpu-22-ghz-sr07t-originalteil\/","title":{"rendered":"Fujitsu Lifebook A531 Intel Pentium CPU 2,2 GHz SR07T Originalteil"},"content":{"rendered":"<p>R\u00fcsten Sie Ihr Fujitsu Lifebook A531 mit der erstklassigen Intel Pentium CPU 2,2 GHz auf. Dieses Originalteil mit der Teilenummer SR07T ist ein wahres Kraftpaket in Sachen Verarbeitungsgeschwindigkeit und Effizienz. Verabschieden Sie sich von Rucklern und Verz\u00f6gerungen, denn dieser Prozessor hebt Ihr Computererlebnis auf ein v\u00f6llig neues Niveau.<\/p>\n<p>Erleben Sie nahtloses Multitasking und eine fl\u00fcssige Leistung wie nie zuvor mit dieser Intel Pentium CPU. Egal, ob Sie als Profi hohe Rechenleistung f\u00fcr Ihre Arbeit ben\u00f6tigen oder als Gamer ein verz\u00f6gerungsfreies Gaming-Erlebnis suchen \u2013 dieser Prozessor erf\u00fcllt alle Ihre Anforderungen.<\/p>\n<p>Mit ihrer hohen Taktfrequenz und fortschrittlichen Technologie sorgt diese CPU daf\u00fcr, dass Ihr Fujitsu Lifebook A531 optimal l\u00e4uft. R\u00fcsten Sie auf dieses Originalteil auf und erleben Sie eine deutliche Leistungssteigerung Ihres Laptops. Geben Sie sich nicht mit weniger zufrieden, wenn es um die Effizienz Ihres Ger\u00e4ts geht \u2013 entscheiden Sie sich f\u00fcr die Intel Pentium CPU 2,2 GHz f\u00fcr un\u00fcbertroffene Geschwindigkeit und Zuverl\u00e4ssigkeit.<\/p>\n","protected":false},"excerpt":{"rendered":"<p>Entfesseln Sie die Leistung Ihres Fujitsu Lifebook A531 mit dieser originalen Intel Pentium CPU mit 2,2 GHz Taktfrequenz. Steigern Sie die Leistung Ihres Laptops mit diesem hochwertigen Prozessor, der Ihr Computererlebnis optimiert. Holen Sie das Beste aus Ihrem Ger\u00e4t heraus mit diesem Originalteil mit der Teilenummer SR07T.<\/p>\n","protected":false},"featured_media":14995,"template":"","meta":[],"product_brand":[],"product_cat":[75],"product_tag":[103],"class_list":{"0":"post-14988","1":"product","2":"type-product","3":"status-publish","4":"has-post-thumbnail","6":"product_cat-processors-cpu","7":"product_tag-intel","9":"first","10":"instock","11":"taxable","12":"shipping-taxable","13":"purchasable","14":"product-type-simple"},"_links":{"self":[{"href":"https:\/\/boreait.com\/de\/wp-json\/wp\/v2\/product\/14988","targetHints":{"allow":["GET"]}}],"collection":[{"href":"https:\/\/boreait.com\/de\/wp-json\/wp\/v2\/product"}],"about":[{"href":"https:\/\/boreait.com\/de\/wp-json\/wp\/v2\/types\/product"}],"wp:featuredmedia":[{"embeddable":true,"href":"https:\/\/boreait.com\/de\/wp-json\/wp\/v2\/media\/14995"}],"wp:attachment":[{"href":"https:\/\/boreait.com\/de\/wp-json\/wp\/v2\/media?parent=14988"}],"wp:term":[{"taxonomy":"product_brand","embeddable":true,"href":"https:\/\/boreait.com\/de\/wp-json\/wp\/v2\/product_brand?post=14988"},{"taxonomy":"product_cat","embeddable":true,"href":"https:\/\/boreait.com\/de\/wp-json\/wp\/v2\/product_cat?post=14988"},{"taxonomy":"product_tag","embeddable":true,"href":"https:\/\/boreait.com\/de\/wp-json\/wp\/v2\/product_tag?post=14988"}],"curies":[{"name":"wp","href":"https:\/\/api.w.org\/{rel}","templated":true}]}}