{"id":14908,"date":"2025-09-15T17:21:20","date_gmt":"2025-09-15T15:21:20","guid":{"rendered":"https:\/\/boreait.com\/de\/?post_type=product&#038;p=14908"},"modified":"2025-09-16T12:57:47","modified_gmt":"2025-09-16T10:57:47","slug":"top-deckel-lcd-abdeckung-fuer-fujitsu-lifebook-a531-ah512-ah531-cp515924-01-ersatz","status":"publish","type":"product","link":"https:\/\/boreait.com\/de\/produkt\/top-deckel-lcd-abdeckung-fuer-fujitsu-lifebook-a531-ah512-ah531-cp515924-01-ersatz\/","title":{"rendered":"Top Deckel LCD Abdeckung F\u00fcr Fujitsu Lifebook A531 AH512 AH531 CP515924-01 Ersatz"},"content":{"rendered":"<p>Versch\u00f6nern Sie Ihr Fujitsu Lifebook A531 AH512 AH531 mit diesem hochwertigen Ersatz-LCD-Cover. Dieses perfekt verarbeitete Cover (Teilenummer: CP515924-01) garantiert eine nahtlose Passform und h\u00f6chste Haltbarkeit. Die Fotos sprechen B\u00e4nde \u00fcber das elegante Design und die pr\u00e4zise Verarbeitung.<\/p>\n<p>Die Installation ist kinderleicht, auch wenn keine Anleitung beiliegt. Bei Fragen oder weiteren Fragen kontaktieren Sie uns gerne. Verbessern Sie die Optik Ihres Ger\u00e4ts und sch\u00fctzen Sie gleichzeitig das LCD mit diesem Ersatz-LCD-Cover.<\/p>\n<p>Dieses Ersatz-Cover ist ideal f\u00fcr alle, die Wert auf Stil und Funktionalit\u00e4t legen. Werten Sie das Erscheinungsbild Ihres Ger\u00e4ts auf und sichern Sie sich seine Langlebigkeit mit diesem Ersatz-LCD-Cover. Werten Sie Ihr Notebook m\u00fchelos auf und genie\u00dfen Sie einen frischen Look mit diesem hochwertigen Cover.<\/p>\n","protected":false},"excerpt":{"rendered":"<p>R\u00fcsten Sie Ihr Fujitsu Lifebook A531 AH512 AH531 mit diesem Ersatz-LCD-Deckel auf. Die pr\u00e4zise gefertigte Abdeckung (Teilenummer CP515924-01) garantiert eine nahtlose Passform. Echte Fotos garantieren, dass Sie genau das bekommen, was Sie sehen. Ben\u00f6tigen Sie Hilfe? Schreiben Sie mir f\u00fcr eine fachkundige Beratung. Optimieren Sie jetzt die \u00c4sthetik Ihres Laptops!<\/p>\n","protected":false},"featured_media":14972,"template":"","meta":[],"product_brand":[],"product_cat":[52],"product_tag":[64],"class_list":{"0":"post-14908","1":"product","2":"type-product","3":"status-publish","4":"has-post-thumbnail","6":"product_cat-laptop-housing","7":"product_tag-fujitsu","9":"first","10":"instock","11":"taxable","12":"shipping-taxable","13":"purchasable","14":"product-type-simple"},"_links":{"self":[{"href":"https:\/\/boreait.com\/de\/wp-json\/wp\/v2\/product\/14908","targetHints":{"allow":["GET"]}}],"collection":[{"href":"https:\/\/boreait.com\/de\/wp-json\/wp\/v2\/product"}],"about":[{"href":"https:\/\/boreait.com\/de\/wp-json\/wp\/v2\/types\/product"}],"wp:featuredmedia":[{"embeddable":true,"href":"https:\/\/boreait.com\/de\/wp-json\/wp\/v2\/media\/14972"}],"wp:attachment":[{"href":"https:\/\/boreait.com\/de\/wp-json\/wp\/v2\/media?parent=14908"}],"wp:term":[{"taxonomy":"product_brand","embeddable":true,"href":"https:\/\/boreait.com\/de\/wp-json\/wp\/v2\/product_brand?post=14908"},{"taxonomy":"product_cat","embeddable":true,"href":"https:\/\/boreait.com\/de\/wp-json\/wp\/v2\/product_cat?post=14908"},{"taxonomy":"product_tag","embeddable":true,"href":"https:\/\/boreait.com\/de\/wp-json\/wp\/v2\/product_tag?post=14908"}],"curies":[{"name":"wp","href":"https:\/\/api.w.org\/{rel}","templated":true}]}}