{"id":14899,"date":"2025-09-15T17:20:51","date_gmt":"2025-09-15T15:20:51","guid":{"rendered":"https:\/\/boreait.com\/de\/?post_type=product&#038;p=14899"},"modified":"2026-02-04T08:57:23","modified_gmt":"2026-02-04T07:57:23","slug":"fujitsu-lifebook-ah531-ah512-a531-bodenabdeckung-tuerplatte-cp515947-01","status":"publish","type":"product","link":"https:\/\/boreait.com\/de\/produkt\/fujitsu-lifebook-ah531-ah512-a531-bodenabdeckung-tuerplatte-cp515947-01\/","title":{"rendered":"Fujitsu LifeBook AH531 AH512 A531 Bodenabdeckung T\u00fcrplatte &#8211; CP515947-01"},"content":{"rendered":"<p>Versch\u00f6nern Sie Ihr Fujitsu LifeBook AH531 AH512 A531 mit diesem hochwertigen Ersatzteil f\u00fcr die Bodenabdeckung (Teilenummer: CP515947-01). Die passgenau gefertigte Abdeckung gew\u00e4hrleistet eine nahtlose Passform und verleiht Ihrem Laptop seinen urspr\u00fcnglichen Glanz. Die Originalfotos zeigen die Qualit\u00e4t des Produkts und garantieren, dass Sie genau das bekommen, was Sie sehen.<\/p>\n<p>Bitte beachten Sie, dass dem Produkt keine Installationsanleitung beiliegt. Sollten Sie dennoch Hilfe ben\u00f6tigen oder Fragen zur Bodenabdeckung haben, schreiben Sie uns gerne. Wir helfen Ihnen gerne weiter, um Ihr Einkaufserlebnis zu verbessern.<\/p>\n<p>R\u00fcsten Sie Ihren Laptop m\u00fchelos auf und verleihen Sie ihm mit diesem hochwertigen Ersatzteil f\u00fcr die Bodenabdeckung neues Leben. Verabschieden Sie sich von abgenutzten Teilen und begr\u00fc\u00dfen Sie ein frisches und elegantes Ger\u00e4t. Verpassen Sie nicht die Gelegenheit, Ihr Fujitsu LifeBook AH531 AH512 A531 einfach und pr\u00e4zise zu erneuern.<\/p>\n","protected":false},"excerpt":{"rendered":"<p>Werten Sie Ihr Fujitsu LifeBook AH531 AH512 A531 mit diesem hochwertigen Ersatzteil f\u00fcr die Bodenabdeckung (Teilenummer: CP515947-01) auf. Authentische Fotos belegen die perfekte Passform. Kontaktieren Sie uns f\u00fcr pers\u00f6nliche Beratung. Jetzt upgraden!<\/p>\n","protected":false},"featured_media":14964,"template":"","meta":[],"product_brand":[],"product_cat":[52],"product_tag":[64],"class_list":{"0":"post-14899","1":"product","2":"type-product","3":"status-publish","4":"has-post-thumbnail","6":"product_cat-laptop-housing","7":"product_tag-fujitsu","9":"first","10":"instock","11":"taxable","12":"shipping-taxable","13":"purchasable","14":"product-type-simple"},"_links":{"self":[{"href":"https:\/\/boreait.com\/de\/wp-json\/wp\/v2\/product\/14899","targetHints":{"allow":["GET"]}}],"collection":[{"href":"https:\/\/boreait.com\/de\/wp-json\/wp\/v2\/product"}],"about":[{"href":"https:\/\/boreait.com\/de\/wp-json\/wp\/v2\/types\/product"}],"wp:featuredmedia":[{"embeddable":true,"href":"https:\/\/boreait.com\/de\/wp-json\/wp\/v2\/media\/14964"}],"wp:attachment":[{"href":"https:\/\/boreait.com\/de\/wp-json\/wp\/v2\/media?parent=14899"}],"wp:term":[{"taxonomy":"product_brand","embeddable":true,"href":"https:\/\/boreait.com\/de\/wp-json\/wp\/v2\/product_brand?post=14899"},{"taxonomy":"product_cat","embeddable":true,"href":"https:\/\/boreait.com\/de\/wp-json\/wp\/v2\/product_cat?post=14899"},{"taxonomy":"product_tag","embeddable":true,"href":"https:\/\/boreait.com\/de\/wp-json\/wp\/v2\/product_tag?post=14899"}],"curies":[{"name":"wp","href":"https:\/\/api.w.org\/{rel}","templated":true}]}}