{"id":14876,"date":"2025-09-15T17:19:59","date_gmt":"2025-09-15T15:19:59","guid":{"rendered":"https:\/\/boreait.com\/de\/?post_type=product&#038;p=14876"},"modified":"2026-02-04T08:51:58","modified_gmt":"2026-02-04T07:51:58","slug":"intel-centrino-wireless-n-1030-11230bnhmw-wlan-karte-fuer-fujitsu-lifebook-ah531","status":"publish","type":"product","link":"https:\/\/boreait.com\/de\/produkt\/intel-centrino-wireless-n-1030-11230bnhmw-wlan-karte-fuer-fujitsu-lifebook-ah531\/","title":{"rendered":"Intel Centrino Wireless-N 1030 11230BNHMW WLAN-Karte f\u00fcr Fujitsu Lifebook AH531"},"content":{"rendered":"<p>R\u00fcsten Sie Ihr Fujitsu Lifebook AH531 mit der Intel Centrino Wireless-N 1030 11230BNHMW WLAN-Karte f\u00fcr blitzschnelle Konnektivit\u00e4t auf. Erleben Sie nahtloses Surfen, Streamen und Herunterladen mit der leistungsstarken 802.11n-Technologie. Verabschieden Sie sich von langsamen Internetgeschwindigkeiten und genie\u00dfen Sie ein fl\u00fcssigeres Online-Erlebnis mit dieser leistungsstarken WLAN-Karte.<\/p>\n<p>Dank der einfachen Installation und Kompatibilit\u00e4t mit Ihrem Fujitsu Lifebook AH531 ist diese WLAN-Karte ein Muss f\u00fcr alle, die die Konnektivit\u00e4t ihres Ger\u00e4ts verbessern m\u00f6chten. Streamen Sie Ihre Lieblingsfilme in HD, chatten Sie ohne Unterbrechungen mit Freunden und Familie und genie\u00dfen Sie Online-Gaming mit minimaler Latenz. Bleiben Sie auch unterwegs in Verbindung und verpassen Sie nichts mehr mit der Intel Centrino Wireless-N 1030 11230BNHMW WLAN-Karte. <\/p>\n<p>Lassen Sie sich nicht von langsamen Internetgeschwindigkeiten aufhalten \u2013 r\u00fcsten Sie noch heute auf die Intel Centrino Wireless-N 1030 11230BNHMW WLAN-Karte auf und heben Sie Ihr Online-Erlebnis auf ein neues Niveau.<\/p>\n","protected":false},"excerpt":{"rendered":"<p>Verbessern Sie Ihre Konnektivit\u00e4t mit der Intel Centrino Wireless-N 1030 11230BNHMW WLAN-Karte. Diese 802.11n-Karte wurde f\u00fcr das Fujitsu Lifebook AH531 entwickelt und sorgt f\u00fcr nahtlose und schnelle WLAN-Verbindung. Bleiben Sie mit diesem zuverl\u00e4ssigen und hochwertigen WLAN-Upgrade \u00fcberall in Verbindung.<\/p>\n","protected":false},"featured_media":14936,"template":"","meta":[],"product_brand":[],"product_cat":[63],"product_tag":[103],"class_list":{"0":"post-14876","1":"product","2":"type-product","3":"status-publish","4":"has-post-thumbnail","6":"product_cat-motherboards-board-parts","7":"product_tag-intel","9":"first","10":"instock","11":"taxable","12":"shipping-taxable","13":"purchasable","14":"product-type-simple"},"_links":{"self":[{"href":"https:\/\/boreait.com\/de\/wp-json\/wp\/v2\/product\/14876","targetHints":{"allow":["GET"]}}],"collection":[{"href":"https:\/\/boreait.com\/de\/wp-json\/wp\/v2\/product"}],"about":[{"href":"https:\/\/boreait.com\/de\/wp-json\/wp\/v2\/types\/product"}],"wp:featuredmedia":[{"embeddable":true,"href":"https:\/\/boreait.com\/de\/wp-json\/wp\/v2\/media\/14936"}],"wp:attachment":[{"href":"https:\/\/boreait.com\/de\/wp-json\/wp\/v2\/media?parent=14876"}],"wp:term":[{"taxonomy":"product_brand","embeddable":true,"href":"https:\/\/boreait.com\/de\/wp-json\/wp\/v2\/product_brand?post=14876"},{"taxonomy":"product_cat","embeddable":true,"href":"https:\/\/boreait.com\/de\/wp-json\/wp\/v2\/product_cat?post=14876"},{"taxonomy":"product_tag","embeddable":true,"href":"https:\/\/boreait.com\/de\/wp-json\/wp\/v2\/product_tag?post=14876"}],"curies":[{"name":"wp","href":"https:\/\/api.w.org\/{rel}","templated":true}]}}