{"id":14874,"date":"2025-09-15T17:19:59","date_gmt":"2025-09-15T15:19:59","guid":{"rendered":"https:\/\/boreait.com\/de\/?post_type=product&#038;p=14874"},"modified":"2026-02-11T10:09:19","modified_gmt":"2026-02-11T09:09:19","slug":"samsung-m471b5273ch0-ch9-4gb-ddr3-ram-fuer-fujitsu-lifebook-ah531","status":"publish","type":"product","link":"https:\/\/boreait.com\/de\/produkt\/samsung-m471b5273ch0-ch9-4gb-ddr3-ram-fuer-fujitsu-lifebook-ah531\/","title":{"rendered":"Samsung M471B5273CH0-CH9 4GB DDR3 Ram f\u00fcr Fujitsu Lifebook AH531"},"content":{"rendered":"<p>R\u00fcsten Sie Ihr Fujitsu Lifebook AH531 mit diesem leistungsstarken 4 GB 2Rx8 PC3-10600S-09-10-F2 Samsung DDR3 RAM auf. Steigern Sie die Geschwindigkeit und Multitasking-F\u00e4higkeiten Ihres Laptops mit diesem zuverl\u00e4ssigen Speichermodul. Der M471B5273CH0-CH9 RAM ist bekannt f\u00fcr seine Kompatibilit\u00e4t und Effizienz und sorgt f\u00fcr ein reibungsloses Computererlebnis.<\/p>\n<p>Erleben Sie fl\u00fcssigere Anwendungsladevorg\u00e4nge und schnellere Daten\u00fcbertragungsgeschwindigkeiten mit diesem erstklassigen RAM-Upgrade. Egal, ob Sie professionell arbeiten und ressourcenintensive Programme ausf\u00fchren m\u00fcssen oder ein leistungsst\u00e4rkeres System suchen \u2013 dieser DDR3 RAM ist die perfekte L\u00f6sung. Mit diesem Speichermodul geh\u00f6ren Verz\u00f6gerungen und Einfrieren der Vergangenheit an.<\/p>\n<p>Die Installation dieses RAM ist kinderleicht und erm\u00f6glicht ein problemloses Upgrade f\u00fcr Ihr Fujitsu Lifebook AH531. Einfach anschlie\u00dfen und los geht\u2018s. Vertrauen Sie auf Samsungs Ruf f\u00fcr Qualit\u00e4t und Leistung und entscheiden Sie sich f\u00fcr den M471B5273CH0-CH9 RAM f\u00fcr Ihr Notebook. Steigern Sie Ihre Produktivit\u00e4t und Ihr gesamtes Computererlebnis noch heute mit diesem zuverl\u00e4ssigen DDR3-RAM-Upgrade.<\/p>\n","protected":false},"excerpt":{"rendered":"<p>Steigern Sie die Leistung Ihres Fujitsu Lifebook AH531 mit diesem hochwertigen Samsung DDR3 RAM. Upgraden Sie auf 4 GB 2Rx8 PC3-10600S-09-10-F2 f\u00fcr reibungsloses Multitasking und schnelles Arbeiten. Verabschieden Sie sich von Verz\u00f6gerungen und freuen Sie sich auf reibungsloses Arbeiten mit diesem zuverl\u00e4ssigen Speicher-Upgrade. Kompatibel mit dem Fujitsu Lifebook AH531 ist dieses M471B5273CH0-CH9 RAM-Modul ein Muss f\u00fcr Power-User.<\/p>\n","protected":false},"featured_media":14934,"template":"","meta":[],"product_brand":[],"product_cat":[73,72],"product_tag":[84],"class_list":{"0":"post-14874","1":"product","2":"type-product","3":"status-publish","4":"has-post-thumbnail","6":"product_cat-ddr3-ddr3l","7":"product_cat-ram-memory","8":"product_tag-samsung","10":"first","11":"instock","12":"taxable","13":"shipping-taxable","14":"purchasable","15":"product-type-simple"},"_links":{"self":[{"href":"https:\/\/boreait.com\/de\/wp-json\/wp\/v2\/product\/14874","targetHints":{"allow":["GET"]}}],"collection":[{"href":"https:\/\/boreait.com\/de\/wp-json\/wp\/v2\/product"}],"about":[{"href":"https:\/\/boreait.com\/de\/wp-json\/wp\/v2\/types\/product"}],"wp:featuredmedia":[{"embeddable":true,"href":"https:\/\/boreait.com\/de\/wp-json\/wp\/v2\/media\/14934"}],"wp:attachment":[{"href":"https:\/\/boreait.com\/de\/wp-json\/wp\/v2\/media?parent=14874"}],"wp:term":[{"taxonomy":"product_brand","embeddable":true,"href":"https:\/\/boreait.com\/de\/wp-json\/wp\/v2\/product_brand?post=14874"},{"taxonomy":"product_cat","embeddable":true,"href":"https:\/\/boreait.com\/de\/wp-json\/wp\/v2\/product_cat?post=14874"},{"taxonomy":"product_tag","embeddable":true,"href":"https:\/\/boreait.com\/de\/wp-json\/wp\/v2\/product_tag?post=14874"}],"curies":[{"name":"wp","href":"https:\/\/api.w.org\/{rel}","templated":true}]}}