{"id":14858,"date":"2025-09-15T17:19:33","date_gmt":"2025-09-15T15:19:33","guid":{"rendered":"https:\/\/boreait.com\/de\/?post_type=product&#038;p=14858"},"modified":"2026-02-04T08:49:33","modified_gmt":"2026-02-04T07:49:33","slug":"fujitsu-lifebook-ah531-ah512-a531-bodenabdeckung-tuerverkleidung-teil-cp515947-01","status":"publish","type":"product","link":"https:\/\/boreait.com\/de\/produkt\/fujitsu-lifebook-ah531-ah512-a531-bodenabdeckung-tuerverkleidung-teil-cp515947-01\/","title":{"rendered":"Fujitsu LifeBook AH531 AH512 A531 Bodenabdeckung T\u00fcrverkleidung Teil CP515947-01"},"content":{"rendered":"<p>Verwandeln Sie Ihr Fujitsu LifeBook AH531 AH512 A531 mit dieser Original-Unterbodenabdeckung in ein elegantes und stylisches Kraftpaket. Das perfekt verarbeitete Ersatzteil 3FFH5BDJT00 CP515947-01 passt perfekt zu Ihrem Laptop und sorgt f\u00fcr ein makelloses Finish.<\/p>\n<p>Verabschieden Sie sich von alten, abgenutzten Abdeckungen und freuen Sie sich auf einen frischen Look, der Professionalit\u00e4t und Eleganz ausstrahlt. Diese Unterbodenabdeckung aus hochwertigen Materialien garantiert Langlebigkeit und Langlebigkeit \u2013 f\u00fcr den Schutz und die Sicherheit Ihres Laptops.<\/p>\n<p>Optimieren Sie die \u00c4sthetik und Funktionalit\u00e4t Ihres Laptops mit dieser Original-Unterbodenabdeckung von Fujitsu. Egal, ob Sie beruflich unterwegs sind oder ein technisch versierter Privatkunde \u2013 dieses Ersatzteil ist ein Muss f\u00fcr alle, die ihr Ger\u00e4t optimieren m\u00f6chten. Holen Sie sich noch heute Ihr Ersatzteil und erleben Sie den Unterschied!<\/p>\n","protected":false},"excerpt":{"rendered":"<p>R\u00fcsten Sie Ihr Fujitsu LifeBook AH531 AH512 A531 mit dieser Original-Basisabdeckung auf. Pr\u00e4zise gefertigt und perfekt designt, sorgt diese Abdeckung mit der Teilenummer 3FFH5BDJT00 CP515947-01 f\u00fcr eine nahtlose Passform und lange Haltbarkeit. Optimieren Sie die \u00c4sthetik und Funktionalit\u00e4t Ihres Laptops noch heute!<\/p>\n","protected":false},"featured_media":14919,"template":"","meta":[],"product_brand":[],"product_cat":[52],"product_tag":[64],"class_list":{"0":"post-14858","1":"product","2":"type-product","3":"status-publish","4":"has-post-thumbnail","6":"product_cat-laptop-housing","7":"product_tag-fujitsu","9":"first","10":"instock","11":"taxable","12":"shipping-taxable","13":"purchasable","14":"product-type-simple"},"_links":{"self":[{"href":"https:\/\/boreait.com\/de\/wp-json\/wp\/v2\/product\/14858","targetHints":{"allow":["GET"]}}],"collection":[{"href":"https:\/\/boreait.com\/de\/wp-json\/wp\/v2\/product"}],"about":[{"href":"https:\/\/boreait.com\/de\/wp-json\/wp\/v2\/types\/product"}],"wp:featuredmedia":[{"embeddable":true,"href":"https:\/\/boreait.com\/de\/wp-json\/wp\/v2\/media\/14919"}],"wp:attachment":[{"href":"https:\/\/boreait.com\/de\/wp-json\/wp\/v2\/media?parent=14858"}],"wp:term":[{"taxonomy":"product_brand","embeddable":true,"href":"https:\/\/boreait.com\/de\/wp-json\/wp\/v2\/product_brand?post=14858"},{"taxonomy":"product_cat","embeddable":true,"href":"https:\/\/boreait.com\/de\/wp-json\/wp\/v2\/product_cat?post=14858"},{"taxonomy":"product_tag","embeddable":true,"href":"https:\/\/boreait.com\/de\/wp-json\/wp\/v2\/product_tag?post=14858"}],"curies":[{"name":"wp","href":"https:\/\/api.w.org\/{rel}","templated":true}]}}