{"id":14563,"date":"2025-09-15T17:07:33","date_gmt":"2025-09-15T15:07:33","guid":{"rendered":"https:\/\/boreait.com\/de\/?post_type=product&#038;p=14563"},"modified":"2026-01-31T08:12:44","modified_gmt":"2026-01-31T07:12:44","slug":"ibm-lenovo-thinkpad-t400-r400-hdd-ssd-abdeckung-caddy-42x4858","status":"publish","type":"product","link":"https:\/\/boreait.com\/de\/produkt\/ibm-lenovo-thinkpad-t400-r400-hdd-ssd-abdeckung-caddy-42x4858\/","title":{"rendered":"IBM Lenovo ThinkPad T400 R400 HDD SSD Abdeckung Caddy 42X4858"},"content":{"rendered":"<p><strong>Produkt\u00fcbersicht<\/strong><\/p>\n<p>Erweitern oder ersetzen Sie die HDD-SSD-Abdeckung Ihres IBM Lenovo ThinkPad T400 oder R400 mit diesem hochwertigen Ersatzteil. Die HDD-SSD-Abdeckung (Artikelnummer: 42X4858) bietet ein sicheres Geh\u00e4use f\u00fcr Ihre Festplatte oder Ihr Solid-State-Laufwerk und gew\u00e4hrleistet Schutz und einfachen Zugriff f\u00fcr Speichererweiterungen.<\/p>\n<p><strong>Hauptmerkmale<\/strong><\/p>\n<ul>\n<li><strong>Modellkompatibilit\u00e4t<\/strong>: Speziell f\u00fcr die IBM Lenovo ThinkPad Modelle T400 und R400 entwickelt, garantiert es eine pr\u00e4zise Passform.<\/li>\n<li><strong>Teilenummer<\/strong>: 42X4858 garantiert Kompatibilit\u00e4t und erf\u00fcllt OEM-Standards f\u00fcr zuverl\u00e4ssige Leistung.<\/li>\n<li><strong>Langlebige Konstruktion<\/strong>: Hergestellt aus hochwertigen Materialien f\u00fcr Langlebigkeit und sicheren Speicher f\u00fcr Ihr Laufwerk.<\/li>\n<li><strong>Einfache Installation<\/strong>: Entwickelt f\u00fcr eine unkomplizierte Installation, minimiert Ausfallzeiten und gew\u00e4hrleistet problemlose Upgrades.<\/li>\n<\/ul>\n<p><strong>Warum sollten Sie sich f\u00fcr unseren HDD\/SSD-Caddy entscheiden?<\/strong><\/p>\n<ul>\n<li><strong>Perfekter Ersatz<\/strong>: Stellen Sie die Speicherfunktionalit\u00e4t Ihres IBM Lenovo ThinkPad T400 oder R400 mit dieser OEM-kompatiblen Abdeckung wieder her. Caddy.<\/li>\n<li><strong>Sicherer Speicher<\/strong>: Bietet ein sicheres Geh\u00e4use f\u00fcr Ihre Festplatte oder SSD und sch\u00fctzt sie vor Besch\u00e4digungen.<\/li>\n<li><strong>Kundensupport<\/strong>: Wir bieten umfassenden Support bei Installations- und Produktfragen.<\/li>\n<\/ul>\n<p><strong>Optimieren Sie Ihre Speicherl\u00f6sung<\/strong><\/p>\n<p> R\u00fcsten Sie Ihr IBM Lenovo ThinkPad T400 oder R400 mit unserem HDD-SSD-Caddy f\u00fcr sichere und praktische Speicherl\u00f6sungen auf. Bestellen Sie jetzt f\u00fcr schnellen Versand und sichern Sie sich zuverl\u00e4ssige Speicherkapazit\u00e4t f\u00fcr Ihr Notebook.<\/p>\n","protected":false},"excerpt":{"rendered":"<p>Ersetzen oder aktualisieren Sie den HDD-SSD-Caddy Ihres IBM Lenovo ThinkPad T400 oder R400 mit der Teilenummer 42X4858.<\/p>\n","protected":false},"featured_media":14623,"template":"","meta":[],"product_brand":[],"product_cat":[52],"product_tag":[62],"class_list":{"0":"post-14563","1":"product","2":"type-product","3":"status-publish","4":"has-post-thumbnail","6":"product_cat-laptop-housing","7":"product_tag-lenovo","9":"first","10":"instock","11":"taxable","12":"shipping-taxable","13":"purchasable","14":"product-type-simple"},"_links":{"self":[{"href":"https:\/\/boreait.com\/de\/wp-json\/wp\/v2\/product\/14563","targetHints":{"allow":["GET"]}}],"collection":[{"href":"https:\/\/boreait.com\/de\/wp-json\/wp\/v2\/product"}],"about":[{"href":"https:\/\/boreait.com\/de\/wp-json\/wp\/v2\/types\/product"}],"wp:featuredmedia":[{"embeddable":true,"href":"https:\/\/boreait.com\/de\/wp-json\/wp\/v2\/media\/14623"}],"wp:attachment":[{"href":"https:\/\/boreait.com\/de\/wp-json\/wp\/v2\/media?parent=14563"}],"wp:term":[{"taxonomy":"product_brand","embeddable":true,"href":"https:\/\/boreait.com\/de\/wp-json\/wp\/v2\/product_brand?post=14563"},{"taxonomy":"product_cat","embeddable":true,"href":"https:\/\/boreait.com\/de\/wp-json\/wp\/v2\/product_cat?post=14563"},{"taxonomy":"product_tag","embeddable":true,"href":"https:\/\/boreait.com\/de\/wp-json\/wp\/v2\/product_tag?post=14563"}],"curies":[{"name":"wp","href":"https:\/\/api.w.org\/{rel}","templated":true}]}}