{"id":14541,"date":"2025-09-15T17:06:40","date_gmt":"2025-09-15T15:06:40","guid":{"rendered":"https:\/\/boreait.com\/de\/?post_type=product&#038;p=14541"},"modified":"2026-01-31T08:11:37","modified_gmt":"2026-01-31T07:11:37","slug":"dvd-brennerlaufwerk-fuer-fujitsu-esprimo-x9510-v6555-v6535-v6545","status":"publish","type":"product","link":"https:\/\/boreait.com\/de\/produkt\/dvd-brennerlaufwerk-fuer-fujitsu-esprimo-x9510-v6555-v6535-v6545\/","title":{"rendered":"DVD-Brennerlaufwerk f\u00fcr Fujitsu Esprimo X9510 V6555 V6535 V6545"},"content":{"rendered":"<p><strong>Produkt\u00fcbersicht<\/strong><\/p>\n<p>Erweitern oder ersetzen Sie das DVD-Brennerlaufwerk Ihres Fujitsu Esprimo Mobile Laptops (kompatibel mit den Modellen X9510, V6555, V6535, V6545) mit diesem hochwertigen Ersatzteil. Mit diesem Laufwerk k\u00f6nnen Sie DVDs lesen und beschreiben und sind somit ideal f\u00fcr die Installation von Software, das Ansehen von Filmen oder die Datensicherung.<\/p>\n<p><strong>Hauptfunktionen<\/strong><\/p>\n<ul>\n<li><strong>Modellkompatibilit\u00e4t<\/strong>: Kompatibel mit den Fujitsu Esprimo Mobile-Modellen X9510, V6555, V6535 und V6545.<\/li>\n<li><strong>DVD-Brennfunktionen<\/strong>: Brennen Sie Daten, Videos und Musik auf DVDs f\u00fcr vielseitige Nutzung.<\/li>\n<li><strong>Plug-and-Play-Installation<\/strong>: Einfache Installation ohne zus\u00e4tzliche Software.<\/li>\n<li><strong>OEM-Standard<\/strong>: Erf\u00fcllt die Spezifikationen des Originalger\u00e4teherstellers.<\/li>\n<\/ul>\n<p><strong>Warum sollten Sie sich f\u00fcr unseren DVD-Brenner entscheiden?<\/strong><\/p>\n<ul>\n<li><strong>Erweiterte Funktionalit\u00e4t<\/strong>: Profitieren Sie von den DVD-Brennfunktionen f\u00fcr verschiedene Aufgaben, von der Datensicherung bis zur Multimedia-Erstellung.<\/li>\n<li><strong>Zuverl\u00e4ssige Leistung<\/strong>: Entwickelt F\u00fcr Langlebigkeit und zuverl\u00e4ssigen Betrieb.<\/li>\n<li><strong>Kundensupport<\/strong>: Wir unterst\u00fctzen Sie gerne bei Fragen zur Installation und bei Supportanfragen.<\/li>\n<\/ul>\n<p><strong>Erweitern Sie die Funktionen Ihres Laptops<\/strong><\/p>\n<p>Erweitern Sie Ihren Fujitsu Esprimo Mobile Laptop mit unserem DVD-Brenner f\u00fcr mehr Funktionalit\u00e4t und Vielseitigkeit. Bestellen Sie jetzt f\u00fcr schnellen Versand und reibungslose Installation.<\/p>\n","protected":false},"excerpt":{"rendered":"<p>Ersetzen Sie das DVD-Brennerlaufwerk Ihres Laptops durch dieses Teil f\u00fcr Fujitsu Esprimo Mobile-Laptops.<\/p>\n","protected":false},"featured_media":14600,"template":"","meta":[],"product_brand":[],"product_cat":[63],"product_tag":[64],"class_list":{"0":"post-14541","1":"product","2":"type-product","3":"status-publish","4":"has-post-thumbnail","6":"product_cat-motherboards-board-parts","7":"product_tag-fujitsu","9":"first","10":"instock","11":"taxable","12":"shipping-taxable","13":"purchasable","14":"product-type-simple"},"_links":{"self":[{"href":"https:\/\/boreait.com\/de\/wp-json\/wp\/v2\/product\/14541","targetHints":{"allow":["GET"]}}],"collection":[{"href":"https:\/\/boreait.com\/de\/wp-json\/wp\/v2\/product"}],"about":[{"href":"https:\/\/boreait.com\/de\/wp-json\/wp\/v2\/types\/product"}],"wp:featuredmedia":[{"embeddable":true,"href":"https:\/\/boreait.com\/de\/wp-json\/wp\/v2\/media\/14600"}],"wp:attachment":[{"href":"https:\/\/boreait.com\/de\/wp-json\/wp\/v2\/media?parent=14541"}],"wp:term":[{"taxonomy":"product_brand","embeddable":true,"href":"https:\/\/boreait.com\/de\/wp-json\/wp\/v2\/product_brand?post=14541"},{"taxonomy":"product_cat","embeddable":true,"href":"https:\/\/boreait.com\/de\/wp-json\/wp\/v2\/product_cat?post=14541"},{"taxonomy":"product_tag","embeddable":true,"href":"https:\/\/boreait.com\/de\/wp-json\/wp\/v2\/product_tag?post=14541"}],"curies":[{"name":"wp","href":"https:\/\/api.w.org\/{rel}","templated":true}]}}