{"id":14532,"date":"2025-09-15T17:06:15","date_gmt":"2025-09-15T15:06:15","guid":{"rendered":"https:\/\/boreait.com\/de\/?post_type=product&#038;p=14532"},"modified":"2026-01-31T07:46:40","modified_gmt":"2026-01-31T06:46:40","slug":"mic-mikrofonkabel-fuer-fujitsu-esprimo-v6535","status":"publish","type":"product","link":"https:\/\/boreait.com\/de\/produkt\/mic-mikrofonkabel-fuer-fujitsu-esprimo-v6535\/","title":{"rendered":"MIC Mikrofonkabel f\u00fcr Fujitsu Esprimo V6535"},"content":{"rendered":"<p><strong>Produkt\u00fcbersicht<\/strong><\/p>\n<p>Ersetzen Sie das Mikrofonkabel Ihres Fujitsu Esprimo Mobile V6535 durch dieses hochwertige Ersatzteil. Dieses Kabel gew\u00e4hrleistet eine zuverl\u00e4ssige Verbindung und Funktionalit\u00e4t des integrierten Mikrofons Ihres Laptops und erm\u00f6glicht Ihnen so eine klare Kommunikation bei Anrufen und Aufnahmen.<\/p>\n<p><strong>Hauptmerkmale<\/strong><\/p>\n<ul>\n<li><strong>Modellkompatibilit\u00e4t<\/strong>: Speziell f\u00fcr den Fujitsu Esprimo Mobile V6535 entwickelt.<\/li>\n<li><strong>Hochwertige Konstruktion<\/strong>: Gew\u00e4hrleistet Langlebigkeit und dauerhafte Leistung.<\/li>\n<li><strong>Direkter Ersatz<\/strong>: Die Teilenummer gew\u00e4hrleistet Kompatibilit\u00e4t f\u00fcr eine reibungslose Installation.<\/li>\n<li><strong>OEM-Standard<\/strong>: Erf\u00fcllt die Spezifikationen des Erstausr\u00fcsters.<\/li>\n<\/ul>\n<p><strong>Warum sollten Sie sich f\u00fcr unser Mikrofonkabel entscheiden?<\/strong><\/p>\n<ul>\n<li><strong>Funktionalit\u00e4t wiederherstellen<\/strong>: Ersetzen Sie Ihr altes oder defektes Mikrofonkabel, um einen klaren Audioeingang wiederherzustellen.<\/li>\n<li><strong>Einfache Installation<\/strong>: Entwickelt f\u00fcr eine unkomplizierte Installation und minimale Ausfallzeiten.<\/li>\n<li><strong>Kundensupport<\/strong>: Wir sind f\u00fcr Sie da Wir helfen Ihnen bei Installationsfragen und Supportanfragen.<\/li>\n<\/ul>\n<p><strong>Verbessern Sie Ihre Kommunikation<\/strong><\/p>\n<p>R\u00fcsten Sie Ihren Fujitsu Esprimo Mobile V6535 mit unserem MIC-Mikrofonkabel auf und verbessern Sie die Audioqualit\u00e4t. Bestellen Sie jetzt f\u00fcr schnellen Versand und zuverl\u00e4ssige Leistungssteigerung.<\/p>\n","protected":false},"excerpt":{"rendered":"<p>Ersetzen Sie Ihr MIC-Mikrofonkabel durch dieses Teil f\u00fcr Fujitsu Esprimo Mobile V6535.<\/p>\n","protected":false},"featured_media":14589,"template":"","meta":[],"product_brand":[],"product_cat":[56],"product_tag":[64],"class_list":{"0":"post-14532","1":"product","2":"type-product","3":"status-publish","4":"has-post-thumbnail","6":"product_cat-cables","7":"product_tag-fujitsu","9":"first","10":"instock","11":"taxable","12":"shipping-taxable","13":"purchasable","14":"product-type-simple"},"_links":{"self":[{"href":"https:\/\/boreait.com\/de\/wp-json\/wp\/v2\/product\/14532","targetHints":{"allow":["GET"]}}],"collection":[{"href":"https:\/\/boreait.com\/de\/wp-json\/wp\/v2\/product"}],"about":[{"href":"https:\/\/boreait.com\/de\/wp-json\/wp\/v2\/types\/product"}],"wp:featuredmedia":[{"embeddable":true,"href":"https:\/\/boreait.com\/de\/wp-json\/wp\/v2\/media\/14589"}],"wp:attachment":[{"href":"https:\/\/boreait.com\/de\/wp-json\/wp\/v2\/media?parent=14532"}],"wp:term":[{"taxonomy":"product_brand","embeddable":true,"href":"https:\/\/boreait.com\/de\/wp-json\/wp\/v2\/product_brand?post=14532"},{"taxonomy":"product_cat","embeddable":true,"href":"https:\/\/boreait.com\/de\/wp-json\/wp\/v2\/product_cat?post=14532"},{"taxonomy":"product_tag","embeddable":true,"href":"https:\/\/boreait.com\/de\/wp-json\/wp\/v2\/product_tag?post=14532"}],"curies":[{"name":"wp","href":"https:\/\/api.w.org\/{rel}","templated":true}]}}