{"id":14476,"date":"2025-09-15T17:03:47","date_gmt":"2025-09-15T15:03:47","guid":{"rendered":"https:\/\/boreait.com\/de\/?post_type=product&#038;p=14476"},"modified":"2025-09-16T12:57:03","modified_gmt":"2025-09-16T10:57:03","slug":"original-fujitsu-lifebook-ah531-a531-abdeckungsmatrix-cp515924-01-laptop-teile","status":"publish","type":"product","link":"https:\/\/boreait.com\/de\/produkt\/original-fujitsu-lifebook-ah531-a531-abdeckungsmatrix-cp515924-01-laptop-teile\/","title":{"rendered":"Original Fujitsu Lifebook AH531 A531 Abdeckungsmatrix CP515924-01 Laptop-Teile"},"content":{"rendered":"<p>Verbessern Sie die Leistung und das Erscheinungsbild Ihres Fujitsu Lifebook AH531 oder A531 mit der Original Fujitsu Lifebook AH531 A531 Cover Matrix CP515924-01. Diese Ersatz-Cover-Matrix erf\u00fcllt h\u00f6chste Qualit\u00e4ts- und Kompatibilit\u00e4tsstandards und passt perfekt zu Ihrem Laptop. Sie sorgt f\u00fcr eine nahtlose Integration und ein elegantes Design.<\/p>\n<p>Ob Ihr aktuelles Cover besch\u00e4digt ist oder Sie ein Upgrade w\u00fcnschen \u2013 dieses Original-Fujitsu-Teil bietet Ihnen die n\u00f6tige Haltbarkeit und Zuverl\u00e4ssigkeit. Die Cover-Matrix CP515924-01 besteht aus hochwertigen Materialien und ist langlebig. Sie sch\u00fctzt Ihr Laptop langfristig und erh\u00e4lt seinen makellosen Zustand.<\/p>\n<p>Die Installation ist unkompliziert und erm\u00f6glicht den einfachen Austausch Ihres alten Covers durch dieses Originalteil. Dank des pr\u00e4zisen Designs und der robusten Konstruktion k\u00f6nnen Sie darauf vertrauen, dass Ihr Fujitsu Lifebook AH531 oder A531 wie neu aussieht und funktioniert.<\/p>\n<p>Erleben Sie die Vorteile von Fujitsu-Originalteilen und halten Sie Ihr Notebook mit der Fujitsu Lifebook AH531 A531 Cover Matrix CP515924-01 in Topform. Bestellen Sie noch heute und verleihen Sie Ihrem Notebook das Qualit\u00e4ts-Upgrade, das es verdient.<\/p>\n","protected":false},"excerpt":{"rendered":"<p>Restaurieren Sie Ihr Fujitsu Lifebook AH531 oder A531 mit dieser Original-Abdeckungsmatrix CP515924-01. Dieses hochwertige Ersatzteil ist perfekt passend und nahtlos integriert und gew\u00e4hrleistet Langlebigkeit und Zuverl\u00e4ssigkeit f\u00fcr Ihr Notebook.<\/p>\n","protected":false},"featured_media":14538,"template":"","meta":[],"product_brand":[],"product_cat":[52],"product_tag":[],"class_list":{"0":"post-14476","1":"product","2":"type-product","3":"status-publish","4":"has-post-thumbnail","6":"product_cat-laptop-housing","8":"first","9":"instock","10":"taxable","11":"shipping-taxable","12":"purchasable","13":"product-type-simple"},"_links":{"self":[{"href":"https:\/\/boreait.com\/de\/wp-json\/wp\/v2\/product\/14476","targetHints":{"allow":["GET"]}}],"collection":[{"href":"https:\/\/boreait.com\/de\/wp-json\/wp\/v2\/product"}],"about":[{"href":"https:\/\/boreait.com\/de\/wp-json\/wp\/v2\/types\/product"}],"wp:featuredmedia":[{"embeddable":true,"href":"https:\/\/boreait.com\/de\/wp-json\/wp\/v2\/media\/14538"}],"wp:attachment":[{"href":"https:\/\/boreait.com\/de\/wp-json\/wp\/v2\/media?parent=14476"}],"wp:term":[{"taxonomy":"product_brand","embeddable":true,"href":"https:\/\/boreait.com\/de\/wp-json\/wp\/v2\/product_brand?post=14476"},{"taxonomy":"product_cat","embeddable":true,"href":"https:\/\/boreait.com\/de\/wp-json\/wp\/v2\/product_cat?post=14476"},{"taxonomy":"product_tag","embeddable":true,"href":"https:\/\/boreait.com\/de\/wp-json\/wp\/v2\/product_tag?post=14476"}],"curies":[{"name":"wp","href":"https:\/\/api.w.org\/{rel}","templated":true}]}}