{"id":14461,"date":"2025-09-15T17:03:20","date_gmt":"2025-09-15T15:03:20","guid":{"rendered":"https:\/\/boreait.com\/de\/?post_type=product&#038;p=14461"},"modified":"2025-09-16T12:57:02","modified_gmt":"2025-09-16T10:57:02","slug":"oem-hp-chromebook-14-g5-laptop-computer-scharnier-ersatzteil-original","status":"publish","type":"product","link":"https:\/\/boreait.com\/de\/produkt\/oem-hp-chromebook-14-g5-laptop-computer-scharnier-ersatzteil-original\/","title":{"rendered":"OEM HP Chromebook 14 G5 Laptop Computer Scharnier Ersatzteil Original"},"content":{"rendered":"<p>Verleihen Sie Ihrem HP Chromebook 14 G5 Laptop mit dem Original-Ersatzteil f\u00fcr das Scharnier Ihres HP Chromebook 14 G5 neuen Schwung. Dieses Original-Ersatzteil f\u00fcr das Scharnier wurde f\u00fcr pr\u00e4zise Kompatibilit\u00e4t und Langlebigkeit entwickelt und gew\u00e4hrleistet reibungslosen Betrieb und lang anhaltende Leistung.<\/p>\n<p>Dieses OEM-Ersatzteil f\u00fcr das Scharnier erf\u00fcllt h\u00f6chste Qualit\u00e4ts- und Zuverl\u00e4ssigkeitsstandards und stellt die urspr\u00fcngliche Funktionalit\u00e4t Ihres HP Chromebook 14 G5 wieder her. Egal, ob Sie ein defektes Scharnier haben oder einfach nur ein Upgrade ben\u00f6tigen \u2013 dieses Original-Ersatzteil bietet die perfekte L\u00f6sung f\u00fcr Ihre Laptop-Reparatur.<\/p>\n<p>Dieses Original-Ersatzteil f\u00fcr das Scharnier Ihres Laptops ist einfach zu installieren und langlebig und garantiert eine problemlose Reparatur. Dank seiner robusten Konstruktion und zuverl\u00e4ssigen Leistung k\u00f6nnen Sie darauf vertrauen, dass Ihr HP Chromebook 14 G5 im Handumdrehen wieder einsatzbereit ist.<\/p>\n<p>Erleben Sie den Unterschied, den HP Originalteile ausmachen, und sorgen Sie mit dem Original-Ersatzteil f\u00fcr das Scharnier Ihres HP Chromebook 14 G5 Laptops daf\u00fcr, dass Ihr Laptop weiterhin optimale Leistung bringt. Bestellen Sie noch heute und stellen Sie die Funktionalit\u00e4t Ihres Laptops sicher wieder her.<\/p>\n","protected":false},"excerpt":{"rendered":"<p>Stellen Sie die Funktionalit\u00e4t Ihres HP Chromebook 14 G5 mit diesem Original-Laptop-Scharnierersatzteil wieder her. Dieses OEM-Scharnier ist einfach zu installieren und gew\u00e4hrleistet Langlebigkeit und Zuverl\u00e4ssigkeit. Damit ist es die perfekte L\u00f6sung f\u00fcr Ihre Laptop-Reparatur.<\/p>\n","protected":false},"featured_media":14523,"template":"","meta":[],"product_brand":[],"product_cat":[55],"product_tag":[61],"class_list":{"0":"post-14461","1":"product","2":"type-product","3":"status-publish","4":"has-post-thumbnail","6":"product_cat-screen-hinge","7":"product_tag-hp","9":"first","10":"instock","11":"taxable","12":"shipping-taxable","13":"purchasable","14":"product-type-simple"},"_links":{"self":[{"href":"https:\/\/boreait.com\/de\/wp-json\/wp\/v2\/product\/14461","targetHints":{"allow":["GET"]}}],"collection":[{"href":"https:\/\/boreait.com\/de\/wp-json\/wp\/v2\/product"}],"about":[{"href":"https:\/\/boreait.com\/de\/wp-json\/wp\/v2\/types\/product"}],"wp:featuredmedia":[{"embeddable":true,"href":"https:\/\/boreait.com\/de\/wp-json\/wp\/v2\/media\/14523"}],"wp:attachment":[{"href":"https:\/\/boreait.com\/de\/wp-json\/wp\/v2\/media?parent=14461"}],"wp:term":[{"taxonomy":"product_brand","embeddable":true,"href":"https:\/\/boreait.com\/de\/wp-json\/wp\/v2\/product_brand?post=14461"},{"taxonomy":"product_cat","embeddable":true,"href":"https:\/\/boreait.com\/de\/wp-json\/wp\/v2\/product_cat?post=14461"},{"taxonomy":"product_tag","embeddable":true,"href":"https:\/\/boreait.com\/de\/wp-json\/wp\/v2\/product_tag?post=14461"}],"curies":[{"name":"wp","href":"https:\/\/api.w.org\/{rel}","templated":true}]}}