{"id":14459,"date":"2025-09-15T17:03:19","date_gmt":"2025-09-15T15:03:19","guid":{"rendered":"https:\/\/boreait.com\/de\/?post_type=product&#038;p=14459"},"modified":"2026-01-31T07:04:36","modified_gmt":"2026-01-31T06:04:36","slug":"hp-chromebook-11-g8-ee-wlan-wireless-modul-ersatz-original-laptop-teile","status":"publish","type":"product","link":"https:\/\/boreait.com\/de\/produkt\/hp-chromebook-11-g8-ee-wlan-wireless-modul-ersatz-original-laptop-teile\/","title":{"rendered":"HP Chromebook 11 G8 EE WLAN Wireless-Modul Ersatz Original Laptop-Teile"},"content":{"rendered":"<p>Verleihen Sie Ihrem HP Chromebook 11 G8 EE mit dem Original HP Chromebook 11 G8 EE WLAN-Modul Ersatz neuen Schwung. Dieses WLAN-Modul wurde f\u00fcr Kompatibilit\u00e4t und Zuverl\u00e4ssigkeit entwickelt und integriert sich nahtlos in Ihr Ger\u00e4t, um die optimale WLAN-Konnektivit\u00e4t wiederherzustellen.<\/p>\n<p>Dieses WLAN-Modul in Original HP Qualit\u00e4t ist die perfekte L\u00f6sung f\u00fcr Verbindungsprobleme oder ein Upgrade Ihres Ger\u00e4ts. Egal, ob Sie WLAN-Probleme haben oder die Leistung Ihres Laptops verbessern m\u00f6chten \u2013 dieses Original-Ersatzteil erf\u00fcllt h\u00f6chste Qualit\u00e4ts- und Kompatibilit\u00e4tsstandards.<\/p>\n<p>Die Installation ist kinderleicht: Ersetzen Sie Ihr vorhandenes WLAN-Modul m\u00fchelos und genie\u00dfen Sie wieder nahtlose WLAN-Konnektivit\u00e4t. Dank der robusten Konstruktion und der zuverl\u00e4ssigen Leistung k\u00f6nnen Sie darauf vertrauen, dass Ihr HP Chromebook 11 G8 EE wieder reibungslos l\u00e4uft.<\/p>\n<p>Erleben Sie den Unterschied, den HP Originalteile ausmachen, und stellen Sie mit dem Original HP Chromebook 11 G8 EE WLAN-Modul Ersatz sicher, dass Ihr Laptop weiterhin Ihren Anforderungen entspricht. Bestellen Sie jetzt und stellen Sie die WLAN-Funktionalit\u00e4t Ihres Ger\u00e4ts sicher wieder her.<\/p>\n","protected":false},"excerpt":{"rendered":"<p>Stellen Sie die drahtlose Verbindung Ihres HP Chromebook 11 G8 EE mit diesem originalen WLAN-Modulersatz wieder her. Dieses hochwertige Ersatzteil ist f\u00fcr eine nahtlose Integration und einfache Installation konzipiert und gew\u00e4hrleistet zuverl\u00e4ssige Leistung. Damit ist es die ideale L\u00f6sung f\u00fcr Ihre Laptop-Reparatur.<\/p>\n","protected":false},"featured_media":14514,"template":"","meta":[],"product_brand":[],"product_cat":[63],"product_tag":[61],"class_list":{"0":"post-14459","1":"product","2":"type-product","3":"status-publish","4":"has-post-thumbnail","6":"product_cat-motherboards-board-parts","7":"product_tag-hp","9":"first","10":"instock","11":"taxable","12":"shipping-taxable","13":"purchasable","14":"product-type-simple"},"_links":{"self":[{"href":"https:\/\/boreait.com\/de\/wp-json\/wp\/v2\/product\/14459","targetHints":{"allow":["GET"]}}],"collection":[{"href":"https:\/\/boreait.com\/de\/wp-json\/wp\/v2\/product"}],"about":[{"href":"https:\/\/boreait.com\/de\/wp-json\/wp\/v2\/types\/product"}],"wp:featuredmedia":[{"embeddable":true,"href":"https:\/\/boreait.com\/de\/wp-json\/wp\/v2\/media\/14514"}],"wp:attachment":[{"href":"https:\/\/boreait.com\/de\/wp-json\/wp\/v2\/media?parent=14459"}],"wp:term":[{"taxonomy":"product_brand","embeddable":true,"href":"https:\/\/boreait.com\/de\/wp-json\/wp\/v2\/product_brand?post=14459"},{"taxonomy":"product_cat","embeddable":true,"href":"https:\/\/boreait.com\/de\/wp-json\/wp\/v2\/product_cat?post=14459"},{"taxonomy":"product_tag","embeddable":true,"href":"https:\/\/boreait.com\/de\/wp-json\/wp\/v2\/product_tag?post=14459"}],"curies":[{"name":"wp","href":"https:\/\/api.w.org\/{rel}","templated":true}]}}