{"id":14433,"date":"2025-09-15T17:01:44","date_gmt":"2025-09-15T15:01:44","guid":{"rendered":"https:\/\/boreait.com\/de\/?post_type=product&#038;p=14433"},"modified":"2026-01-31T07:03:34","modified_gmt":"2026-01-31T06:03:34","slug":"original-hp-chromebook-11a-g8-ee-l98587-001-sps-batterie-schutzhalterung-originalteil","status":"publish","type":"product","link":"https:\/\/boreait.com\/de\/produkt\/original-hp-chromebook-11a-g8-ee-l98587-001-sps-batterie-schutzhalterung-originalteil\/","title":{"rendered":"Original HP Chromebook 11A G8 EE L98587-001 SPS-BATTERIE-SCHUTZHALTERUNG Originalteil"},"content":{"rendered":"<p>Sch\u00fctzen und verl\u00e4ngern Sie die Lebensdauer Ihres HP Chromebook 11A G8 EE mit der Original HP Chromebook 11A G8 EE L98587-001 SPS-BATTERIESCHUTZHALTERUNG. Dieses Originalteil wurde nach OEM-Standards gefertigt und bietet den wichtigsten Schutz f\u00fcr den Akku Ihres Ger\u00e4ts, sch\u00fctzt ihn vor Besch\u00e4digungen und sorgt f\u00fcr zuverl\u00e4ssige Leistung.<\/p>\n<p>Diese auf Langlebigkeit und Kompatibilit\u00e4t ausgelegte Akkuschutzhalterung ist die perfekte L\u00f6sung f\u00fcr die Integrit\u00e4t Ihres HP Chromebook 11A G8 EE. Egal, ob Sie eine besch\u00e4digte Halterung ersetzen oder einfach f\u00fcr optimalen Schutz aufr\u00fcsten m\u00f6chten \u2013 dieses Originalteil bietet Ihnen Sicherheit und Zuverl\u00e4ssigkeit.<\/p>\n<p>Diese einfach zu installierende und langlebige Akkuschutzhalterung sorgt daf\u00fcr, dass Ihr HP Chromebook 11A G8 EE in Topform bleibt und f\u00fcr alle Ihre Computeranforderungen ger\u00fcstet ist. Vertrauen Sie auf die Qualit\u00e4t und Zuverl\u00e4ssigkeit von Originalteilen von HP und sch\u00fctzen Sie Ihre Investition mit der Original HP Chromebook 11A G8 EE L98587-001 SPS-BATTERY PROTECTION BRACKET.<\/p>\n","protected":false},"excerpt":{"rendered":"<p>Sorgen Sie mit dieser originalen Akkuschutzhalterung f\u00fcr die Sicherheit und Langlebigkeit Ihres HP Chromebook 11A G8 EE. Dieses Originalteil wurde nach genauen Spezifikationen gefertigt und bietet wichtigen Schutz f\u00fcr den Akku Ihres Ger\u00e4ts und sorgt so f\u00fcr Sicherheit und Zuverl\u00e4ssigkeit.<\/p>\n","protected":false},"featured_media":14493,"template":"","meta":[],"product_brand":[],"product_cat":[52],"product_tag":[61],"class_list":{"0":"post-14433","1":"product","2":"type-product","3":"status-publish","4":"has-post-thumbnail","6":"product_cat-laptop-housing","7":"product_tag-hp","9":"first","10":"instock","11":"taxable","12":"shipping-taxable","13":"purchasable","14":"product-type-simple"},"_links":{"self":[{"href":"https:\/\/boreait.com\/de\/wp-json\/wp\/v2\/product\/14433","targetHints":{"allow":["GET"]}}],"collection":[{"href":"https:\/\/boreait.com\/de\/wp-json\/wp\/v2\/product"}],"about":[{"href":"https:\/\/boreait.com\/de\/wp-json\/wp\/v2\/types\/product"}],"wp:featuredmedia":[{"embeddable":true,"href":"https:\/\/boreait.com\/de\/wp-json\/wp\/v2\/media\/14493"}],"wp:attachment":[{"href":"https:\/\/boreait.com\/de\/wp-json\/wp\/v2\/media?parent=14433"}],"wp:term":[{"taxonomy":"product_brand","embeddable":true,"href":"https:\/\/boreait.com\/de\/wp-json\/wp\/v2\/product_brand?post=14433"},{"taxonomy":"product_cat","embeddable":true,"href":"https:\/\/boreait.com\/de\/wp-json\/wp\/v2\/product_cat?post=14433"},{"taxonomy":"product_tag","embeddable":true,"href":"https:\/\/boreait.com\/de\/wp-json\/wp\/v2\/product_tag?post=14433"}],"curies":[{"name":"wp","href":"https:\/\/api.w.org\/{rel}","templated":true}]}}