{"id":14418,"date":"2025-09-15T17:01:15","date_gmt":"2025-09-15T15:01:15","guid":{"rendered":"https:\/\/boreait.com\/de\/?post_type=product&#038;p=14418"},"modified":"2026-01-30T08:30:41","modified_gmt":"2026-01-30T07:30:41","slug":"original-ersatzteil-fuer-die-festplattenanschlussplatine-fuer-ibm-lenovo-thinkpad-t430s-t420s","status":"publish","type":"product","link":"https:\/\/boreait.com\/de\/produkt\/original-ersatzteil-fuer-die-festplattenanschlussplatine-fuer-ibm-lenovo-thinkpad-t430s-t420s\/","title":{"rendered":"Original-Ersatzteil f\u00fcr die Festplattenanschlussplatine f\u00fcr IBM Lenovo ThinkPad T430S T420S"},"content":{"rendered":"<p>R\u00fcsten Sie Ihr IBM Lenovo ThinkPad T430S oder T420S Notebook mit der Original IBM Lenovo ThinkPad T430S T420S Laptop-Festplattenanschlussplatine auf. Dieses pr\u00e4zise gefertigte und auf Kompatibilit\u00e4t ausgelegte Original-Ersatzteil l\u00e4sst sich nahtlos in Ihr Ger\u00e4t integrieren und gew\u00e4hrleistet zuverl\u00e4ssige Leistung und Konnektivit\u00e4t.<\/p>\n<p>Wenn Sie Probleme mit Ihrer aktuellen Festplattenanschlussplatine haben oder ein Upgrade w\u00fcnschen, ist dieses Original-Ersatzteil die perfekte L\u00f6sung. Diese Platine erf\u00fcllt h\u00f6chste Qualit\u00e4ts- und Kompatibilit\u00e4tsstandards und gew\u00e4hrleistet optimale Konnektivit\u00e4t und Funktionalit\u00e4t f\u00fcr Ihr Notebook.<\/p>\n<p>Dank der einfachen Installation k\u00f6nnen Sie Ihre vorhandene Festplattenanschlussplatine schnell austauschen und die Leistung Ihres Notebooks wiederherstellen. Dank der Original IBM Lenovo Qualit\u00e4t k\u00f6nnen Sie sich darauf verlassen, dass dieses Ersatzteil langlebig und zuverl\u00e4ssig ist.<\/p>\n<p>Lassen Sie nicht zu, dass eine defekte Festplattenanschlussplatine die Leistung Ihres Notebooks beeintr\u00e4chtigt. R\u00fcsten Sie auf die Original IBM Lenovo ThinkPad T430S T420S Laptop-Festplattenanschlussplatine auf und erleben Sie nahtlose Konnektivit\u00e4t und Funktionalit\u00e4t. Bestellen Sie Ihr Ger\u00e4t noch heute und genie\u00dfen Sie die Gewissheit, dass Ihr Laptop mit Original-Ersatzteilen ausgestattet ist.<\/p>\n","protected":false},"excerpt":{"rendered":"<p>Ersetzen Sie die Festplattenanschlussplatine Ihres IBM Lenovo ThinkPad T430S oder T420S Laptops durch dieses Original-Ersatzteil. Diese Platine ist f\u00fcr eine einfache Installation und nahtlose Kompatibilit\u00e4t konzipiert und gew\u00e4hrleistet optimale Konnektivit\u00e4t und Funktionalit\u00e4t f\u00fcr Ihr Ger\u00e4t.<\/p>\n","protected":false},"featured_media":14470,"template":"","meta":[],"product_brand":[],"product_cat":[63],"product_tag":[62],"class_list":{"0":"post-14418","1":"product","2":"type-product","3":"status-publish","4":"has-post-thumbnail","6":"product_cat-motherboards-board-parts","7":"product_tag-lenovo","9":"first","10":"instock","11":"taxable","12":"shipping-taxable","13":"purchasable","14":"product-type-simple"},"_links":{"self":[{"href":"https:\/\/boreait.com\/de\/wp-json\/wp\/v2\/product\/14418","targetHints":{"allow":["GET"]}}],"collection":[{"href":"https:\/\/boreait.com\/de\/wp-json\/wp\/v2\/product"}],"about":[{"href":"https:\/\/boreait.com\/de\/wp-json\/wp\/v2\/types\/product"}],"wp:featuredmedia":[{"embeddable":true,"href":"https:\/\/boreait.com\/de\/wp-json\/wp\/v2\/media\/14470"}],"wp:attachment":[{"href":"https:\/\/boreait.com\/de\/wp-json\/wp\/v2\/media?parent=14418"}],"wp:term":[{"taxonomy":"product_brand","embeddable":true,"href":"https:\/\/boreait.com\/de\/wp-json\/wp\/v2\/product_brand?post=14418"},{"taxonomy":"product_cat","embeddable":true,"href":"https:\/\/boreait.com\/de\/wp-json\/wp\/v2\/product_cat?post=14418"},{"taxonomy":"product_tag","embeddable":true,"href":"https:\/\/boreait.com\/de\/wp-json\/wp\/v2\/product_tag?post=14418"}],"curies":[{"name":"wp","href":"https:\/\/api.w.org\/{rel}","templated":true}]}}