{"id":14410,"date":"2025-09-15T17:00:48","date_gmt":"2025-09-15T15:00:48","guid":{"rendered":"https:\/\/boreait.com\/de\/?post_type=product&#038;p=14410"},"modified":"2025-09-16T12:56:57","modified_gmt":"2025-09-16T10:56:57","slug":"original-lenovo-thinkpad-t430s-bluetooth-wireless-switch-board-04w1700-laptop-teile","status":"publish","type":"product","link":"https:\/\/boreait.com\/de\/produkt\/original-lenovo-thinkpad-t430s-bluetooth-wireless-switch-board-04w1700-laptop-teile\/","title":{"rendered":"Original Lenovo ThinkPad T430s Bluetooth Wireless Switch Board 04W1700 Laptop-Teile"},"content":{"rendered":"<p>Verbessern Sie die Konnektivit\u00e4t Ihres Lenovo ThinkPad T430s Laptops mit der Original Lenovo ThinkPad T430s Bluetooth Wireless Switch Board 04W1700. Dieses hochwertige Ersatzteil wurde speziell f\u00fcr das ThinkPad T430s entwickelt und gew\u00e4hrleistet nahtlose Integration und zuverl\u00e4ssige Leistung.<\/p>\n<p>Ob Sie Probleme mit Ihrer aktuellen Wireless Switch Board haben oder einfach nur ein Ersatzteil ben\u00f6tigen, dieses Original Lenovo Ersatzteil garantiert Kompatibilit\u00e4t und optimale Funktionalit\u00e4t. Mit der Bluetooth Wireless Switch Board 04W1700 k\u00f6nnen Sie die Bluetooth- und Wireless-Funktionen Ihres Laptops wiederherstellen und m\u00fchelos eine Verbindung zu verschiedenen Ger\u00e4ten herstellen.<\/p>\n<p>Diese Switch Board wurde nach den strengen Lenovo-Standards gefertigt und bietet Langlebigkeit und Robustheit. Sie ist einfach zu installieren und somit eine problemlose L\u00f6sung f\u00fcr Ihre Laptop-Reparatur. Mit diesem Originalteil k\u00f6nnen Sie sicher sein, dass Ihr Lenovo ThinkPad T430s seine Wireless-Funktionalit\u00e4t schnell und effizient wiederherstellt.<\/p>\n<p>Die Fotos in der Auflistung zeigen die Originalteile, die Sie erhalten, damit Sie genau wissen, was Sie erwartet. Sollten Sie weitere Hilfe ben\u00f6tigen, schreiben Sie uns gerne.<\/p>\n<p>Bestellen Sie noch heute die Original Lenovo ThinkPad T430s Bluetooth Wireless Switch Board 04W1700 und stellen Sie die drahtlose Verbindung Ihres Laptops einfach und zuverl\u00e4ssig wieder her.<\/p>\n","protected":false},"excerpt":{"rendered":"<p>Sorgen Sie f\u00fcr nahtlose Konnektivit\u00e4t mit diesem originalen Lenovo ThinkPad T430s Bluetooth Wireless Switch Board 04W1700. Einfach zu installieren und langlebig \u2013 die perfekte L\u00f6sung zur Wiederherstellung der Wireless-Funktionalit\u00e4t Ihres Laptops.<\/p>\n","protected":false},"featured_media":14466,"template":"","meta":[],"product_brand":[],"product_cat":[63],"product_tag":[62],"class_list":{"0":"post-14410","1":"product","2":"type-product","3":"status-publish","4":"has-post-thumbnail","6":"product_cat-motherboards-board-parts","7":"product_tag-lenovo","9":"first","10":"instock","11":"taxable","12":"shipping-taxable","13":"purchasable","14":"product-type-simple"},"_links":{"self":[{"href":"https:\/\/boreait.com\/de\/wp-json\/wp\/v2\/product\/14410","targetHints":{"allow":["GET"]}}],"collection":[{"href":"https:\/\/boreait.com\/de\/wp-json\/wp\/v2\/product"}],"about":[{"href":"https:\/\/boreait.com\/de\/wp-json\/wp\/v2\/types\/product"}],"wp:featuredmedia":[{"embeddable":true,"href":"https:\/\/boreait.com\/de\/wp-json\/wp\/v2\/media\/14466"}],"wp:attachment":[{"href":"https:\/\/boreait.com\/de\/wp-json\/wp\/v2\/media?parent=14410"}],"wp:term":[{"taxonomy":"product_brand","embeddable":true,"href":"https:\/\/boreait.com\/de\/wp-json\/wp\/v2\/product_brand?post=14410"},{"taxonomy":"product_cat","embeddable":true,"href":"https:\/\/boreait.com\/de\/wp-json\/wp\/v2\/product_cat?post=14410"},{"taxonomy":"product_tag","embeddable":true,"href":"https:\/\/boreait.com\/de\/wp-json\/wp\/v2\/product_tag?post=14410"}],"curies":[{"name":"wp","href":"https:\/\/api.w.org\/{rel}","templated":true}]}}