{"id":14404,"date":"2025-09-15T17:00:20","date_gmt":"2025-09-15T15:00:20","guid":{"rendered":"https:\/\/boreait.com\/de\/?post_type=product&#038;p=14404"},"modified":"2025-09-16T12:56:57","modified_gmt":"2025-09-16T10:56:57","slug":"lcd-bildschirmscharniere-bildschirmwelle-fuer-lenovo-thinkpad-ibm-t420s-t420si-t430si-t430s-laptop-teile","status":"publish","type":"product","link":"https:\/\/boreait.com\/de\/produkt\/lcd-bildschirmscharniere-bildschirmwelle-fuer-lenovo-thinkpad-ibm-t420s-t420si-t430si-t430s-laptop-teile\/","title":{"rendered":"LCD-Bildschirmscharniere Bildschirmwelle f\u00fcr Lenovo ThinkPad IBM T420S T420SI T430SI T430S Laptop-Teile"},"content":{"rendered":"<p>Sorgen Sie mit unseren hochwertigen LCD-Bildschirmscharnieren und der Bildschirmwelle f\u00fcr Langlebigkeit und reibungslosen Betrieb Ihres Lenovo ThinkPad IBM T420S, T420SI, T430SI oder T430S. Diese speziell f\u00fcr diese Modelle entwickelten Ersatzteile bieten nahtlose Passform und zuverl\u00e4ssige Leistung.<\/p>\n<p>Ob die Bildschirmscharniere Ihres Laptops abgenutzt oder besch\u00e4digt sind \u2013 unsere Original-Ersatzteile stellen die Funktionalit\u00e4t Ihres Laptops wieder her und erhalten seine strukturelle Integrit\u00e4t. Die Scharniere und die Welle bestehen aus langlebigen Materialien und sind f\u00fcr den t\u00e4glichen Gebrauch ausgelegt. So l\u00e4sst sich Ihr Bildschirm reibungslos \u00f6ffnen und schlie\u00dfen.<\/p>\n<p>Hauptmerkmale:<\/p>\n<p>\u2013 Kompatibel mit Lenovo ThinkPad IBM T420S, T420SI, T430SI und T430S<\/p>\n<p>\u2013 Robuste Konstruktion f\u00fcr dauerhafte Leistung<\/p>\n<p>\u2013 Einfach zu installieren und problemlos zu reparieren<\/p>\n<p>\u2013 Sorgt f\u00fcr einen reibungslosen und stabilen Bildschirmbetrieb<\/p>\n<p>Bei Siggmo legen wir Wert auf Qualit\u00e4t und Kundenzufriedenheit. Jedes Scharnier- und Wellenset wird sorgf\u00e4ltig gepr\u00fcft, um unseren strengen Standards zu entsprechen. So erhalten Sie ein Produkt, dem Sie vertrauen k\u00f6nnen. Sollten Sie weitere Unterst\u00fctzung ben\u00f6tigen, schreiben Sie uns gerne \u2013 unser engagiertes Support-Team hilft Ihnen gerne weiter.<\/p>\n<p>R\u00fcsten Sie Ihren Laptop mit unseren LCD-Bildschirmscharnieren und Bildschirmwellen f\u00fcr Lenovo ThinkPad IBM T420S, T420SI, T430SI und T430S auf. Bestellen Sie jetzt und erleben Sie den Qualit\u00e4ts- und Leistungsunterschied, den Original-Laptopteile bieten.<\/p>\n","protected":false},"excerpt":{"rendered":"<p>Stellen Sie die Funktionalit\u00e4t Ihres Lenovo ThinkPad T420S, T420SI, T430SI oder T430S mit diesen robusten LCD-Bildschirmscharnieren und der Bildschirmwelle wieder her. Diese passgenauen Ersatzteile gew\u00e4hrleisten einen reibungslosen Betrieb und eine lang anhaltende Leistung.<\/p>\n","protected":false},"featured_media":14464,"template":"","meta":[],"product_brand":[],"product_cat":[55],"product_tag":[62],"class_list":{"0":"post-14404","1":"product","2":"type-product","3":"status-publish","4":"has-post-thumbnail","6":"product_cat-screen-hinge","7":"product_tag-lenovo","9":"first","10":"instock","11":"taxable","12":"shipping-taxable","13":"purchasable","14":"product-type-simple"},"_links":{"self":[{"href":"https:\/\/boreait.com\/de\/wp-json\/wp\/v2\/product\/14404","targetHints":{"allow":["GET"]}}],"collection":[{"href":"https:\/\/boreait.com\/de\/wp-json\/wp\/v2\/product"}],"about":[{"href":"https:\/\/boreait.com\/de\/wp-json\/wp\/v2\/types\/product"}],"wp:featuredmedia":[{"embeddable":true,"href":"https:\/\/boreait.com\/de\/wp-json\/wp\/v2\/media\/14464"}],"wp:attachment":[{"href":"https:\/\/boreait.com\/de\/wp-json\/wp\/v2\/media?parent=14404"}],"wp:term":[{"taxonomy":"product_brand","embeddable":true,"href":"https:\/\/boreait.com\/de\/wp-json\/wp\/v2\/product_brand?post=14404"},{"taxonomy":"product_cat","embeddable":true,"href":"https:\/\/boreait.com\/de\/wp-json\/wp\/v2\/product_cat?post=14404"},{"taxonomy":"product_tag","embeddable":true,"href":"https:\/\/boreait.com\/de\/wp-json\/wp\/v2\/product_tag?post=14404"}],"curies":[{"name":"wp","href":"https:\/\/api.w.org\/{rel}","templated":true}]}}