{"id":14371,"date":"2025-09-15T16:59:24","date_gmt":"2025-09-15T14:59:24","guid":{"rendered":"https:\/\/boreait.com\/de\/?post_type=product&#038;p=14371"},"modified":"2026-01-30T08:18:07","modified_gmt":"2026-01-30T07:18:07","slug":"fujitsu-lifebook-ah552-laptop-ram-4gb-2rx8-pc3-12800s-11-11-f3-speichermodul","status":"publish","type":"product","link":"https:\/\/boreait.com\/de\/produkt\/fujitsu-lifebook-ah552-laptop-ram-4gb-2rx8-pc3-12800s-11-11-f3-speichermodul\/","title":{"rendered":"Fujitsu LifeBook AH552 Laptop RAM 4GB 2Rx8 PC3-12800S-11-11-F3 Speichermodul"},"content":{"rendered":"<p>Steigern Sie die Leistung und Multitasking-F\u00e4higkeiten Ihres Fujitsu LifeBook AH552 Laptops mit dem Fujitsu LifeBook AH552 Laptop RAM 4GB 2Rx8 PC3-12800S-11-11-F3 Speichermodul. Dieses hochwertige RAM-Modul bietet verbesserte Geschwindigkeit und Reaktionsf\u00e4higkeit, sodass Sie mehrere Anwendungen reibungslos und effizient ausf\u00fchren k\u00f6nnen.<\/p>\n<p>Mit einer Kapazit\u00e4t von 4 GB und einer Speichergeschwindigkeit von PC3-12800S-11-11-F3 bietet dieses RAM-Modul ausreichend Speicherplatz f\u00fcr Ihre Daten und Anwendungen und sorgt gleichzeitig f\u00fcr schnelle und zuverl\u00e4ssige Leistung. Ob beim Surfen im Internet, Streamen von HD-Videos oder bei anspruchsvollen Aufgaben \u2013 dieses Speichermodul liefert Ihnen die n\u00f6tige Leistung f\u00fcr produktives Arbeiten.<\/p>\n<p>Das einfach zu installierende und langlebige Fujitsu LifeBook AH552 RAM-Modul ist das perfekte Upgrade f\u00fcr Ihren Laptop. Stecken Sie das Modul einfach in den Arbeitsspeichersteckplatz Ihres Laptops und erleben Sie einen sofortigen Leistungsschub. Dank der zuverl\u00e4ssigen Konstruktion und der Kompatibilit\u00e4t mit Ihrem Fujitsu LifeBook AH552 k\u00f6nnen Sie sich darauf verlassen, dass dieses Speichermodul jahrelang konstante und zuverl\u00e4ssige Leistung liefert.<\/p>\n<p>R\u00fcsten Sie Ihr Fujitsu LifeBook AH552-Notebook noch heute mit dem Fujitsu LifeBook AH552 Laptop RAM 4 GB 2Rx8 PC3-12800S-11-11-F3-Speichermodul auf und sch\u00f6pfen Sie sein volles Potenzial aus. Bestellen Sie jetzt und steigern Sie die Leistung und Produktivit\u00e4t Ihres Laptops.<\/p>\n","protected":false},"excerpt":{"rendered":"<p>Steigern Sie die Leistung Ihres Fujitsu LifeBook AH552 Laptops mit diesem 4GB RAM-Modul. Dieses Speichermodul wurde f\u00fcr nahtlose Kompatibilit\u00e4t und zuverl\u00e4ssige Leistung entwickelt und ist eine einfache und kosteng\u00fcnstige M\u00f6glichkeit, die Geschwindigkeit und Multitasking-F\u00e4higkeiten Ihres Laptops zu verbessern.<\/p>\n","protected":false},"featured_media":14428,"template":"","meta":[],"product_brand":[],"product_cat":[73,72],"product_tag":[84],"class_list":{"0":"post-14371","1":"product","2":"type-product","3":"status-publish","4":"has-post-thumbnail","6":"product_cat-ddr3-ddr3l","7":"product_cat-ram-memory","8":"product_tag-samsung","10":"first","11":"instock","12":"taxable","13":"shipping-taxable","14":"purchasable","15":"product-type-simple"},"_links":{"self":[{"href":"https:\/\/boreait.com\/de\/wp-json\/wp\/v2\/product\/14371","targetHints":{"allow":["GET"]}}],"collection":[{"href":"https:\/\/boreait.com\/de\/wp-json\/wp\/v2\/product"}],"about":[{"href":"https:\/\/boreait.com\/de\/wp-json\/wp\/v2\/types\/product"}],"wp:featuredmedia":[{"embeddable":true,"href":"https:\/\/boreait.com\/de\/wp-json\/wp\/v2\/media\/14428"}],"wp:attachment":[{"href":"https:\/\/boreait.com\/de\/wp-json\/wp\/v2\/media?parent=14371"}],"wp:term":[{"taxonomy":"product_brand","embeddable":true,"href":"https:\/\/boreait.com\/de\/wp-json\/wp\/v2\/product_brand?post=14371"},{"taxonomy":"product_cat","embeddable":true,"href":"https:\/\/boreait.com\/de\/wp-json\/wp\/v2\/product_cat?post=14371"},{"taxonomy":"product_tag","embeddable":true,"href":"https:\/\/boreait.com\/de\/wp-json\/wp\/v2\/product_tag?post=14371"}],"curies":[{"name":"wp","href":"https:\/\/api.w.org\/{rel}","templated":true}]}}