{"id":14333,"date":"2025-09-15T16:58:30","date_gmt":"2025-09-15T14:58:30","guid":{"rendered":"https:\/\/boreait.com\/de\/?post_type=product&#038;p=14333"},"modified":"2025-09-16T12:56:51","modified_gmt":"2025-09-16T10:56:51","slug":"original-fujitsu-lifebook-ah552sl-notebook-motherboard-cp589397-01-laptop-teile","status":"publish","type":"product","link":"https:\/\/boreait.com\/de\/produkt\/original-fujitsu-lifebook-ah552sl-notebook-motherboard-cp589397-01-laptop-teile\/","title":{"rendered":"Original Fujitsu Lifebook AH552SL Notebook-Motherboard CP589397-01 Laptop-Teile"},"content":{"rendered":"<p>Verbessern Sie die Leistung Ihres Fujitsu Lifebook AH552\/SL Notebooks mit dem Original Fujitsu Lifebook AH552\/SL Notebook-Motherboard CP589397-01. Dieses Motherboard wurde mit Fokus auf Pr\u00e4zision und Zuverl\u00e4ssigkeit gefertigt und integriert sich nahtlos in Ihr Ger\u00e4t. Es gew\u00e4hrleistet optimale Funktionalit\u00e4t und Langlebigkeit.<\/p>\n<p>Mit original Fujitsu-Qualit\u00e4t ist dieses Motherboard die ideale L\u00f6sung, um die Leistung Ihres Laptops wiederherzustellen. Egal, ob Sie Probleme mit Ihrem aktuellen Motherboard haben oder einfach ein Upgrade ben\u00f6tigen \u2013 dieses Original-Ersatzteil erf\u00fcllt h\u00f6chste Qualit\u00e4ts- und Kompatibilit\u00e4tsstandards.<\/p>\n<p>Der Einbau dieses Motherboards ist unkompliziert und bietet eine problemlose L\u00f6sung f\u00fcr Ihre Laptop-Reparatur. Dank seiner robusten Konstruktion und zuverl\u00e4ssigen Leistung k\u00f6nnen Sie darauf vertrauen, dass Ihr Fujitsu Lifebook AH552\/SL Notebook sein volles Potenzial aussch\u00f6pft.<\/p>\n<p>Erleben Sie den Unterschied, den Originalteile von Fujitsu ausmachen, und sorgen Sie mit dem Original Fujitsu Lifebook AH552\/SL Notebook-Motherboard CP589397-01 daf\u00fcr, dass Ihr Laptop auch weiterhin hervorragende Leistung bringt. Bestellen Sie jetzt und sorgen Sie f\u00fcr eine neue Leistung Ihres Laptops.<\/p>\n","protected":false},"excerpt":{"rendered":"<p>Verleihen Sie Ihrem Fujitsu Lifebook AH552\/SL Notebook mit diesem Original-Motherboard neuen Schwung. Dieses hochwertige Ersatzteil wurde f\u00fcr nahtlose Kompatibilit\u00e4t und erstklassige Leistung entwickelt und sorgt daf\u00fcr, dass Ihr Laptop jahrelang reibungslos l\u00e4uft.<\/p>\n","protected":false},"featured_media":14399,"template":"","meta":[],"product_brand":[],"product_cat":[63],"product_tag":[64],"class_list":{"0":"post-14333","1":"product","2":"type-product","3":"status-publish","4":"has-post-thumbnail","6":"product_cat-motherboards-board-parts","7":"product_tag-fujitsu","9":"first","10":"instock","11":"taxable","12":"shipping-taxable","13":"purchasable","14":"product-type-simple"},"_links":{"self":[{"href":"https:\/\/boreait.com\/de\/wp-json\/wp\/v2\/product\/14333","targetHints":{"allow":["GET"]}}],"collection":[{"href":"https:\/\/boreait.com\/de\/wp-json\/wp\/v2\/product"}],"about":[{"href":"https:\/\/boreait.com\/de\/wp-json\/wp\/v2\/types\/product"}],"wp:featuredmedia":[{"embeddable":true,"href":"https:\/\/boreait.com\/de\/wp-json\/wp\/v2\/media\/14399"}],"wp:attachment":[{"href":"https:\/\/boreait.com\/de\/wp-json\/wp\/v2\/media?parent=14333"}],"wp:term":[{"taxonomy":"product_brand","embeddable":true,"href":"https:\/\/boreait.com\/de\/wp-json\/wp\/v2\/product_brand?post=14333"},{"taxonomy":"product_cat","embeddable":true,"href":"https:\/\/boreait.com\/de\/wp-json\/wp\/v2\/product_cat?post=14333"},{"taxonomy":"product_tag","embeddable":true,"href":"https:\/\/boreait.com\/de\/wp-json\/wp\/v2\/product_tag?post=14333"}],"curies":[{"name":"wp","href":"https:\/\/api.w.org\/{rel}","templated":true}]}}