{"id":14331,"date":"2025-09-15T16:58:30","date_gmt":"2025-09-15T14:58:30","guid":{"rendered":"https:\/\/boreait.com\/de\/?post_type=product&#038;p=14331"},"modified":"2025-09-16T12:56:51","modified_gmt":"2025-09-16T10:56:51","slug":"black-spot-original-fujitsu-lifebook-s936-laptop-bildschirm-b156xtn032-ersatz-lcd-panel-matt","status":"publish","type":"product","link":"https:\/\/boreait.com\/de\/produkt\/black-spot-original-fujitsu-lifebook-s936-laptop-bildschirm-b156xtn032-ersatz-lcd-panel-matt\/","title":{"rendered":"BLACK SPOT Original Fujitsu LifeBook S936 Laptop-Bildschirm b156xtn032 Ersatz-LCD-Panel matt"},"content":{"rendered":"<p>SCHWARZER FLECK<\/p>\n<p>Verbessern Sie die visuelle Leistung Ihres Fujitsu LifeBook S936 Laptops mit dem matten Original-LCD-Ersatzpanel f\u00fcr Ihr Fujitsu LifeBook S936 Laptop. Dieses Original-Ersatzteil wurde nach h\u00f6chsten Qualit\u00e4ts- und Pr\u00e4zisionsstandards gefertigt und integriert sich nahtlos in Ihr Ger\u00e4t. Es bietet perfekte Passform und optimale Funktionalit\u00e4t.<\/p>\n<p>\u2013 **HD-Aufl\u00f6sung:** Genie\u00dfen Sie atemberaubende Klarheit mit einer Aufl\u00f6sung von 1366 x 768 Pixeln \u2013 jedes Detail ist gestochen scharf.<\/p>\n<p>\u2013 **40-poliger EDP-Anschluss:** Gew\u00e4hrleistet nahtlose Kompatibilit\u00e4t mit Ihrem HP 11 G8 EE Chromebook Laptop.<\/p>\n<p>Mit seiner matten Oberfl\u00e4che liefert dieses Ersatz-LCD-Panel lebendige Farben und gestochen scharfe Details f\u00fcr ein beeindruckendes Seherlebnis bei der Arbeit oder in der Freizeit. Egal, ob Sie einen besch\u00e4digten Bildschirm ersetzen oder auf eine h\u00f6here Aufl\u00f6sung umsteigen m\u00f6chten \u2013 dieses Original-Display erf\u00fcllt Ihre Anforderungen.<\/p>\n<p>Dieser Original-Bildschirmersatz von Fujitsu ist einfach zu installieren und langlebig. Er bietet eine unkomplizierte L\u00f6sung f\u00fcr Ihre Laptop-Reparatur. Stellen Sie die klare Darstellung Ihres Fujitsu LifeBook S936 wieder her und genie\u00dfen Sie wieder gestochen scharfe Bilder.<\/p>\n<p>Erleben Sie den Unterschied, den Originalteile von Fujitsu ausmachen, und sorgen Sie mit dem matten Original-LCD-Bildschirmersatz f\u00fcr Ihr Fujitsu LifeBook S936 daf\u00fcr, dass Ihr Laptop auch weiterhin optimale Leistung bringt. Bestellen Sie noch heute und verleihen Sie Ihrem Laptop-Display einen neuen Look.<\/p>\n","protected":false},"excerpt":{"rendered":"<p>Stellen Sie die visuelle Klarheit Ihres Fujitsu LifeBook S936-Laptops mit diesem Original-Ersatzdisplay wieder her. Mit seiner matten Oberfl\u00e4che sorgt dieses hochwertige LCD-Panel f\u00fcr lebendige Farben und scharfe Details f\u00fcr ein verbessertes Seherlebnis.<\/p>\n","protected":false},"featured_media":14385,"template":"","meta":[],"product_brand":[],"product_cat":[58,57],"product_tag":[64],"class_list":{"0":"post-14331","1":"product","2":"type-product","3":"status-publish","4":"has-post-thumbnail","6":"product_cat-15-6","7":"product_cat-laptop-screens-lcd-panels","8":"product_tag-fujitsu","10":"first","11":"instock","12":"taxable","13":"shipping-taxable","14":"purchasable","15":"product-type-simple"},"_links":{"self":[{"href":"https:\/\/boreait.com\/de\/wp-json\/wp\/v2\/product\/14331","targetHints":{"allow":["GET"]}}],"collection":[{"href":"https:\/\/boreait.com\/de\/wp-json\/wp\/v2\/product"}],"about":[{"href":"https:\/\/boreait.com\/de\/wp-json\/wp\/v2\/types\/product"}],"wp:featuredmedia":[{"embeddable":true,"href":"https:\/\/boreait.com\/de\/wp-json\/wp\/v2\/media\/14385"}],"wp:attachment":[{"href":"https:\/\/boreait.com\/de\/wp-json\/wp\/v2\/media?parent=14331"}],"wp:term":[{"taxonomy":"product_brand","embeddable":true,"href":"https:\/\/boreait.com\/de\/wp-json\/wp\/v2\/product_brand?post=14331"},{"taxonomy":"product_cat","embeddable":true,"href":"https:\/\/boreait.com\/de\/wp-json\/wp\/v2\/product_cat?post=14331"},{"taxonomy":"product_tag","embeddable":true,"href":"https:\/\/boreait.com\/de\/wp-json\/wp\/v2\/product_tag?post=14331"}],"curies":[{"name":"wp","href":"https:\/\/api.w.org\/{rel}","templated":true}]}}