{"id":14327,"date":"2025-09-15T16:58:29","date_gmt":"2025-09-15T14:58:29","guid":{"rendered":"https:\/\/boreait.com\/de\/?post_type=product&#038;p=14327"},"modified":"2026-01-30T08:17:18","modified_gmt":"2026-01-30T07:17:18","slug":"original-fujitsu-lifebook-s936-laptop-dc-stromanschlussbuchse-und-kabel-gebraucht-2","status":"publish","type":"product","link":"https:\/\/boreait.com\/de\/produkt\/original-fujitsu-lifebook-s936-laptop-dc-stromanschlussbuchse-und-kabel-gebraucht-2\/","title":{"rendered":"Original Fujitsu LifeBook S936 Laptop DC-Stromanschlussbuchse und Kabel &#8211; Gebraucht"},"content":{"rendered":"<p>Bringen Sie die Stromversorgung Ihres Fujitsu LifeBook S936 Laptops mit der Original Fujitsu LifeBook S936 Laptop-DC-Stromanschlussbuchse und dem dazugeh\u00f6rigen Kabel wieder in Schwung. Dieses unverzichtbare Ersatzteil stellt die zuverl\u00e4ssige Stromversorgung wieder her und gew\u00e4hrleistet einen reibungslosen Betrieb Ihres Ger\u00e4ts.<\/p>\n<p>Diese gebrauchte, aber voll funktionsf\u00e4hige DC-Stromanschlussbuchse und das dazugeh\u00f6rige Kabel sind in Original-Fujitsu-Qualit\u00e4t gefertigt und bieten eine kosteng\u00fcnstige L\u00f6sung f\u00fcr Ihre Laptop-Reparatur. Egal, ob Sie Probleme mit Ihrer aktuellen Stromanschlussbuchse haben oder einfach ein Upgrade w\u00fcnschen \u2013 dieses Original-Ersatzteil bietet Ihnen die Kompatibilit\u00e4t und Leistung, auf die Sie sich verlassen k\u00f6nnen.<\/p>\n<p>Diese einfach zu installierende und langlebige DC-Stromanschlussbuchse und das dazugeh\u00f6rige Kabel sorgen f\u00fcr eine konstante Stromversorgung Ihres Fujitsu LifeBook S936 Laptops. Dank der zuverl\u00e4ssigen Leistung ist Ihr Laptop im Handumdrehen wieder einsatzbereit.<\/p>\n<p>Erleben Sie den Unterschied, den Originalteile von Fujitsu ausmachen, und sorgen Sie mit dem Original Fujitsu LifeBook S936 Laptop-DC-Stromanschluss und -Kabel daf\u00fcr, dass Ihr Laptop weiterhin optimale Leistung bringt. Bestellen Sie noch heute und sorgen Sie daf\u00fcr, dass Ihr Ger\u00e4t zuverl\u00e4ssig mit Strom versorgt wird.<\/p>\n","protected":false},"excerpt":{"rendered":"<p>Stellen Sie die Stromversorgung Ihres Fujitsu LifeBook S936 Laptops mit dieser originalen DC-Strombuchse und dem dazugeh\u00f6rigen Kabel wieder her. Dieses gebrauchte, aber voll funktionsf\u00e4hige Ersatzteil gew\u00e4hrleistet zuverl\u00e4ssige Konnektivit\u00e4t und Stromversorgung und bietet eine kosteng\u00fcnstige L\u00f6sung f\u00fcr Ihre Laptop-Reparatur.<\/p>\n","protected":false},"featured_media":14380,"template":"","meta":[],"product_brand":[],"product_cat":[63],"product_tag":[64],"class_list":{"0":"post-14327","1":"product","2":"type-product","3":"status-publish","4":"has-post-thumbnail","6":"product_cat-motherboards-board-parts","7":"product_tag-fujitsu","9":"first","10":"instock","11":"taxable","12":"shipping-taxable","13":"purchasable","14":"product-type-simple"},"_links":{"self":[{"href":"https:\/\/boreait.com\/de\/wp-json\/wp\/v2\/product\/14327","targetHints":{"allow":["GET"]}}],"collection":[{"href":"https:\/\/boreait.com\/de\/wp-json\/wp\/v2\/product"}],"about":[{"href":"https:\/\/boreait.com\/de\/wp-json\/wp\/v2\/types\/product"}],"wp:featuredmedia":[{"embeddable":true,"href":"https:\/\/boreait.com\/de\/wp-json\/wp\/v2\/media\/14380"}],"wp:attachment":[{"href":"https:\/\/boreait.com\/de\/wp-json\/wp\/v2\/media?parent=14327"}],"wp:term":[{"taxonomy":"product_brand","embeddable":true,"href":"https:\/\/boreait.com\/de\/wp-json\/wp\/v2\/product_brand?post=14327"},{"taxonomy":"product_cat","embeddable":true,"href":"https:\/\/boreait.com\/de\/wp-json\/wp\/v2\/product_cat?post=14327"},{"taxonomy":"product_tag","embeddable":true,"href":"https:\/\/boreait.com\/de\/wp-json\/wp\/v2\/product_tag?post=14327"}],"curies":[{"name":"wp","href":"https:\/\/api.w.org\/{rel}","templated":true}]}}